{"id":9422,"date":"2017-08-26T11:49:02","date_gmt":"2017-08-26T14:49:02","guid":{"rendered":"https:\/\/alphamodasocial.com.br\/shop\/?post_type=product&#038;p=9422"},"modified":"2025-06-22T11:32:25","modified_gmt":"2025-06-22T14:32:25","slug":"bermuda-social-feminina-branca","status":"publish","type":"product","link":"https:\/\/alphamodasocial.com.br\/shop\/produto\/bermuda-social-feminina-branca\/","title":{"rendered":"Bermuda Social Feminina Branca &#8211; 20 P\u00c7S"},"content":{"rendered":"<p><strong>Bermuda Social Feminina Branca kit- 20 p\u00e7s<\/strong><\/p>\n<p><b><strong>Composi\u00e7\u00e3o:<\/strong><\/b>\u00a095% poli\u00e9ster 5% elastano<br \/>\n<b><strong>Tecido:<\/strong><\/b>\u00a0Two Way<br \/>\n<b><strong>Barra<\/strong><\/b>\u00a0italiana<br \/>\n<b><strong>Bolso<\/strong><\/b>\u00a0frontal e traseiro<br \/>\nTecido Resistente, toque de seda, tecido nobre, n\u00e3o amassa, \u00f3timo caimento e muito confort\u00e1vel.<br \/>\n<b><strong>C\u00f3s<\/strong><\/b>\u00a0Largo<br \/>\n<b><strong>Fechamento<\/strong><\/b>\u00a0com Z\u00edper e Bot\u00e3o<br \/>\n<b><strong>Tamanhos<\/strong><\/b> 34 ao 48<\/p>\n<p><strong>TEMPO DE PROCESSAMENTO DE ENTREGA 25 a 35 DIAS \u00daTEIS (RECEBIMENTO DO PAGAMENTO, SEPARA\u00c7\u00c3O, CONFER\u00caNCIA, EMBALAGEM E ENVIO) MAIS O PRAZO ESTIPULADO PELOS CORREIOS.<\/strong><br \/>\n<strong>O PRAZO COME\u00c7AR\u00c1 A CONTAR A PARTIR DA APROVA\u00c7\u00c3O DO PEDIDO COM TAMANHOS, COR, MODELO E SIMULA\u00c7\u00c3O J\u00c1 DEFINIDOS.<\/strong><\/p>\n<p>Pe\u00e7a um or\u00e7amento agora e transforme o uniforme da sua empresa em um marketing poderoso!<\/p>\n<p><a href=\"https:\/\/wa.me\/551531911606?text=Ol\u00e1,%20vim%20do%20site%20Unialpha%20Uniformes\" target=\"_blank\" rel=\"noopener\"><img decoding=\"async\" loading=\"lazy\" class=\"wp-image-31717\" src=\"https:\/\/unialphauniformes.com.br\/wp-content\/uploads\/2023\/09\/download.png\" alt=\"contato unialpha uniformes profissionais\" width=\"128\" height=\"49\" \/><\/a><\/p>\n<p><a href=\"https:\/\/alphamodasocial.com.br\/shop\/contato\/\">Para maiores quantidades, solicite or\u00e7amento atrav\u00e9s dos nossos contatos, clique aqui<\/a><\/p>\n<p><img decoding=\"async\" loading=\"lazy\" class=\"alignnone\" title=\"bermuda social feminina branca\" src=\"http:\/\/alphasorocabauniformes.com.br\/wp-content\/uploads\/2015\/07\/Bermuda.jpg\" alt=\"Bermuda social feminina\" width=\"838\" height=\"88\" \/><\/p>\n<p><b><strong>Como medir a cintura natural<\/strong><\/b><br \/>\nD\u00ea a volta com ajuda de uma fita m\u00e9trica, um pouco folgada, na sua cintura natural (aquela parte mais fina do seu t\u00f3rax, localizada logo abaixo da sua costela).<br \/>\n<b><strong>Como medir o quadril<\/strong><\/b><br \/>\nPara medir o quadril d\u00ea a volta, com ajuda de uma fita m\u00e9trica um pouco folgada, na parte larga do seu corpo, da cintura para baixo.<\/p>\n<p>A bermuda social feminina \u00e9 uma pe\u00e7a fundamental para ser usada nos per\u00edodos de calor e muito f\u00e1cil de combinar com qualquer outro modelo de roupa. Todas as mulheres tem pelo menos uma bermuda social no arm\u00e1rio que usa nas mais diversas ocasi\u00f5es. \u00c9 essa facilidade faz com que ela seja uma das pe\u00e7as mais queridas do mundo do vestu\u00e1rio feminino.<br \/>\nPara as mulheres que trabalham em ambientes formais podem apostar na bermuda social que n\u00e3o perder\u00e3o a eleg\u00e2ncia e n\u00e3o correm o risco de errar na combina\u00e7\u00e3o do visual. Lembrando que a bermuda social deve ser usada sempre em ocasi\u00f5es formais como no emprego ou reuni\u00f5es, portanto, o restante das pe\u00e7as que ir\u00e3o compor o visual tamb\u00e9m precisam ser s\u00f3brias e formais. Evite usar camisetas, ou pe\u00e7as que n\u00e3o tenham nada a ver com esse modelo de roupa. Aposte em camisas sociais ou blusas com tecidos mais nobres como o chiffon, tricoline com elastano,visco lycra, terninhos,\u00a0 por exemplo. Nos p\u00e9s tamb\u00e9m deve prevalecer os tons s\u00f3brios, d\u00ea prefer\u00eancia aos sapatos de salto alto, d\u00e1 uma ar mais de eleg\u00e2ncia e modernidade.<\/p>\n<p>Usam-se mais como uniformes profissionais ou fardamentos, as cores mais usadas s\u00e3o: bermuda social feminina preta, bermuda social feminina azul marinho, bermuda social feminina cinza e bermuda social feminina branca .<\/p>\n","protected":false},"excerpt":{"rendered":"<p>&nbsp;<\/p>\n<p><strong><img decoding=\"async\" loading=\"lazy\" class=\"wp-image-28455 alignleft\" src=\"https:\/\/unialphauniformes.com.br\/wp-content\/uploads\/2022\/06\/c585d7e96a7eaf3f1ecd1297d4593ce9.jpg\" alt=\"\" width=\"93\" height=\"93\" \/><\/strong><\/p>\n<p><strong>FAZEMOS SEU UNIFORME NA COR QUE VOC\u00ca IMAGINAR<\/strong><\/p>\n<p>&nbsp;<\/p>\n<p><strong>Compre agora e nos envie as informa\u00e7\u00f5es abaixo nesse whatsapp<a href=\"https:\/\/wa.me\/551531911606?text=Ol\u00e1,%20vim%20do%20site%20alpha%20Uniformes\" target=\"_blank\" rel=\"noopener\"><img decoding=\"async\" loading=\"lazy\" class=\"alignnone wp-image-28466\" src=\"https:\/\/unialphauniformes.com.br\/wp-content\/uploads\/2022\/06\/ec17f4c55c8cc534d8b12ea2181a0b73.jpg\" alt=\"\" width=\"17\" height=\"17\" \/><\/a> <\/strong><br \/>\n&#8211; O logo da sua empresa<br \/>\n&#8211; Combina\u00e7\u00e3o de cores que deseja conforme cat\u00e1logos em anexo<br \/>\n&#8211; Quantidades de pe\u00e7as por tamanho e sexo<\/p>\n","protected":false},"featured_media":9549,"template":"","meta":{"_monsterinsights_skip_tracking":false,"_monsterinsights_sitenote_active":false,"_monsterinsights_sitenote_note":"","_monsterinsights_sitenote_category":0},"product_cat":[208],"product_tag":[246],"_links":{"self":[{"href":"https:\/\/alphamodasocial.com.br\/shop\/wp-json\/wp\/v2\/product\/9422"}],"collection":[{"href":"https:\/\/alphamodasocial.com.br\/shop\/wp-json\/wp\/v2\/product"}],"about":[{"href":"https:\/\/alphamodasocial.com.br\/shop\/wp-json\/wp\/v2\/types\/product"}],"wp:featuredmedia":[{"embeddable":true,"href":"https:\/\/alphamodasocial.com.br\/shop\/wp-json\/wp\/v2\/media\/9549"}],"wp:attachment":[{"href":"https:\/\/alphamodasocial.com.br\/shop\/wp-json\/wp\/v2\/media?parent=9422"}],"wp:term":[{"taxonomy":"product_cat","embeddable":true,"href":"https:\/\/alphamodasocial.com.br\/shop\/wp-json\/wp\/v2\/product_cat?post=9422"},{"taxonomy":"product_tag","embeddable":true,"href":"https:\/\/alphamodasocial.com.br\/shop\/wp-json\/wp\/v2\/product_tag?post=9422"}],"curies":[{"name":"wp","href":"https:\/\/api.w.org\/{rel}","templated":true}]}}