{"id":20748,"date":"2025-01-31T14:11:20","date_gmt":"2025-01-31T17:11:20","guid":{"rendered":"https:\/\/alphamodasocial.com.br\/shop\/?post_type=product&#038;p=20748"},"modified":"2025-06-13T15:12:18","modified_gmt":"2025-06-13T18:12:18","slug":"camiseta-euajudeiojoel-vamos-ajudar-o-joel-a-comprar-a-sua-casa-adaptada","status":"publish","type":"product","link":"https:\/\/alphamodasocial.com.br\/shop\/produto\/camiseta-euajudeiojoel-vamos-ajudar-o-joel-a-comprar-a-sua-casa-adaptada\/","title":{"rendered":"Camiseta #EuAjudeioJoel &#8211; vamos ajudar o Joel a comprar a sua casa adaptada ?"},"content":{"rendered":"<p>Vista Solidariedade: <strong>Apoie o Joel com Estilo<\/strong>!<br \/>\nTransforme Vidas com Suas Compras<br \/>\nPor que essa camiseta \u00e9 importante?<\/p>\n<p>Video do movimento: <a href=\"https:\/\/www.youtube.com\/watch?v=M6voyk7RSdY\" target=\"_blank\" rel=\"noopener\">https:\/\/www.youtube.com\/watch?v=M6voyk7RSdY<\/a><\/p>\n<p>Joel, um homem incrivelmente esperto e prestativo, teve que enfrentar a dif\u00edcil situa\u00e7\u00e3o de amputar as pernas. Agora, ele precisa de uma casa adaptada para viver com independ\u00eancia e dignidade.<\/p>\n<p>Cada camiseta vendida traz Joel um passo mais perto de alcan\u00e7ar essa meta, ajudando a financiar as adapta\u00e7\u00f5es necess\u00e1rias para que ele possa entrar, sair, tomar banho, e comer de forma independente em seu pr\u00f3prio lar.<\/p>\n<p>Como Voc\u00ea Pode Fazer a Diferen\u00e7a?<\/p>\n<p>Vestindo nossas camisetas de apoio, voc\u00ea n\u00e3o s\u00f3 atualiza seu guarda-roupa com pe\u00e7as modernas e confort\u00e1veis, mas tamb\u00e9m contribui diretamente para uma causa que realmente importa. &#8220;Como posso ajudar Joel e ainda ficar na moda?&#8221; A resposta est\u00e1 aqui, em cada detalhe dessa camiseta solid\u00e1ria.<\/p>\n<p><strong>Compre Agora e Fa\u00e7a Parte da Mudan\u00e7a!<\/strong><br \/>\nA\u00e7\u00e3o: Ao adquirir sua camiseta, voc\u00ea est\u00e1 fazendo uma escolha consciente e generosa.<\/p>\n<p>E ainda voc\u00ea pode fazer mais, dar essa camiseta de presenta para outra pessoas e\u00a0compartilhar esse an\u00fancio<\/p>\n<p>E quer saber mais, voc\u00ea anunciar essa camiseta a ainda ganhar comiss\u00e3o sobre cada venda, \u00e9 isso mesmo<\/p>\n<p>\u00c9 s\u00f3 voc\u00ea entrar em contato conosco pelo nosso whats para criarmos um link com um c\u00f3digo aonde saberemos quando as vendas vierem do seu link.<\/p>\n<p><strong>Que incr\u00edvel isso n\u00e9?<\/strong><\/p>\n","protected":false},"excerpt":{"rendered":"<p><strong>Vista Solidariedade: Ajude o Joel com Estilo!<\/strong><\/p>\n<p>Caso n\u00e3o consigo pagar com o Cart\u00e3o no envie um whats <a href=\"https:\/\/api.whatsapp.com\/send?phone=5515988190210\">15 988190210<\/a><\/p>\n<p>&nbsp;<\/p>\n<p>&nbsp;<\/p>\n<p>Cada camiseta vendida \u00e9 um passo para a independ\u00eancia do Joel!\u00a0 Adquira a sua agora, contribua para a adapta\u00e7\u00e3o da casa dele e ainda fique na moda.<\/p>\n<p>Pe\u00e7a j\u00e1 a sua e fa\u00e7a a diferen\u00e7a!<\/p>\n","protected":false},"featured_media":20758,"template":"","meta":{"_monsterinsights_skip_tracking":false,"_monsterinsights_sitenote_active":false,"_monsterinsights_sitenote_note":"","_monsterinsights_sitenote_category":0},"product_cat":[1924],"product_tag":[2678,2680,2691,2675,2672,2685,2684,2676,2686,2687,2677,2673,2682,2683,2679,2689,2690,2681,2688,2674],"_links":{"self":[{"href":"https:\/\/alphamodasocial.com.br\/shop\/wp-json\/wp\/v2\/product\/20748"}],"collection":[{"href":"https:\/\/alphamodasocial.com.br\/shop\/wp-json\/wp\/v2\/product"}],"about":[{"href":"https:\/\/alphamodasocial.com.br\/shop\/wp-json\/wp\/v2\/types\/product"}],"wp:featuredmedia":[{"embeddable":true,"href":"https:\/\/alphamodasocial.com.br\/shop\/wp-json\/wp\/v2\/media\/20758"}],"wp:attachment":[{"href":"https:\/\/alphamodasocial.com.br\/shop\/wp-json\/wp\/v2\/media?parent=20748"}],"wp:term":[{"taxonomy":"product_cat","embeddable":true,"href":"https:\/\/alphamodasocial.com.br\/shop\/wp-json\/wp\/v2\/product_cat?post=20748"},{"taxonomy":"product_tag","embeddable":true,"href":"https:\/\/alphamodasocial.com.br\/shop\/wp-json\/wp\/v2\/product_tag?post=20748"}],"curies":[{"name":"wp","href":"https:\/\/api.w.org\/{rel}","templated":true}]}}