{"id":20726,"date":"2025-01-08T16:58:34","date_gmt":"2025-01-08T19:58:34","guid":{"rendered":"https:\/\/alphamodasocial.com.br\/shop\/?post_type=product&#038;p=20726"},"modified":"2025-06-19T09:29:38","modified_gmt":"2025-06-19T12:29:38","slug":"camiseta-violeta-personalizada-franquia-qoculos-minimo-10-pcs","status":"publish","type":"product","link":"https:\/\/alphamodasocial.com.br\/shop\/produto\/camiseta-violeta-personalizada-franquia-qoculos-minimo-10-pcs\/","title":{"rendered":"Camiseta Violeta Personalizada &#8211; Franquia Q\u00d3culos &#8211; m\u00ednimo 10 p\u00e7s"},"content":{"rendered":"<p>A <strong>camiseta violeta Q\u00d3culos<\/strong> \u00e9 a pe\u00e7a perfeita para uniformizar sua equipe com estilo, conforto e identidade profissional. Desenvolvida exclusivamente para a franquia Q\u00d3culos, ela apresenta um design moderno com estampa personalizada na frente e nas costas, garantindo alta visibilidade da marca e um visual profissional.<\/p>\n<p>Confeccionada com malha fria PV (67% poli\u00e9ster e 33% viscose), este tecido de alta qualidade possui a tecnologia antipilling, que evita a forma\u00e7\u00e3o de bolinhas, garantindo maior durabilidade e excelente acabamento.<\/p>\n<p><strong data-start=\"189\" data-end=\"240\">TEMPO DE PROCESSAMENTO DE ENTREGA 20 \u00e0 30 DIAS \u00daTEIS (RECEBIMENTO DO PAGAMENTO, SEPARA\u00c7\u00c3O, CONFER\u00caNCIA, EMBALAGEM E ENVIO) MAIS O PRAZO ESTIPULADO PELOS CORREIOS.<\/strong><\/p>\n<p><strong>Especifica\u00e7\u00f5es do Produto<\/strong><br \/>\nMaterial: Malha fria PV \u2013 67% poli\u00e9ster e 33% viscose<br \/>\nTecnologia Antipilling: Anti bolinhas para maior durabilidade<br \/>\nGola Redonda Careca: Confort\u00e1vel e vers\u00e1til<br \/>\nManga Curta: Ideal para dias quentes e ambientes corporativos<br \/>\nTamanhos: Dispon\u00edvel nos tamanhos PP ao EXG e tamb\u00e9m em tamanhos infantis<\/p>\n<p><strong>Design Personalizado<\/strong><br \/>\nParte Frontal: Estampa com o nome da franquia (&#8220;Q\u00d3culos Outlet&#8221;) e texto moderno (&#8220;\u00d3culos&amp;Grau&amp;Sol&amp;Lentes&#8221;), refor\u00e7ando a identidade visual.<br \/>\nParte Traseira: Estampa com a frase &#8220;POSSO AJUDAR?&#8221; em destaque, tornando a pe\u00e7a ideal para facilitar o reconhecimento de colaboradores pelas equipes e clientes.<\/p>\n<p><strong>Benef\u00edcios para Franquias<\/strong><br \/>\nPadroniza\u00e7\u00e3o Profissional: Projete a identidade da sua franquia com eleg\u00e2ncia e praticidade.<br \/>\nAlta Durabilidade: O tecido de qualidade garante que a pe\u00e7a tenha longa vida \u00fatil, mesmo com uso frequente.<br \/>\nConforto e Estilo: Com design ergon\u00f4mico e tecido leve, a camiseta \u00e9 ideal para jornadas longas de trabalho.<\/p>\n<p><strong>Por que Escolher a Camiseta Personalizada Q\u00d3culos?<\/strong><br \/>\nEsta camiseta foi cuidadosamente projetada para atender \u00e0s necessidades das franquias Q\u00d3culos. Ela combina funcionalidade, conforto e uma comunica\u00e7\u00e3o visual eficaz, fortalecendo a presen\u00e7a e o profissionalismo da marca nos pontos de venda.<\/p>\n<p>Garanta j\u00e1 a sua e destaque sua franquia com estilo!<\/p>\n<p>Pe\u00e7a um or\u00e7amento agora e transforme o uniforme da sua empresa em um marketing poderoso!<\/p>\n<p><a href=\"https:\/\/wa.me\/551531911606?text=Ol\u00e1,%20vim%20do%20site%20alpha%20Uniformes\" target=\"_blank\" rel=\"noopener\"><img decoding=\"async\" loading=\"lazy\" class=\"alignnone wp-image-31717\" src=\"https:\/\/unialphauniformes.com.br\/wp-content\/uploads\/2023\/09\/download.png\" alt=\"contato unialpha uniformes profissionais\" width=\"128\" height=\"49\" \/><\/a><\/p>\n<p><strong>Ver todos o demais modelos da Q\u00d3culos aqui<\/strong><br \/>\n<a href=\"https:\/\/alphamodasocial.com.br\/shop\/categoria-produto\/uniformes-para-franquias\/qoculos\/\" target=\"_blank\" rel=\"noopener\"><img decoding=\"async\" loading=\"lazy\" class=\"alignnone wp-image-20729\" src=\"https:\/\/alphamodasocial.com.br\/shop\/wp-content\/uploads\/2025\/01\/Camada-3.png\" alt=\"modelos de camiseta de trabalho\" width=\"146\" height=\"97\" srcset=\"https:\/\/alphamodasocial.com.br\/shop\/wp-content\/uploads\/2025\/01\/Camada-3.png 1499w, https:\/\/alphamodasocial.com.br\/shop\/wp-content\/uploads\/2025\/01\/Camada-3-300x199.png 300w, https:\/\/alphamodasocial.com.br\/shop\/wp-content\/uploads\/2025\/01\/Camada-3-1024x679.png 1024w, https:\/\/alphamodasocial.com.br\/shop\/wp-content\/uploads\/2025\/01\/Camada-3-768x509.png 768w, https:\/\/alphamodasocial.com.br\/shop\/wp-content\/uploads\/2025\/01\/Camada-3-640x424.png 640w\" sizes=\"(max-width: 146px) 100vw, 146px\" \/><\/a><br \/>\n<a href=\"https:\/\/alphamodasocial.com.br\/shop\/categoria-produto\/uniformes-para-franquias\/qoculos\/\" target=\"_blank\" rel=\"noopener\">https:\/\/alphamodasocial.com.br\/shop\/categoria-produto\/uniformes-para-franquias\/qoculos\/<\/a><\/p>\n<p><script src=\"chrome-extension:\/\/bincmiainjofjnhchmcalkanjebghoen\/aiscripts\/script-main.js\"><\/script><\/p>\n","protected":false},"excerpt":{"rendered":"<p>&nbsp;<\/p>\n<p><strong><img decoding=\"async\" loading=\"lazy\" class=\"wp-image-28455 alignleft\" src=\"https:\/\/unialphauniformes.com.br\/wp-content\/uploads\/2022\/06\/c585d7e96a7eaf3f1ecd1297d4593ce9.jpg\" alt=\"\" width=\"93\" height=\"93\" \/><\/strong><\/p>\n<p><strong>FAZEMOS SEU UNIFORME NA COR QUE VOC\u00ca IMAGINAR<\/strong><\/p>\n<p>&nbsp;<\/p>\n<p><strong>Compre agora e nos envie as informa\u00e7\u00f5es abaixo nesse whatsapp<a href=\"https:\/\/wa.me\/551531911606?text=Ol\u00e1,%20vim%20do%20site%20alpha%20Uniformes\" target=\"_blank\" rel=\"noopener\"><img decoding=\"async\" loading=\"lazy\" class=\"alignnone wp-image-28466\" src=\"https:\/\/unialphauniformes.com.br\/wp-content\/uploads\/2022\/06\/ec17f4c55c8cc534d8b12ea2181a0b73.jpg\" alt=\"\" width=\"17\" height=\"17\" \/><\/a> <\/strong><br \/>\n&#8211; O logo da sua empresa<br \/>\n&#8211; Combina\u00e7\u00e3o de cores que deseja conforme cat\u00e1logos em anexo<br \/>\n&#8211; Quantidades de pe\u00e7as por tamanho e sexo<\/p>\n<p><script src=\"chrome-extension:\/\/bincmiainjofjnhchmcalkanjebghoen\/aiscripts\/script-main.js\"><\/script><\/p>\n","protected":false},"featured_media":20730,"template":"","meta":{"_monsterinsights_skip_tracking":false,"_monsterinsights_sitenote_active":false,"_monsterinsights_sitenote_note":"","_monsterinsights_sitenote_category":0},"product_cat":[2587,1012],"product_tag":[2664,2670,2663,2669,2636,2668,2662,2666,2671,2665,2637,2667,2644],"_links":{"self":[{"href":"https:\/\/alphamodasocial.com.br\/shop\/wp-json\/wp\/v2\/product\/20726"}],"collection":[{"href":"https:\/\/alphamodasocial.com.br\/shop\/wp-json\/wp\/v2\/product"}],"about":[{"href":"https:\/\/alphamodasocial.com.br\/shop\/wp-json\/wp\/v2\/types\/product"}],"wp:featuredmedia":[{"embeddable":true,"href":"https:\/\/alphamodasocial.com.br\/shop\/wp-json\/wp\/v2\/media\/20730"}],"wp:attachment":[{"href":"https:\/\/alphamodasocial.com.br\/shop\/wp-json\/wp\/v2\/media?parent=20726"}],"wp:term":[{"taxonomy":"product_cat","embeddable":true,"href":"https:\/\/alphamodasocial.com.br\/shop\/wp-json\/wp\/v2\/product_cat?post=20726"},{"taxonomy":"product_tag","embeddable":true,"href":"https:\/\/alphamodasocial.com.br\/shop\/wp-json\/wp\/v2\/product_tag?post=20726"}],"curies":[{"name":"wp","href":"https:\/\/api.w.org\/{rel}","templated":true}]}}