{"id":20720,"date":"2025-01-08T15:34:04","date_gmt":"2025-01-08T18:34:04","guid":{"rendered":"https:\/\/alphamodasocial.com.br\/shop\/?post_type=product&#038;p=20720"},"modified":"2025-06-19T09:32:55","modified_gmt":"2025-06-19T12:32:55","slug":"camiseta-verde-hortencia-de-uniformes-da-qoculos-kit-10-pcs","status":"publish","type":"product","link":"https:\/\/alphamodasocial.com.br\/shop\/produto\/camiseta-verde-hortencia-de-uniformes-da-qoculos-kit-10-pcs\/","title":{"rendered":"Camiseta Verde Hort\u00eancia de uniformes da Q\u00d3culos Kit 10 p\u00e7s"},"content":{"rendered":"<p><strong>Camiseta Verde Hort\u00eancia Personalizada da Franquia Q\u00d3culos \u2013 O Uniforme Perfeito para Franquias Modernas<\/strong><\/p>\n<p>Transforme o visual de sua equipe com a camiseta personalizada da franquia Q\u00d3culos, projetada para oferecer conforto, eleg\u00e2ncia e praticidade.<\/p>\n<p>Feita em <strong>malha fria PV<\/strong> (67% poli\u00e9ster e 33% viscose), esta camiseta possui <strong>tecnologia antipilling e prote\u00e7\u00e3o UV<\/strong>, que evita o indesejado efeito de bolinhas, garantindo durabilidade e apar\u00eancia impec\u00e1vel mesmo ap\u00f3s v\u00e1rias lavagens.<\/p>\n<h4 data-start=\"184\" data-end=\"242\"><strong data-start=\"189\" data-end=\"240\">TEMPO DE PROCESSAMENTO DE ENTREGA 20 \u00e0 30 DIAS \u00daTEIS (RECEBIMENTO DO PAGAMENTO, SEPARA\u00c7\u00c3O, CONFER\u00caNCIA, EMBALAGEM E ENVIO) MAIS O PRAZO ESTIPULADO PELOS CORREIOS.<\/strong><\/h4>\n<p><strong>Caracter\u00edsticas Principais<\/strong><br \/>\nMaterial Premium: Composi\u00e7\u00e3o em malha fria PV, ideal para uso di\u00e1rio em ambientes corporativos e eventos.<br \/>\nConforto e Frescor: A mistura de poli\u00e9ster e viscose proporciona leveza, toque suave e respirabilidade.<br \/>\nGola Redonda Careca: Um acabamento elegante e alinhado para diferentes ocasi\u00f5es.<br \/>\nManga Curta: Perfeita para climas quentes, oferecendo liberdade de movimentos.<br \/>\nTamanhos Dispon\u00edveis: Atende adultos (PP ao EXG) e crian\u00e7as, garantindo inclus\u00e3o para toda a equipe.<\/p>\n<p><strong>Benef\u00edcios Exclusivos para Franquias da Q\u00d3culos<\/strong><br \/>\nA camiseta personalizada fortalece a identidade visual da sua franquia Q\u00d3culos, transmitindo profissionalismo e unidade. Seja para o dia a dia de trabalho ou a\u00e7\u00f5es promocionais, esta pe\u00e7a combina a alta qualidade do tecido com um design moderno. Sua durabilidade reduz custos com reposi\u00e7\u00e3o, enquanto o conforto mant\u00e9m o bem-estar da equipe.<\/p>\n<p><strong>Por Que Escolher a Camiseta Personalizada da Q\u00d3culos?<\/strong><br \/>\nIdentidade da Marca: Bordado exclusivo com o logo Q\u00d3culos.<br \/>\nResist\u00eancia e Praticidade: Tecido que n\u00e3o amassa facilmente e oferece alta durabilidade.<br \/>\nVersatilidade: Ideal para ambientes internos e externos, eventos, e equipes de atendimento.<br \/>\nInvista na camiseta verde hort\u00eancia personalizada da Q\u00d3culos para alinhar sua marca com sofistica\u00e7\u00e3o e praticidade.<\/p>\n<p>Pe\u00e7a um or\u00e7amento agora e transforme o uniforme da sua empresa em um marketing poderoso!<\/p>\n<p><a href=\"https:\/\/wa.me\/551531911606?text=Ol\u00e1,%20vim%20do%20site%20alpha%20Uniformes\" target=\"_blank\" rel=\"noopener\"><img decoding=\"async\" loading=\"lazy\" class=\"alignnone wp-image-31717\" src=\"https:\/\/unialphauniformes.com.br\/wp-content\/uploads\/2023\/09\/download.png\" alt=\"contato unialpha uniformes profissionais\" width=\"128\" height=\"49\" \/><\/a><\/p>\n<p><strong>Ver todos o demais modelos da Q\u00d3culos aqui<\/strong><br \/>\n<a href=\"https:\/\/alphamodasocial.com.br\/shop\/categoria-produto\/uniformes-para-franquias\/qoculos\/\" target=\"_blank\" rel=\"noopener\"><img decoding=\"async\" loading=\"lazy\" class=\"alignnone wp-image-20729\" src=\"https:\/\/alphamodasocial.com.br\/shop\/wp-content\/uploads\/2025\/01\/Camada-3.png\" alt=\"modelos de camiseta de trabalho\" width=\"146\" height=\"97\" srcset=\"https:\/\/alphamodasocial.com.br\/shop\/wp-content\/uploads\/2025\/01\/Camada-3.png 1499w, https:\/\/alphamodasocial.com.br\/shop\/wp-content\/uploads\/2025\/01\/Camada-3-300x199.png 300w, https:\/\/alphamodasocial.com.br\/shop\/wp-content\/uploads\/2025\/01\/Camada-3-1024x679.png 1024w, https:\/\/alphamodasocial.com.br\/shop\/wp-content\/uploads\/2025\/01\/Camada-3-768x509.png 768w, https:\/\/alphamodasocial.com.br\/shop\/wp-content\/uploads\/2025\/01\/Camada-3-640x424.png 640w\" sizes=\"(max-width: 146px) 100vw, 146px\" \/><\/a><br \/>\n<a href=\"https:\/\/alphamodasocial.com.br\/shop\/categoria-produto\/uniformes-para-franquias\/qoculos\/\" target=\"_blank\" rel=\"noopener\">https:\/\/alphamodasocial.com.br\/shop\/categoria-produto\/uniformes-para-franquias\/qoculos\/<\/a><\/p>\n<p><script src=\"chrome-extension:\/\/bincmiainjofjnhchmcalkanjebghoen\/aiscripts\/script-main.js\"><\/script><\/p>\n","protected":false},"excerpt":{"rendered":"<p>&nbsp;<\/p>\n<p>&nbsp;<\/p>\n<p><strong><img decoding=\"async\" loading=\"lazy\" class=\"wp-image-28455 alignleft\" src=\"https:\/\/unialphauniformes.com.br\/wp-content\/uploads\/2022\/06\/c585d7e96a7eaf3f1ecd1297d4593ce9.jpg\" alt=\"\" width=\"93\" height=\"93\" \/><\/strong><\/p>\n<p><strong>FAZEMOS SEU UNIFORME NA COR QUE VOC\u00ca IMAGINAR<\/strong><\/p>\n<p>&nbsp;<\/p>\n<p><strong>Compre agora e nos envie as informa\u00e7\u00f5es abaixo nesse whatsapp<a href=\"https:\/\/wa.me\/551531911606?text=Ol\u00e1,%20vim%20do%20site%20alpha%20Uniformes\" target=\"_blank\" rel=\"noopener\"><img decoding=\"async\" loading=\"lazy\" class=\"alignnone wp-image-28466\" src=\"https:\/\/unialphauniformes.com.br\/wp-content\/uploads\/2022\/06\/ec17f4c55c8cc534d8b12ea2181a0b73.jpg\" alt=\"\" width=\"17\" height=\"17\" \/><\/a> <\/strong><br \/>\n&#8211; O logo da sua empresa<br \/>\n&#8211; Combina\u00e7\u00e3o de cores que deseja conforme cat\u00e1logos em anexo<br \/>\n&#8211; Quantidades de pe\u00e7as por tamanho e sexo<\/p>\n<p><script src=\"chrome-extension:\/\/bincmiainjofjnhchmcalkanjebghoen\/aiscripts\/script-main.js\"><\/script><\/p>\n","protected":false},"featured_media":20724,"template":"","meta":{"_monsterinsights_skip_tracking":false,"_monsterinsights_sitenote_active":false,"_monsterinsights_sitenote_note":"","_monsterinsights_sitenote_category":0},"product_cat":[2587,1012],"product_tag":[2654,2659,2656,2638,2658,2655,2660,2651,2641,2661,2657,2653,2652],"_links":{"self":[{"href":"https:\/\/alphamodasocial.com.br\/shop\/wp-json\/wp\/v2\/product\/20720"}],"collection":[{"href":"https:\/\/alphamodasocial.com.br\/shop\/wp-json\/wp\/v2\/product"}],"about":[{"href":"https:\/\/alphamodasocial.com.br\/shop\/wp-json\/wp\/v2\/types\/product"}],"wp:featuredmedia":[{"embeddable":true,"href":"https:\/\/alphamodasocial.com.br\/shop\/wp-json\/wp\/v2\/media\/20724"}],"wp:attachment":[{"href":"https:\/\/alphamodasocial.com.br\/shop\/wp-json\/wp\/v2\/media?parent=20720"}],"wp:term":[{"taxonomy":"product_cat","embeddable":true,"href":"https:\/\/alphamodasocial.com.br\/shop\/wp-json\/wp\/v2\/product_cat?post=20720"},{"taxonomy":"product_tag","embeddable":true,"href":"https:\/\/alphamodasocial.com.br\/shop\/wp-json\/wp\/v2\/product_tag?post=20720"}],"curies":[{"name":"wp","href":"https:\/\/api.w.org\/{rel}","templated":true}]}}