{"id":20711,"date":"2025-01-08T11:51:56","date_gmt":"2025-01-08T14:51:56","guid":{"rendered":"https:\/\/alphamodasocial.com.br\/shop\/?post_type=product&#038;p=20711"},"modified":"2025-06-19T09:38:17","modified_gmt":"2025-06-19T12:38:17","slug":"camiseta-cinza-mescla-de-uniformes-da-qoculos-kit-10-pcs","status":"publish","type":"product","link":"https:\/\/alphamodasocial.com.br\/shop\/produto\/camiseta-cinza-mescla-de-uniformes-da-qoculos-kit-10-pcs\/","title":{"rendered":"Camiseta Cinza mescla de uniformes da Q\u00d3culos Kit 10 p\u00e7s"},"content":{"rendered":"<p><strong>Camiseta Personalizada da Franquia Q\u00d3culos \u2013 Conforto e Identidade<\/strong><\/p>\n<p>Eleve sua equipe e promova a identidade da sua franquia com a camiseta personalizada Q\u00d3culos, uma pe\u00e7a que combina conforto, estilo e funcionalidade para o dia a dia corporativo. Ideal para uniformes profissionais ou at\u00e9 mesmo como um brinde exclusivo, esta camiseta \u00e9 a escolha certa para quem busca praticidade e durabilidade com um toque de sofistica\u00e7\u00e3o.<\/p>\n<p><strong>Diferenciais do Produto<\/strong><br \/>\nMalha Fria PV (67% poli\u00e9ster e 33% viscose): Material de alta qualidade com antipilling (anti bolinhas), garantindo durabilidade e apar\u00eancia impec\u00e1vel mesmo ap\u00f3s v\u00e1rias lavagens.<br \/>\nGola Redonda Careca: Proporciona um caimento moderno, elegante e confort\u00e1vel.<br \/>\nManga Curta: Perfeita para climas quentes, garantindo mobilidade e frescor o dia todo.<br \/>\nVariedade de Tamanhos: Dispon\u00edvel nos tamanhos PP ao EXG e tamb\u00e9m na vers\u00e3o infantil, ideal para atender todos os biotipos e idades.<\/p>\n<h4 data-start=\"184\" data-end=\"242\"><strong data-start=\"189\" data-end=\"240\">TEMPO DE PROCESSAMENTO DE ENTREGA 20 \u00e0 30 DIAS \u00daTEIS (RECEBIMENTO DO PAGAMENTO, SEPARA\u00c7\u00c3O, CONFER\u00caNCIA, EMBALAGEM E ENVIO) MAIS O PRAZO ESTIPULADO PELOS CORREIOS.<\/strong><\/h4>\n<p><strong>Por Que Escolher a Camiseta da Q\u00d3culos?<\/strong><br \/>\nAl\u00e9m de representar profissionalismo e padroniza\u00e7\u00e3o para sua franquia, a <strong>camiseta personalizada Q\u00d3culos<\/strong> \u00e9 fabricada com materiais cuidadosamente selecionados, oferecendo conforto t\u00e9rmico e alta durabilidade. O design atemporal e a logomarca da franquia permitem elevar a visibilidade da sua marca em qualquer ambiente.<\/p>\n<p><strong>Benef\u00edcios para Franquias<\/strong><br \/>\nRefor\u00e7a a identidade visual da marca;<br \/>\nF\u00e1cil manuten\u00e7\u00e3o gra\u00e7as \u00e0 malha fria resistente;<br \/>\nVersatilidade de uso em eventos corporativos, atendimento ao cliente ou a\u00e7\u00f5es promocionais;<br \/>\nConfort\u00e1vel e ideal para o dia a dia dos colaboradores.<br \/>\nAdicione ao seu carrinho e garanta j\u00e1 as camisetas personalizadas Q\u00d3culos, projetadas especialmente para atender as necessidades da sua franquia!<\/p>\n<p>Pe\u00e7a um or\u00e7amento agora e transforme o uniforme da sua empresa em um marketing poderoso!<\/p>\n<p><a href=\"https:\/\/wa.me\/551531911606?text=Ol\u00e1,%20vim%20do%20site%20alpha%20Uniformes\" target=\"_blank\" rel=\"noopener\"><img decoding=\"async\" loading=\"lazy\" class=\"alignnone wp-image-31717\" src=\"https:\/\/unialphauniformes.com.br\/wp-content\/uploads\/2023\/09\/download.png\" alt=\"contato unialpha uniformes profissionais\" width=\"128\" height=\"49\" \/><\/a><\/p>\n<p><strong>Ver todos o demais modelos da Q\u00d3culos aqui<\/strong><br \/>\n<a href=\"https:\/\/alphamodasocial.com.br\/shop\/categoria-produto\/uniformes-para-franquias\/qoculos\/\" target=\"_blank\" rel=\"noopener\"><img decoding=\"async\" loading=\"lazy\" class=\"alignnone wp-image-20729\" src=\"https:\/\/alphamodasocial.com.br\/shop\/wp-content\/uploads\/2025\/01\/Camada-3.png\" alt=\"modelos de camiseta de trabalho\" width=\"146\" height=\"97\" srcset=\"https:\/\/alphamodasocial.com.br\/shop\/wp-content\/uploads\/2025\/01\/Camada-3.png 1499w, https:\/\/alphamodasocial.com.br\/shop\/wp-content\/uploads\/2025\/01\/Camada-3-300x199.png 300w, https:\/\/alphamodasocial.com.br\/shop\/wp-content\/uploads\/2025\/01\/Camada-3-1024x679.png 1024w, https:\/\/alphamodasocial.com.br\/shop\/wp-content\/uploads\/2025\/01\/Camada-3-768x509.png 768w, https:\/\/alphamodasocial.com.br\/shop\/wp-content\/uploads\/2025\/01\/Camada-3-640x424.png 640w\" sizes=\"(max-width: 146px) 100vw, 146px\" \/><\/a><br \/>\n<a href=\"https:\/\/alphamodasocial.com.br\/shop\/categoria-produto\/uniformes-para-franquias\/qoculos\/\" target=\"_blank\" rel=\"noopener\">https:\/\/alphamodasocial.com.br\/shop\/categoria-produto\/uniformes-para-franquias\/qoculos\/<\/a><\/p>\n<p><script src=\"chrome-extension:\/\/bincmiainjofjnhchmcalkanjebghoen\/aiscripts\/script-main.js\"><\/script><\/p>\n","protected":false},"excerpt":{"rendered":"<p>&nbsp;<\/p>\n<p>&nbsp;<\/p>\n<p><strong><img decoding=\"async\" loading=\"lazy\" class=\"wp-image-28455 alignleft\" src=\"https:\/\/unialphauniformes.com.br\/wp-content\/uploads\/2022\/06\/c585d7e96a7eaf3f1ecd1297d4593ce9.jpg\" alt=\"\" width=\"93\" height=\"93\" \/><\/strong><\/p>\n<p><strong>FAZEMOS SEU UNIFORME NA COR QUE VOC\u00ca IMAGINAR<\/strong><\/p>\n<p>&nbsp;<\/p>\n<p><strong>Compre agora e nos envie as informa\u00e7\u00f5es abaixo nesse whatsapp<a href=\"https:\/\/wa.me\/551531911606?text=Ol\u00e1,%20vim%20do%20site%20alpha%20Uniformes\" target=\"_blank\" rel=\"noopener\"><img decoding=\"async\" loading=\"lazy\" class=\"alignnone wp-image-28466\" src=\"https:\/\/unialphauniformes.com.br\/wp-content\/uploads\/2022\/06\/ec17f4c55c8cc534d8b12ea2181a0b73.jpg\" alt=\"\" width=\"17\" height=\"17\" \/><\/a> <\/strong><br \/>\n&#8211; O logo da sua empresa<br \/>\n&#8211; Combina\u00e7\u00e3o de cores que deseja conforme cat\u00e1logos em anexo<br \/>\n&#8211; Quantidades de pe\u00e7as por tamanho e sexo<\/p>\n<p><script src=\"chrome-extension:\/\/bincmiainjofjnhchmcalkanjebghoen\/aiscripts\/script-main.js\"><\/script><\/p>\n","protected":false},"featured_media":20713,"template":"","meta":{"_monsterinsights_skip_tracking":false,"_monsterinsights_sitenote_active":false,"_monsterinsights_sitenote_note":"","_monsterinsights_sitenote_category":0},"product_cat":[2587,1012],"product_tag":[2639,2640,2638,2643,2636,2647,2645,2649,2646,2641,2648,2637,2642,2650,2644],"_links":{"self":[{"href":"https:\/\/alphamodasocial.com.br\/shop\/wp-json\/wp\/v2\/product\/20711"}],"collection":[{"href":"https:\/\/alphamodasocial.com.br\/shop\/wp-json\/wp\/v2\/product"}],"about":[{"href":"https:\/\/alphamodasocial.com.br\/shop\/wp-json\/wp\/v2\/types\/product"}],"wp:featuredmedia":[{"embeddable":true,"href":"https:\/\/alphamodasocial.com.br\/shop\/wp-json\/wp\/v2\/media\/20713"}],"wp:attachment":[{"href":"https:\/\/alphamodasocial.com.br\/shop\/wp-json\/wp\/v2\/media?parent=20711"}],"wp:term":[{"taxonomy":"product_cat","embeddable":true,"href":"https:\/\/alphamodasocial.com.br\/shop\/wp-json\/wp\/v2\/product_cat?post=20711"},{"taxonomy":"product_tag","embeddable":true,"href":"https:\/\/alphamodasocial.com.br\/shop\/wp-json\/wp\/v2\/product_tag?post=20711"}],"curies":[{"name":"wp","href":"https:\/\/api.w.org\/{rel}","templated":true}]}}