{"id":20614,"date":"2024-12-10T16:28:46","date_gmt":"2024-12-10T19:28:46","guid":{"rendered":"https:\/\/alphamodasocial.com.br\/shop\/?post_type=product&#038;p=20614"},"modified":"2025-06-25T09:34:42","modified_gmt":"2025-06-25T12:34:42","slug":"camisa-polo-personalizada-kit-20-pcs","status":"publish","type":"product","link":"https:\/\/alphamodasocial.com.br\/shop\/produto\/camisa-polo-personalizada-kit-20-pcs\/","title":{"rendered":"Camisa Polo Personalizada &#8211; Kit 20 p\u00e7s"},"content":{"rendered":"<div class=\"flex-1 overflow-hidden\">\n<div class=\"react-scroll-to-bottom--css-icfpe-79elbk h-full\">\n<div class=\"react-scroll-to-bottom--css-icfpe-1n7m0yu\">\n<div class=\"flex flex-col text-sm gizmo:pb-9 dark:bg-gray-800 gizmo:dark:bg-transparent\">\n<div class=\"w-full text-token-text-primary border-b border-black\/10 gizmo:border-0 dark:border-gray-900\/50 gizmo:dark:border-0 bg-gray-50 gizmo:bg-transparent dark:bg-[#444654] gizmo:dark:bg-transparent\" data-testid=\"conversation-turn-37\">\n<div class=\"p-4 gizmo:py-2 justify-center text-base md:gap-6 md:py-6 m-auto\">\n<div class=\"flex flex-1 gap-4 text-base mx-auto md:gap-6 gizmo:gap-3 gizmo:md:px-5 gizmo:lg:px-1 gizmo:xl:px-5 md:max-w-2xl lg:max-w-[38rem] gizmo:md:max-w-3xl gizmo:lg:max-w-[40rem] gizmo:xl:max-w-[48rem] xl:max-w-3xl } group final-completion\">\n<div class=\"relative flex w-[calc(100%-50px)] flex-col gizmo:w-full lg:w-[calc(100%-115px)] agent-turn\">\n<div class=\"flex-col gap-1 md:gap-3\">\n<div class=\"flex flex-grow flex-col max-w-full gap-3 gizmo:gap-0\">\n<div class=\"min-h-[20px] text-message flex flex-col items-start gap-3 whitespace-pre-wrap break-words [.text-message+&amp;]:mt-5 overflow-x-auto\" data-message-author-role=\"assistant\" data-message-id=\"e56396e6-8927-4c61-a622-cafd7a0faf1e\">\n<div class=\"markdown prose w-full break-words dark:prose-invert light\">\n<p><strong>Crie um uniforme que sua equipe vai AMAR usar!<\/strong> Nossa camisa polo personalizada \u00e9 mais do que uma roupa, \u00e9 uma extens\u00e3o da sua marca. Imagine sua equipe toda estilosa, confort\u00e1vel e com a identidade da sua empresa em destaque.<\/p>\n<p><strong>Por que escolher a nossa camisa polo?<\/strong><\/p>\n<ul>\n<li><strong>Design exclusivo:<\/strong> Crie um modelo \u00fanico com a sua logo e cores favoritas.<\/li>\n<li><strong>Tecidos de alta qualidade:<\/strong> Escolha entre as malha premium abaixo<br \/>\nmalha piquet (50% algod\u00e3o, 50% poli\u00e9ster)<br \/>\nmalha fria PV (67% poli\u00e9ster, 33% viscose)<br \/>\nmeia malha 100% algod\u00e3oAmbas com prote\u00e7\u00e3o UV e tratamento antipilling.<\/li>\n<li><strong>Conforto incompar\u00e1vel:<\/strong> Nossas camisas s\u00e3o perfeitas para o dia a dia, leves e respir\u00e1veis.<\/li>\n<li><strong>Durabilidade:<\/strong> Resistentes a bolinhas e desbotamento, garantindo um visual impec\u00e1vel por mais tempo.<\/li>\n<li><strong>V\u00e1rios tamanhos:<\/strong> Do PP ao EXG, para que todos se sintam confort\u00e1veis.<\/li>\n<li><strong>Entrega r\u00e1pida:<\/strong> Receba seu pedido entre 25 e 35 dias \u00fateis ap\u00f3s a aprova\u00e7\u00e3o.<\/li>\n<\/ul>\n<p><strong>Imagine o impacto:<\/strong><\/p>\n<ul>\n<li><strong>Equipe motivada:<\/strong> Um uniforme personalizado aumenta a autoestima e o senso de pertencimento da sua equipe.<\/li>\n<li><strong>Profissionalismo:<\/strong> Transmita uma imagem de profissionalismo e seriedade para seus clientes.<\/li>\n<li><strong>Mem\u00f3ria de marca:<\/strong> Crie uma identidade visual forte e memor\u00e1vel para sua empresa.<\/li>\n<\/ul>\n<p><strong>N\u00e3o perca tempo!<\/strong> Solicite um or\u00e7amento agora mesmo e transforme sua equipe em uma verdadeira for\u00e7a de vendas.<\/p>\n<p>Pe\u00e7a um or\u00e7amento agora e transforme o uniforme da sua empresa em um marketing poderoso!<\/p>\n<p><a href=\"https:\/\/wa.me\/551531911606?text=Ol\u00e1,%20vim%20do%20site%20alpha%20Uniformes\" target=\"_blank\" rel=\"noopener\"><img decoding=\"async\" loading=\"lazy\" class=\"alignnone wp-image-31717\" src=\"https:\/\/unialphauniformes.com.br\/wp-content\/uploads\/2023\/09\/download.png\" alt=\"contato unialpha uniformes profissionais\" width=\"128\" height=\"49\" \/><\/a><\/p>\n<p>&nbsp;<\/p>\n<p>#camisapolopersonalizada #uniformeprofissional #uniformes #empresas #eventos #presentes #malhapiquet #malhafria #personalizacao #design #qualidade #conforto #durabilidade<script type=\"application\/ld+json\">\n{\n  \"@context\": \"https:\/\/schema.org\/\",\n  \"@type\": \"Product\",\n  \"name\": \"Camisa Polo Alta Qualidade - Malha Algod\u00e3o Piquet e Dry Fit PV para Uniformes Personalizados - Kit 20 Pcs\",\n  \"image\": [\n    \"https:\/\/alphamodasocial.com.br\/path-to-image1.jpg\",\n    \"https:\/\/alphamodasocial.com.br\/path-to-image2.jpg\"\n  ],\n  \"description\": \"Kit com 20 camisas polo de alta qualidade, feitas em malha de algod\u00e3o piquet e dry fit PV, perfeitas para uniformes personalizados.\",\n  \"sku\": \"SKU55667\",\n  \"mpn\": \"MPN55667\",\n  \"brand\": {\n    \"@type\": \"Brand\",\n    \"name\": \"Alpha Moda Social\"\n  },\n  \"offers\": {\n    \"@type\": \"Offer\",\n    \"url\": \"https:\/\/alphamodasocial.com.br\/shop\/produto\/camisa-polo-alta-qualidade-malha-algodao-piquet-e-dry-fit-pv-para-uniformes-personalizados-kit-20-pcs\/\",\n    \"priceCurrency\": \"BRL\",\n    \"price\": \"950.00\",\n    \"priceValidUntil\": \"2024-12-31\",\n    \"itemCondition\": \"https:\/\/schema.org\/NewCondition\",\n    \"availability\": \"https:\/\/schema.org\/InStock\"\n  }\n}\n<\/script><\/p>\n<\/div>\n<\/div>\n<\/div>\n<\/div>\n<\/div>\n<\/div>\n<\/div>\n<\/div>\n<\/div>\n<\/div>\n<\/div>\n<\/div>\n","protected":false},"excerpt":{"rendered":"<h4><strong><span style=\"color: #3366ff;\">\u00a0<\/span><\/strong><\/h4>\n<p>&nbsp;<\/p>\n<p><strong><img decoding=\"async\" loading=\"lazy\" class=\"wp-image-28455 alignleft\" src=\"https:\/\/unialphauniformes.com.br\/wp-content\/uploads\/2022\/06\/c585d7e96a7eaf3f1ecd1297d4593ce9.jpg\" alt=\"\" width=\"93\" height=\"93\" \/><\/strong><\/p>\n<p><strong>FAZEMOS SEU UNIFORME NA COR QUE VOC\u00ca IMAGINAR<\/strong><\/p>\n<p>&nbsp;<\/p>\n<p><strong>Compre agora e nos envie as informa\u00e7\u00f5es abaixo nesse whatsapp<a href=\"https:\/\/wa.me\/551531911606?text=Ol\u00e1,%20vim%20do%20site%20alpha%20Uniformes\" target=\"_blank\" rel=\"noopener\"><img decoding=\"async\" loading=\"lazy\" class=\"alignnone wp-image-28466\" src=\"https:\/\/unialphauniformes.com.br\/wp-content\/uploads\/2022\/06\/ec17f4c55c8cc534d8b12ea2181a0b73.jpg\" alt=\"\" width=\"17\" height=\"17\" \/><\/a> <\/strong><br \/>\n&#8211; O logo da sua empresa<br \/>\n&#8211; Combina\u00e7\u00e3o de cores que deseja conforme cat\u00e1logos em anexo<br \/>\n&#8211; Quantidades de pe\u00e7as por tamanho e sexo<\/p>\n<p>&nbsp;<\/p>\n<p>&nbsp;<\/p>\n","protected":false},"featured_media":20639,"template":"","meta":{"_monsterinsights_skip_tracking":false,"_monsterinsights_sitenote_active":false,"_monsterinsights_sitenote_note":"","_monsterinsights_sitenote_category":0},"product_cat":[701,232],"product_tag":[2472,2470,2475,2473,2469,2474,2476,2477,2471],"_links":{"self":[{"href":"https:\/\/alphamodasocial.com.br\/shop\/wp-json\/wp\/v2\/product\/20614"}],"collection":[{"href":"https:\/\/alphamodasocial.com.br\/shop\/wp-json\/wp\/v2\/product"}],"about":[{"href":"https:\/\/alphamodasocial.com.br\/shop\/wp-json\/wp\/v2\/types\/product"}],"wp:featuredmedia":[{"embeddable":true,"href":"https:\/\/alphamodasocial.com.br\/shop\/wp-json\/wp\/v2\/media\/20639"}],"wp:attachment":[{"href":"https:\/\/alphamodasocial.com.br\/shop\/wp-json\/wp\/v2\/media?parent=20614"}],"wp:term":[{"taxonomy":"product_cat","embeddable":true,"href":"https:\/\/alphamodasocial.com.br\/shop\/wp-json\/wp\/v2\/product_cat?post=20614"},{"taxonomy":"product_tag","embeddable":true,"href":"https:\/\/alphamodasocial.com.br\/shop\/wp-json\/wp\/v2\/product_tag?post=20614"}],"curies":[{"name":"wp","href":"https:\/\/api.w.org\/{rel}","templated":true}]}}