{"id":20353,"date":"2023-10-20T15:43:13","date_gmt":"2023-10-20T18:43:13","guid":{"rendered":"https:\/\/alphamodasocial.com.br\/shop\/?post_type=product&#038;p=20353"},"modified":"2025-06-25T11:01:43","modified_gmt":"2025-06-25T14:01:43","slug":"adesivo-dos-havaleiros-brasil-haval-h6-hev-phev-e-phev-gt-gwm","status":"publish","type":"product","link":"https:\/\/alphamodasocial.com.br\/shop\/produto\/adesivo-dos-havaleiros-brasil-haval-h6-hev-phev-e-phev-gt-gwm\/","title":{"rendered":"Adesivo Dos Havaleiros Brasil &#8211; Haval H6 Hev, Phev e Phev GT &#8211; GWM"},"content":{"rendered":"<p>Adesivo fabricado em vinil de alta qualidade, podendo ser colado em ambientes internos e externos.<\/p>\n<p>Fa\u00e7a parte desse movimento #havaleiros<\/p>\n<p>Podem ser colados em qualquer superf\u00edcie lisa como: vidro, lataria de carros, motos, notebooks, paredes e etc&#8230;<\/p>\n<p>Fundo Transparente.<\/p>\n<p>TEMOS COR PRETA E BRANCA DE ADESIVO, ESCOLHA A SUA COR E NOS INFORME VIA MENSAGEM APOS A COMPRA, OBRIGADO..<\/p>\n<p>Dimens\u00f5es 10cm x 10cm<\/p>\n<p>Quantidade: 1<\/p>\n<p>&nbsp;<\/p>\n<p><strong><img decoding=\"async\" loading=\"lazy\" class=\"wp-image-28455 alignleft\" src=\"https:\/\/unialphauniformes.com.br\/wp-content\/uploads\/2022\/06\/c585d7e96a7eaf3f1ecd1297d4593ce9.jpg\" alt=\"\" width=\"93\" height=\"93\" \/><\/strong><\/p>\n<p><strong>FAZEMOS SEU UNIFORME NA COR QUE VOC\u00ca IMAGINAR<\/strong><\/p>\n<p>&nbsp;<\/p>\n<p><strong>Compre agora e nos envie as informa\u00e7\u00f5es abaixo nesse whatsapp<a href=\"https:\/\/wa.me\/551531911606?text=Ol\u00e1,%20vim%20do%20site%20alpha%20Uniformes\" target=\"_blank\" rel=\"noopener\"><img decoding=\"async\" loading=\"lazy\" class=\"alignnone wp-image-28466\" src=\"https:\/\/unialphauniformes.com.br\/wp-content\/uploads\/2022\/06\/ec17f4c55c8cc534d8b12ea2181a0b73.jpg\" alt=\"\" width=\"17\" height=\"17\" \/><\/a> <\/strong><br \/>\n&#8211; O logo da sua empresa<br \/>\n&#8211; Combina\u00e7\u00e3o de cores que deseja conforme cat\u00e1logos em anexo<br \/>\n&#8211; Quantidades de pe\u00e7as por tamanho e sexo<\/p>\n","protected":false},"excerpt":{"rendered":"<ul data-sourcepos=\"9:1-13:31\">\n<li data-sourcepos=\"9:1-9:47\"><strong>Adesivo &#8220;Havaleiros Brasil&#8221; para Haval H6<\/strong><\/li>\n<li data-sourcepos=\"10:1-10:45\"><strong>Mostre seu orgulho de ser um Havaleiro!<\/strong><\/li>\n<li data-sourcepos=\"11:1-11:33\"><strong>F\u00e1cil de aplicar e remover.<\/strong><\/li>\n<li data-sourcepos=\"12:1-12:56\"><strong>Vinil de alta qualidade, resistente a intemp\u00e9ries.<\/strong><\/li>\n<li data-sourcepos=\"13:1-13:31\"><strong>Dimens\u00f5es: 10 cm x 10 cm.<\/strong><\/li>\n<li data-sourcepos=\"13:1-13:31\"><strong><img decoding=\"async\" loading=\"lazy\" class=\"wp-image-28455 alignleft\" src=\"https:\/\/unialphauniformes.com.br\/wp-content\/uploads\/2022\/06\/c585d7e96a7eaf3f1ecd1297d4593ce9.jpg\" alt=\"\" width=\"93\" height=\"93\" \/><\/strong><strong>FAZEMOS SEU UNIFORME NA COR QUE VOC\u00ca IMAGINAR<\/strong>\n<p>&nbsp;<\/p>\n<p><strong>Compre agora e nos envie as informa\u00e7\u00f5es abaixo nesse whatsapp<a href=\"https:\/\/wa.me\/551531911606?text=Ol\u00e1,%20vim%20do%20site%20alpha%20Uniformes\" target=\"_blank\" rel=\"noopener\"><img decoding=\"async\" loading=\"lazy\" class=\"alignnone wp-image-28466\" src=\"https:\/\/unialphauniformes.com.br\/wp-content\/uploads\/2022\/06\/ec17f4c55c8cc534d8b12ea2181a0b73.jpg\" alt=\"\" width=\"17\" height=\"17\" \/><\/a> <\/strong><br \/>\n&#8211; O logo da sua empresa<br \/>\n&#8211; Combina\u00e7\u00e3o de cores que deseja conforme cat\u00e1logos em anexo<br \/>\n&#8211; Quantidades de pe\u00e7as por tamanho e sexo<\/li>\n<\/ul>\n","protected":false},"featured_media":20367,"template":"","meta":{"_monsterinsights_skip_tracking":false,"_monsterinsights_sitenote_active":false,"_monsterinsights_sitenote_note":"","_monsterinsights_sitenote_category":0},"product_cat":[1924],"product_tag":[],"_links":{"self":[{"href":"https:\/\/alphamodasocial.com.br\/shop\/wp-json\/wp\/v2\/product\/20353"}],"collection":[{"href":"https:\/\/alphamodasocial.com.br\/shop\/wp-json\/wp\/v2\/product"}],"about":[{"href":"https:\/\/alphamodasocial.com.br\/shop\/wp-json\/wp\/v2\/types\/product"}],"wp:featuredmedia":[{"embeddable":true,"href":"https:\/\/alphamodasocial.com.br\/shop\/wp-json\/wp\/v2\/media\/20367"}],"wp:attachment":[{"href":"https:\/\/alphamodasocial.com.br\/shop\/wp-json\/wp\/v2\/media?parent=20353"}],"wp:term":[{"taxonomy":"product_cat","embeddable":true,"href":"https:\/\/alphamodasocial.com.br\/shop\/wp-json\/wp\/v2\/product_cat?post=20353"},{"taxonomy":"product_tag","embeddable":true,"href":"https:\/\/alphamodasocial.com.br\/shop\/wp-json\/wp\/v2\/product_tag?post=20353"}],"curies":[{"name":"wp","href":"https:\/\/api.w.org\/{rel}","templated":true}]}}