{"id":20307,"date":"2024-02-08T15:53:51","date_gmt":"2024-02-08T18:53:51","guid":{"rendered":"https:\/\/alphamodasocial.com.br\/shop\/?post_type=product&#038;p=20307"},"modified":"2025-06-19T10:14:58","modified_gmt":"2025-06-19T13:14:58","slug":"dolma-cozinheiro-sua-aliada-como-roupa-de-cozinha-e-gastronomia-20-pcs","status":"publish","type":"product","link":"https:\/\/alphamodasocial.com.br\/shop\/produto\/dolma-cozinheiro-sua-aliada-como-roupa-de-cozinha-e-gastronomia-20-pcs\/","title":{"rendered":"Dolm\u00e3 Cozinheiro sua aliada como roupa de cozinha e gastronomia &#8211; 20 p\u00e7s"},"content":{"rendered":"<p data-sourcepos=\"3:1-3:51\"><strong>Vista-se para o sucesso na gastronomia e tenha mais credibilidade como Chefe com a Dolm\u00e3 Cozinheiro!<\/strong><\/p>\n<p>Kit com 20 p\u00e7s<\/p>\n<p data-sourcepos=\"5:1-5:28\"><strong>Profissionalismo, estilo e eleg\u00e2ncia<\/strong><\/p>\n<ul data-sourcepos=\"7:1-12:0\">\n<li data-sourcepos=\"7:1-7:65\">Design elegante e profissional, ideal para chefs e cozinheiros.<\/li>\n<li data-sourcepos=\"8:1-8:93\">Confeccionada em tecido 100% algod\u00e3o respir\u00e1vel e resistente, para o m\u00e1ximo conforto durante o trabalho.<\/li>\n<li data-sourcepos=\"9:1-9:75\">Fechamento em bot\u00f5es, para praticidade e facilidade de vestir.<\/li>\n<li data-sourcepos=\"11:1-12:0\">Dispon\u00edvel em cores e cl\u00e1ssicas e com o melhor tecido para Dolmas: branca, vermelha, preta, azul marinho, cinza e caqui.<\/li>\n<\/ul>\n<p data-sourcepos=\"13:1-13:15\"><strong>Benef\u00edcios:<\/strong><\/p>\n<ul data-sourcepos=\"15:1-19:0\">\n<li data-sourcepos=\"15:1-15:161\"><strong>Aumente sua produtividade:<\/strong> A Dolm\u00e3 Cozinheiro facilita seu trabalho na cozinha, proporcionando liberdade de movimentos e acesso r\u00e1pido aos seus utens\u00edlios e demais itens que podem ser colocados no bolso.<\/li>\n<li data-sourcepos=\"16:1-16:128\"><strong>Fique elegante e profissional:<\/strong>\u00a0O design elegante e as cores vibrantes da Dolm\u00e3 Cozinheiro te far\u00e3o se destacar na cozinha.<\/li>\n<li data-sourcepos=\"17:1-17:130\"><strong>Conforto garantido:<\/strong>\u00a0O tecido respir\u00e1vel e resistente da Dolm\u00e3 Cozinheiro te manter\u00e1 fresco e confort\u00e1vel durante todo o dia.<\/li>\n<li data-sourcepos=\"18:1-19:0\"><strong>D\u00ea um toque de personalidade \u00e0 sua cozinha:<\/strong>\u00a0Escolha entre as diversas cores dispon\u00edveis e personalize sua Dolm\u00e3 Cozinheiro.<\/li>\n<\/ul>\n<p data-sourcepos=\"20:1-20:109\"><strong>Compre agora mesmo a sua Dolm\u00e3 Cozinheiro e leve o seu estilo e conforto na cozinha para o pr\u00f3ximo n\u00edvel!<\/strong><\/p>\n<p data-sourcepos=\"22:1-22:19\"><strong>Especifica\u00e7\u00f5es:<\/strong><\/p>\n<ul data-sourcepos=\"24:1-29:0\">\n<li data-sourcepos=\"24:1-24:73\">Material: Tecido respir\u00e1vel e resistente , brim leve 100% algod\u00e3o com prote\u00e7\u00e3o UV<\/li>\n<li data-sourcepos=\"25:1-25:31\">Fechamento: Bot\u00f5es<\/li>\n<li data-sourcepos=\"26:1-26:30\">Bolso: na manga<\/li>\n<li data-sourcepos=\"27:1-27:23\">Tamanhos: PP, P, M, G, GG, EG e EXG<\/li>\n<li data-sourcepos=\"28:1-29:0\">Cores: Branca, vermelha, preta, azul marinho, cinza e caqui, se precisa de outras cores, entre em contato pelo nosso whatsapp<br \/>\nPe\u00e7a um or\u00e7amento agora e transforme o uniforme da sua empresa em um marketing poderoso!<a href=\"https:\/\/wa.me\/551531911606?text=Ol\u00e1,%20vim%20do%20site%20alpha%20Uniformes\" target=\"_blank\" rel=\"noopener\"><img decoding=\"async\" loading=\"lazy\" class=\"alignnone wp-image-31717\" src=\"https:\/\/unialphauniformes.com.br\/wp-content\/uploads\/2023\/09\/download.png\" alt=\"contato unialpha uniformes profissionais\" width=\"128\" height=\"49\" \/><\/a><\/p>\n<p data-sourcepos=\"38:1-38:51\"><strong>Setores onde a Dolm\u00e3 Cozinheiro pode ser usada:<\/strong><\/p>\n<\/li>\n<li data-sourcepos=\"28:1-29:0\"><strong>Padarias:<\/strong>\u00a0Padeiros,\u00a0confeiteiros,\u00a0doceiros.<\/li>\n<li data-sourcepos=\"28:1-29:0\"><strong>Confeitarias:<\/strong>\u00a0Confeiteiros,\u00a0decoradores de bolos,\u00a0chocolateiros.<\/li>\n<li data-sourcepos=\"28:1-29:0\"><strong>A\u00e7ougues:<\/strong>\u00a0A\u00e7ougueiros,\u00a0charcuteiros.<\/li>\n<li data-sourcepos=\"28:1-29:0\"><strong>Churrascarias:<\/strong>\u00a0Churrasqueiros,\u00a0assadores.<\/li>\n<li data-sourcepos=\"28:1-29:0\"><strong>Eventos:<\/strong>\u00a0Buffet,\u00a0catering,\u00a0cozinheiros de eventos.<\/li>\n<li data-sourcepos=\"28:1-29:0\"><strong>Casa:<\/strong> Cozinheiros amadores,\u00a0estudantes de gastronomia.<\/li>\n<li data-sourcepos=\"28:1-29:0\"><strong>Restaurantes:<\/strong>\u00a0Chefs,\u00a0cozinheiros,\u00a0ajudantes de cozinha,\u00a0pizzaiolos,\u00a0sushimen.<\/li>\n<\/ul>\n<p><script type=\"application\/ld+json\">\n{\n  \"@context\": \"https:\/\/schema.org\/\",\n  \"@type\": \"Product\",\n  \"name\": \"Dolma Cozinheiro - Sua Aliada Como Roupa de Cozinha e Gastronomia - 20 Pcs\",\n  \"image\": [\n    \"https:\/\/alphamodasocial.com.br\/path-to-image1.jpg\",\n    \"https:\/\/alphamodasocial.com.br\/path-to-image2.jpg\"\n  ],\n  \"description\": \"Kit com 20 dolmas de cozinheiro, essenciais como aliadas na cozinha e para profissionais da gastronomia.\",\n  \"sku\": \"SKU13579\",\n  \"mpn\": \"MPN13579\",\n  \"brand\": {\n    \"@type\": \"Brand\",\n    \"name\": \"Alpha Moda Social\"\n  },\n  \"offers\": {\n    \"@type\": \"Offer\",\n    \"url\": \"https:\/\/alphamodasocial.com.br\/shop\/produto\/dolma-cozinheiro-sua-aliada-como-roupa-de-cozinha-e-gastronomia-20-pcs\/\",\n    \"priceCurrency\": \"BRL\",\n    \"price\": \"850.00\",\n    \"priceValidUntil\": \"2024-12-31\",\n    \"itemCondition\": \"https:\/\/schema.org\/NewCondition\",\n    \"availability\": \"https:\/\/schema.org\/InStock\"\n  }\n}\n<\/script><\/p>\n","protected":false},"excerpt":{"rendered":"<p>&nbsp;<\/p>\n<p><strong><img decoding=\"async\" loading=\"lazy\" class=\"wp-image-28455 alignleft\" src=\"https:\/\/unialphauniformes.com.br\/wp-content\/uploads\/2022\/06\/c585d7e96a7eaf3f1ecd1297d4593ce9.jpg\" alt=\"\" width=\"93\" height=\"93\" \/><\/strong><\/p>\n<p><strong>FAZEMOS SEU UNIFORME NA COR QUE VOC\u00ca IMAGINAR<\/strong><\/p>\n<p>&nbsp;<\/p>\n<p><strong>Compre agora e nos envie as informa\u00e7\u00f5es abaixo nesse whatsapp<a href=\"https:\/\/wa.me\/551531911606?text=Ol\u00e1,%20vim%20do%20site%20alpha%20Uniformes\" target=\"_blank\" rel=\"noopener\"><img decoding=\"async\" loading=\"lazy\" class=\"alignnone wp-image-28466\" src=\"https:\/\/unialphauniformes.com.br\/wp-content\/uploads\/2022\/06\/ec17f4c55c8cc534d8b12ea2181a0b73.jpg\" alt=\"\" width=\"17\" height=\"17\" \/><\/a> <\/strong><br \/>\n&#8211; O logo da sua empresa<br \/>\n&#8211; Combina\u00e7\u00e3o de cores que deseja conforme cat\u00e1logos em anexo<br \/>\n&#8211; Quantidades de pe\u00e7as por tamanho e sexo<\/p>\n<p>&nbsp;<\/p>\n<p>&nbsp;<\/p>\n<p>&nbsp;<\/p>\n<h4><\/h4>\n","protected":false},"featured_media":20312,"template":"","meta":{"_monsterinsights_skip_tracking":false,"_monsterinsights_sitenote_active":false,"_monsterinsights_sitenote_note":"","_monsterinsights_sitenote_category":0},"product_cat":[2083,232],"product_tag":[2097,2092,2087,2089,2096,2088,2086,2090,2085,2084,2095,2094,2091,2093],"_links":{"self":[{"href":"https:\/\/alphamodasocial.com.br\/shop\/wp-json\/wp\/v2\/product\/20307"}],"collection":[{"href":"https:\/\/alphamodasocial.com.br\/shop\/wp-json\/wp\/v2\/product"}],"about":[{"href":"https:\/\/alphamodasocial.com.br\/shop\/wp-json\/wp\/v2\/types\/product"}],"wp:featuredmedia":[{"embeddable":true,"href":"https:\/\/alphamodasocial.com.br\/shop\/wp-json\/wp\/v2\/media\/20312"}],"wp:attachment":[{"href":"https:\/\/alphamodasocial.com.br\/shop\/wp-json\/wp\/v2\/media?parent=20307"}],"wp:term":[{"taxonomy":"product_cat","embeddable":true,"href":"https:\/\/alphamodasocial.com.br\/shop\/wp-json\/wp\/v2\/product_cat?post=20307"},{"taxonomy":"product_tag","embeddable":true,"href":"https:\/\/alphamodasocial.com.br\/shop\/wp-json\/wp\/v2\/product_tag?post=20307"}],"curies":[{"name":"wp","href":"https:\/\/api.w.org\/{rel}","templated":true}]}}