{"id":20228,"date":"2023-12-29T09:47:11","date_gmt":"2023-12-29T12:47:11","guid":{"rendered":"https:\/\/alphamodasocial.com.br\/shop\/?post_type=product&#038;p=20228"},"modified":"2025-06-25T09:44:46","modified_gmt":"2025-06-25T12:44:46","slug":"polo-shirt-com-gola-menor-e-ziper-embutido-uma-peca-essencial-para-o-profissional-moderno-kit-20-pcs","status":"publish","type":"product","link":"https:\/\/alphamodasocial.com.br\/shop\/produto\/polo-shirt-com-gola-menor-e-ziper-embutido-uma-peca-essencial-para-o-profissional-moderno-kit-20-pcs\/","title":{"rendered":"A Polo Shirt com gola menor e z\u00edper embutido que combina com o profissional moderno &#8211; Kit 20 p\u00e7s"},"content":{"rendered":"<div class=\"flex-1 overflow-hidden\">\n<div class=\"react-scroll-to-bottom--css-icfpe-79elbk h-full\">\n<div class=\"react-scroll-to-bottom--css-icfpe-1n7m0yu\">\n<div class=\"flex flex-col text-sm gizmo:pb-9 dark:bg-gray-800 gizmo:dark:bg-transparent\">\n<div class=\"w-full text-token-text-primary border-b border-black\/10 gizmo:border-0 dark:border-gray-900\/50 gizmo:dark:border-0 bg-gray-50 gizmo:bg-transparent dark:bg-[#444654] gizmo:dark:bg-transparent\" data-testid=\"conversation-turn-37\">\n<div class=\"p-4 gizmo:py-2 justify-center text-base md:gap-6 md:py-6 m-auto\">\n<div class=\"flex flex-1 gap-4 text-base mx-auto md:gap-6 gizmo:gap-3 gizmo:md:px-5 gizmo:lg:px-1 gizmo:xl:px-5 md:max-w-2xl lg:max-w-[38rem] gizmo:md:max-w-3xl gizmo:lg:max-w-[40rem] gizmo:xl:max-w-[48rem] xl:max-w-3xl } group final-completion\">\n<div class=\"relative flex w-[calc(100%-50px)] flex-col gizmo:w-full lg:w-[calc(100%-115px)] agent-turn\">\n<div class=\"flex-col gap-1 md:gap-3\">\n<div class=\"flex flex-grow flex-col max-w-full gap-3 gizmo:gap-0\">\n<div class=\"min-h-[20px] text-message flex flex-col items-start gap-3 whitespace-pre-wrap break-words [.text-message+&amp;]:mt-5 overflow-x-auto\" data-message-author-role=\"assistant\" data-message-id=\"e56396e6-8927-4c61-a622-cafd7a0faf1e\">\n<div class=\"markdown prose w-full break-words dark:prose-invert light\">\n<div id=\"chat-history\" class=\"chat-history-scroll-container ng-tns-c2929205653-2 ng-trigger ng-trigger-resetChat\">\n<div class=\"conversation-container ng-tns-c2929205653-2 visd-patch ng-star-inserted\">\n<div class=\"ng-tns-c2724224251-13\">\n<div class=\"response-container ng-tns-c2992107066-14 response-container-has-multiple-responses\">\n<div class=\"presented-response-container ng-tns-c2992107066-14\">\n<div class=\"response-container-content ng-tns-c2992107066-14\">\n<div class=\"response-content ng-trigger ng-trigger-responsePopulation ng-tns-c2992107066-14 ng-animate-disabled\">\n<div class=\"markdown markdown-main-panel\" dir=\"ltr\">\n<p data-sourcepos=\"5:1-5:193\">A polo shirt \u00e9 uma pe\u00e7a de roupa vers\u00e1til que pode ser usada em diversas ocasi\u00f5es profissionais, desde o trabalho amais formal at\u00e9 mais informal. \u00c9 uma op\u00e7\u00e3o elegante e confort\u00e1vel, que confere um visual profissional e s\u00f3brio.<\/p>\n<div class=\"flex-1 overflow-hidden\">\n<div class=\"react-scroll-to-bottom--css-icfpe-79elbk h-full\">\n<div class=\"react-scroll-to-bottom--css-icfpe-1n7m0yu\">\n<div class=\"flex flex-col text-sm gizmo:pb-9 dark:bg-gray-800 gizmo:dark:bg-transparent\">\n<div class=\"w-full text-token-text-primary border-b border-black\/10 gizmo:border-0 dark:border-gray-900\/50 gizmo:dark:border-0 bg-gray-50 gizmo:bg-transparent dark:bg-[#444654] gizmo:dark:bg-transparent\" data-testid=\"conversation-turn-37\">\n<div class=\"p-4 gizmo:py-2 justify-center text-base md:gap-6 md:py-6 m-auto\">\n<div class=\"flex flex-1 gap-4 text-base mx-auto md:gap-6 gizmo:gap-3 gizmo:md:px-5 gizmo:lg:px-1 gizmo:xl:px-5 md:max-w-2xl lg:max-w-[38rem] gizmo:md:max-w-3xl gizmo:lg:max-w-[40rem] gizmo:xl:max-w-[48rem] xl:max-w-3xl } group final-completion\">\n<div class=\"relative flex w-[calc(100%-50px)] flex-col gizmo:w-full lg:w-[calc(100%-115px)] agent-turn\">\n<div class=\"flex-col gap-1 md:gap-3\">\n<div class=\"flex flex-grow flex-col max-w-full gap-3 gizmo:gap-0\">\n<div class=\"min-h-[20px] text-message flex flex-col items-start gap-3 whitespace-pre-wrap break-words [.text-message+&amp;]:mt-5 overflow-x-auto\" data-message-author-role=\"assistant\" data-message-id=\"e56396e6-8927-4c61-a622-cafd7a0faf1e\">\n<div class=\"markdown prose w-full break-words dark:prose-invert light\">\n<p><strong>Tamanhos PP ao EXG masculino e feminino<\/strong><\/p>\n<\/div>\n<\/div>\n<\/div>\n<\/div>\n<\/div>\n<\/div>\n<\/div>\n<\/div>\n<\/div>\n<\/div>\n<\/div>\n<\/div>\n<p>Tamanhos G1 ao G6 plus size tem acr\u00e9scimo de 40%<b><\/b><\/p>\n<p><strong>TEMPO DE PROCESSAMENTO DE ENTREGA 25 a 35 DIAS \u00daTEIS (RECEBIMENTO DO PAGAMENTO, SEPARA\u00c7\u00c3O, CONFER\u00caNCIA, EMBALAGEM E ENVIO) MAIS O PRAZO ESTIPULADO PELOS CORREIOS.<\/strong><br \/>\n<strong>O PRAZO COME\u00c7AR\u00c1 A CONTAR A PARTIR DA APROVA\u00c7\u00c3O DO PEDIDO COM TAMANHOS, COR, MODELO E SIMULA\u00c7\u00c3O J\u00c1 DEFINIDOS.<\/strong><\/p>\n<p data-sourcepos=\"7:1-7:111\">Nesta descri\u00e7\u00e3o, vamos falar sobre as vantagens de usar polo shirt e como escolher a pe\u00e7a ideal para o seu estilo.<\/p>\n<p data-sourcepos=\"9:1-9:28\"><strong>Vantagens da polo shirt:<\/strong><\/p>\n<p data-sourcepos=\"11:1-11:71\">A polo shirt \u00e9 uma pe\u00e7a de roupa que oferece diversos benef\u00edcios, como:<\/p>\n<ul data-sourcepos=\"13:1-17:0\">\n<li data-sourcepos=\"13:1-13:94\"><strong>Eleg\u00e2ncia:<\/strong>\u00a0a polo shirt \u00e9 uma pe\u00e7a cl\u00e1ssica que confere um visual profissional e s\u00f3brio.<\/li>\n<li data-sourcepos=\"14:1-14:128\"><strong>Conforto:<\/strong>\u00a0a polo shirt \u00e9 feita de um tecido leve e respir\u00e1vel,\u00a0que mant\u00e9m o corpo fresco e confort\u00e1vel durante o dia todo.<\/li>\n<li data-sourcepos=\"15:1-15:100\"><strong>Versatilidade:<\/strong>\u00a0a polo shirt pode ser usada em diversas ocasi\u00f5es,\u00a0desde o trabalho at\u00e9 o lazer.<\/li>\n<li data-sourcepos=\"16:1-17:0\"><strong>Durabilidade:<\/strong>\u00a0a polo shirt \u00e9 feita de materiais de alta qualidade,\u00a0que garantem uma longa vida \u00fatil.<\/li>\n<\/ul>\n<p data-sourcepos=\"18:1-18:37\"><strong>Como escolher a polo shirt ideal:<\/strong><\/p>\n<p data-sourcepos=\"20:1-20:73\">Ao escolher uma polo shirt, \u00e9 importante considerar os seguintes fatores:<\/p>\n<ul data-sourcepos=\"22:1-25:0\">\n<li data-sourcepos=\"22:1-22:119\"><strong>Tamanho:<\/strong>\u00a0a polo shirt deve ser do tamanho certo,\u00a0para que fique confort\u00e1vel e n\u00e3o fique apertada ou larga demais.<\/li>\n<li data-sourcepos=\"23:1-23:199\"><strong>Cor:<\/strong>\u00a0a cor da polo shirt deve ser adequada para a ocasi\u00e3o.\u00a0Para o trabalho,\u00a0opte por cores neutras,\u00a0como branco,\u00a0preto ou azul claro.\u00a0Para o lazer,\u00a0pode apostar em cores mais vivas ou estampas.<\/li>\n<li data-sourcepos=\"24:1-25:0\"><strong>Material:<\/strong>\u00a0o material da polo shirt deve ser leve e respir\u00e1vel,\u00a0para manter o corpo fresco e confort\u00e1vel.<br \/>\nOp\u00e7\u00f5es de malhas para fazermos os seus uniformes ou fardamentos profissionais<br \/>\n<strong>Malha piquet<\/strong>\u00a0(antipilling = anti bolinhas) \u2013 50% poli\u00e9ster 50% algod\u00e3o<strong><br \/>\nMalha fria PV<\/strong>\u00a0(antipilling = anti bolinhas) 67% poliester 33% viscose<br \/>\n<strong>Malha Dry fit<\/strong>\u00a0100% poliester<br \/>\n<strong>Meia malha<\/strong>\u00a0100% algod\u00e3o<\/li>\n<\/ul>\n<p data-sourcepos=\"26:1-26:44\"><strong>Polo shirt para uniformes profissionais:<\/strong><\/p>\n<p data-sourcepos=\"28:1-28:140\">A polo shirt \u00e9 uma \u00f3tima op\u00e7\u00e3o para uniformes profissionais. \u00c9 uma pe\u00e7a elegante e confort\u00e1vel, que confere um visual profissional e s\u00f3brio.<\/p>\n<p data-sourcepos=\"30:1-30:102\">Ao escolher uma polo shirt para uniformes profissionais, \u00e9 importante considerar os seguintes fatores:<\/p>\n<ul data-sourcepos=\"32:1-35:0\">\n<li data-sourcepos=\"32:1-32:164\"><strong>Logotipo da empresa:<\/strong>\u00a0a polo shirt deve ter o logotipo da empresa bordado ou estampado.\u00a0Isso ajuda a identificar os funcion\u00e1rios e promover a marca da empresa.<\/li>\n<li data-sourcepos=\"33:1-33:148\"><strong>Cores corporativas:<\/strong>\u00a0a polo shirt deve ser nas cores corporativas da empresa.\u00a0Isso ajuda a criar uma identidade visual uniforme para a empresa.<\/li>\n<li data-sourcepos=\"34:1-35:0\"><strong>Qualidade:<\/strong>\u00a0a polo shirt deve ser feita de materiais de alta qualidade,\u00a0para garantir uma longa vida \u00fatil.<\/li>\n<\/ul>\n<p data-sourcepos=\"36:1-36:28\"><strong>Onde comprar polo shirt:<\/strong><\/p>\n<p data-sourcepos=\"38:1-38:87\">A polo shirt pode ser encontrada em lojas de roupas, lojas de uniformes e lojas online.<\/p>\n<p data-sourcepos=\"40:1-40:132\">Ao comprar uma polo shirt, \u00e9 importante optar por uma loja de confian\u00e7a, que ofere\u00e7a produtos de qualidade e com um bom atendimento.<\/p>\n<p data-sourcepos=\"52:1-52:188\">A polo shirt \u00e9 uma pe\u00e7a de roupa vers\u00e1til e elegante, que pode ser usada em diversas ocasi\u00f5es. \u00c9 uma \u00f3tima op\u00e7\u00e3o para uniformes profissionais, pois confere um visual profissional e s\u00f3brio.<\/p>\n<p data-sourcepos=\"54:1-54:242\">Ao escolher uma polo shirt, \u00e9 importante considerar os fatores mencionados neste artigo, como tamanho, cor, material e qualidade. Tamb\u00e9m \u00e9 importante optar por uma loja de confian\u00e7a, que ofere\u00e7a produtos de qualidade e com um bom atendimento.<\/p>\n<p data-sourcepos=\"58:1-58:102\">Confira a nossa <a href=\"https:\/\/alphamodasocial.com.br\/shop\/categoria-produto\/uniformes-profissionais\/camisas-polo-personalizadas\/\" target=\"_blank\" rel=\"noopener\">sele\u00e7\u00e3o de polo shirts<\/a> para uniformes profissionais.<\/p>\n<p>Ou nos chame no whatsapp<\/p>\n<\/div>\n<\/div>\n<\/div>\n<\/div>\n<\/div>\n<\/div>\n<\/div>\n<\/div>\n<p>Pe\u00e7a um or\u00e7amento agora e transforme o uniforme da sua empresa em um marketing poderoso!<\/p>\n<p><a href=\"https:\/\/wa.me\/551531911606?text=Ol\u00e1,%20vim%20do%20site%20alpha%20Uniformes\" target=\"_blank\" rel=\"noopener\"><img decoding=\"async\" loading=\"lazy\" class=\"alignnone wp-image-31717\" src=\"https:\/\/unialphauniformes.com.br\/wp-content\/uploads\/2023\/09\/download.png\" alt=\"contato unialpha uniformes profissionais\" width=\"128\" height=\"49\" \/><\/a><\/p>\n<p>&nbsp;<\/p>\n<\/div>\n<\/div>\n<\/div>\n<\/div>\n<\/div>\n<\/div>\n<\/div>\n<\/div>\n<\/div>\n<\/div>\n<\/div>\n<\/div>\n<p><script type=\"application\/ld+json\">\n{\n  \"@context\": \"https:\/\/schema.org\",\n  \"@type\": \"Product\",\n  \"name\": \"Polo Shirt com Gola Menor e Z\u00edper Embutido - Kit 20 pcs\",\n  \"image\": \"https:\/\/alphamodasocial.com.br\/path-to-your-image.jpg\",\n  \"description\": \"Uma pe\u00e7a essencial para o profissional moderno, ideal para quem busca eleg\u00e2ncia e praticidade.\",\n  \"brand\": {\n    \"@type\": \"Brand\",\n    \"name\": \"Alpha Moda Social\"\n  },\n  \"sku\": \"12345\",\n  \"offers\": {\n    \"@type\": \"Offer\",\n    \"url\": \"https:\/\/alphamodasocial.com.br\/shop\/produto\/polo-shirt-com-gola-menor-e-ziper-embutido-uma-peca-essencial-para-o-profissional-moderno-kit-20-pcs\/\",\n    \"priceCurrency\": \"BRL\",\n    \"price\": \"199.99\",\n    \"itemCondition\": \"https:\/\/schema.org\/NewCondition\",\n    \"availability\": \"https:\/\/schema.org\/InStock\"\n  }\n}\n<\/script><\/p>\n","protected":false},"excerpt":{"rendered":"<p>&nbsp;<\/p>\n<p><strong><img decoding=\"async\" loading=\"lazy\" class=\"wp-image-28455 alignleft\" src=\"https:\/\/unialphauniformes.com.br\/wp-content\/uploads\/2022\/06\/c585d7e96a7eaf3f1ecd1297d4593ce9.jpg\" alt=\"\" width=\"93\" height=\"93\" \/><\/strong><\/p>\n<p><strong>FAZEMOS SEU UNIFORME NA COR QUE VOC\u00ca IMAGINAR<\/strong><\/p>\n<p>&nbsp;<\/p>\n<p><strong>Compre agora e nos envie as informa\u00e7\u00f5es abaixo nesse whatsapp<a href=\"https:\/\/wa.me\/551531911606?text=Ol\u00e1,%20vim%20do%20site%20alpha%20Uniformes\" target=\"_blank\" rel=\"noopener\"><img decoding=\"async\" loading=\"lazy\" class=\"alignnone wp-image-28466\" src=\"https:\/\/unialphauniformes.com.br\/wp-content\/uploads\/2022\/06\/ec17f4c55c8cc534d8b12ea2181a0b73.jpg\" alt=\"\" width=\"17\" height=\"17\" \/><\/a> <\/strong><br \/>\n&#8211; O logo da sua empresa<br \/>\n&#8211; Combina\u00e7\u00e3o de cores que deseja conforme cat\u00e1logos em anexo<br \/>\n&#8211; Quantidades de pe\u00e7as por tamanho e sexo<\/p>\n<p>&nbsp;<\/p>\n<p>&nbsp;<\/p>\n","protected":false},"featured_media":20230,"template":"","meta":{"_monsterinsights_skip_tracking":false,"_monsterinsights_sitenote_active":false,"_monsterinsights_sitenote_note":"","_monsterinsights_sitenote_category":0},"product_cat":[701,232],"product_tag":[1958,1956,1957,1959,1954,1955,1960],"_links":{"self":[{"href":"https:\/\/alphamodasocial.com.br\/shop\/wp-json\/wp\/v2\/product\/20228"}],"collection":[{"href":"https:\/\/alphamodasocial.com.br\/shop\/wp-json\/wp\/v2\/product"}],"about":[{"href":"https:\/\/alphamodasocial.com.br\/shop\/wp-json\/wp\/v2\/types\/product"}],"wp:featuredmedia":[{"embeddable":true,"href":"https:\/\/alphamodasocial.com.br\/shop\/wp-json\/wp\/v2\/media\/20230"}],"wp:attachment":[{"href":"https:\/\/alphamodasocial.com.br\/shop\/wp-json\/wp\/v2\/media?parent=20228"}],"wp:term":[{"taxonomy":"product_cat","embeddable":true,"href":"https:\/\/alphamodasocial.com.br\/shop\/wp-json\/wp\/v2\/product_cat?post=20228"},{"taxonomy":"product_tag","embeddable":true,"href":"https:\/\/alphamodasocial.com.br\/shop\/wp-json\/wp\/v2\/product_tag?post=20228"}],"curies":[{"name":"wp","href":"https:\/\/api.w.org\/{rel}","templated":true}]}}