{"id":20206,"date":"2023-12-21T17:47:06","date_gmt":"2023-12-21T20:47:06","guid":{"rendered":"https:\/\/alphamodasocial.com.br\/shop\/?post_type=product&#038;p=20206"},"modified":"2025-06-19T11:08:47","modified_gmt":"2025-06-19T14:08:47","slug":"bone-evento-haval-1o-encontro-havaleiros-do-brasil-garagem-55-mooca-sao-paulo","status":"publish","type":"product","link":"https:\/\/alphamodasocial.com.br\/shop\/produto\/bone-evento-haval-1o-encontro-havaleiros-do-brasil-garagem-55-mooca-sao-paulo\/","title":{"rendered":"Bon\u00e9 Havaleiros do Brasil Haval H6 &#8211; PHEV, HEV e GT &#8211; GWM"},"content":{"rendered":"<p><strong>O acess\u00f3rio perfeito para os amantes do carro mais desejado do Brasil<\/strong><\/p>\n<p data-sourcepos=\"9:1-9:117\">O Haval H6 \u00e9 o carro mais desejado do Brasil, e agora voc\u00ea pode mostrar sua paix\u00e3o por ele com esse bon\u00e9 exclusivo.<\/p>\n<p data-sourcepos=\"11:1-11:156\">Este bon\u00e9 \u00e9 feito com materiais de alta qualidade, garantindo conforto e durabilidade. Ele tem um design moderno e estiloso, perfeito para qualquer ocasi\u00e3o.<\/p>\n<p data-sourcepos=\"13:1-13:140\">O bon\u00e9 \u00e9 preto com o logo bordado do Havaleiros na frente. Ele \u00e9 uma \u00f3tima maneira de mostrar seu amor pelo carro e sua personalidade \u00fanica.<\/p>\n<p data-sourcepos=\"15:1-15:92\"><strong>Compre agora o seu bon\u00e9 de Havaleiro e mostre sua paix\u00e3o pelo carro mais desejado do Brasil!<\/strong><\/p>\n<p>&nbsp;<\/p>\n<p><strong><img decoding=\"async\" loading=\"lazy\" class=\"wp-image-28455 alignleft\" src=\"https:\/\/unialphauniformes.com.br\/wp-content\/uploads\/2022\/06\/c585d7e96a7eaf3f1ecd1297d4593ce9.jpg\" alt=\"\" width=\"93\" height=\"93\" \/><\/strong><\/p>\n<p><strong>FAZEMOS SEU UNIFORME NA COR QUE VOC\u00ca IMAGINAR<\/strong><\/p>\n<p>&nbsp;<\/p>\n<p><strong>Compre agora e nos envie as informa\u00e7\u00f5es abaixo nesse whatsapp<a href=\"https:\/\/wa.me\/551531911606?text=Ol\u00e1,%20vim%20do%20site%20alpha%20Uniformes\" target=\"_blank\" rel=\"noopener\"><img decoding=\"async\" loading=\"lazy\" class=\"alignnone wp-image-28466\" src=\"https:\/\/unialphauniformes.com.br\/wp-content\/uploads\/2022\/06\/ec17f4c55c8cc534d8b12ea2181a0b73.jpg\" alt=\"\" width=\"17\" height=\"17\" \/><\/a> <\/strong><br \/>\n&#8211; O logo da sua empresa<br \/>\n&#8211; Combina\u00e7\u00e3o de cores que deseja conforme cat\u00e1logos em anexo<br \/>\n&#8211; Quantidades de pe\u00e7as por tamanho e sexo<\/p>\n<p>&nbsp;<\/p>\n<p>&nbsp;<\/p>\n<p data-sourcepos=\"53:1-53:318\">\n","protected":false},"excerpt":{"rendered":"<p><strong>Seja um orgulhoso propriet\u00e1rio do Haval H6 com esse bon\u00e9 exclusivo desenvolvido para voc\u00ea que est\u00e1 com essa m\u00e1quina fant\u00e1stica na m\u00e3o.<br \/>\n<\/strong><\/p>\n<p>&nbsp;<\/p>\n<p><strong><img decoding=\"async\" loading=\"lazy\" class=\"wp-image-28455 alignleft\" src=\"https:\/\/unialphauniformes.com.br\/wp-content\/uploads\/2022\/06\/c585d7e96a7eaf3f1ecd1297d4593ce9.jpg\" alt=\"\" width=\"93\" height=\"93\" \/><\/strong><\/p>\n<p><strong>FAZEMOS SEU UNIFORME NA COR QUE VOC\u00ca IMAGINAR<\/strong><\/p>\n<p>&nbsp;<\/p>\n<p><strong>Compre agora e nos envie as informa\u00e7\u00f5es abaixo nesse whatsapp<a href=\"https:\/\/wa.me\/551531911606?text=Ol\u00e1,%20vim%20do%20site%20alpha%20Uniformes\" target=\"_blank\" rel=\"noopener\"><img decoding=\"async\" loading=\"lazy\" class=\"alignnone wp-image-28466\" src=\"https:\/\/unialphauniformes.com.br\/wp-content\/uploads\/2022\/06\/ec17f4c55c8cc534d8b12ea2181a0b73.jpg\" alt=\"\" width=\"17\" height=\"17\" \/><\/a> <\/strong><br \/>\n&#8211; O logo da sua empresa<br \/>\n&#8211; Combina\u00e7\u00e3o de cores que deseja conforme cat\u00e1logos em anexo<br \/>\n&#8211; Quantidades de pe\u00e7as por tamanho e sexo<\/p>\n","protected":false},"featured_media":20207,"template":"","meta":{"_monsterinsights_skip_tracking":false,"_monsterinsights_sitenote_active":false,"_monsterinsights_sitenote_note":"","_monsterinsights_sitenote_category":0},"product_cat":[1924],"product_tag":[1941,1943,1942,2074,2075],"_links":{"self":[{"href":"https:\/\/alphamodasocial.com.br\/shop\/wp-json\/wp\/v2\/product\/20206"}],"collection":[{"href":"https:\/\/alphamodasocial.com.br\/shop\/wp-json\/wp\/v2\/product"}],"about":[{"href":"https:\/\/alphamodasocial.com.br\/shop\/wp-json\/wp\/v2\/types\/product"}],"wp:featuredmedia":[{"embeddable":true,"href":"https:\/\/alphamodasocial.com.br\/shop\/wp-json\/wp\/v2\/media\/20207"}],"wp:attachment":[{"href":"https:\/\/alphamodasocial.com.br\/shop\/wp-json\/wp\/v2\/media?parent=20206"}],"wp:term":[{"taxonomy":"product_cat","embeddable":true,"href":"https:\/\/alphamodasocial.com.br\/shop\/wp-json\/wp\/v2\/product_cat?post=20206"},{"taxonomy":"product_tag","embeddable":true,"href":"https:\/\/alphamodasocial.com.br\/shop\/wp-json\/wp\/v2\/product_tag?post=20206"}],"curies":[{"name":"wp","href":"https:\/\/api.w.org\/{rel}","templated":true}]}}