{"id":20134,"date":"2023-11-30T13:39:44","date_gmt":"2023-11-30T16:39:44","guid":{"rendered":"https:\/\/alphamodasocial.com.br\/shop\/?post_type=product&#038;p=20134"},"modified":"2025-06-20T11:26:43","modified_gmt":"2025-06-20T14:26:43","slug":"polo-profissional-com-design-moderno-para-uniformes-corporativos-personalizada-com-a-sua-marca-kit-20-pcs","status":"publish","type":"product","link":"https:\/\/alphamodasocial.com.br\/shop\/produto\/polo-profissional-com-design-moderno-para-uniformes-corporativos-personalizada-com-a-sua-marca-kit-20-pcs\/","title":{"rendered":"Beleza e conforto Polo Profissional com Design Moderno para Uniformes Corporativos &#8211; Personalizada com a sua marca &#8211; kit 20 p\u00e7s"},"content":{"rendered":"<div class=\"flex-1 overflow-hidden\">\n<div class=\"react-scroll-to-bottom--css-icfpe-79elbk h-full\">\n<div class=\"react-scroll-to-bottom--css-icfpe-1n7m0yu\">\n<div class=\"flex flex-col text-sm gizmo:pb-9 dark:bg-gray-800 gizmo:dark:bg-transparent\">\n<div class=\"w-full text-token-text-primary border-b border-black\/10 gizmo:border-0 dark:border-gray-900\/50 gizmo:dark:border-0 bg-gray-50 gizmo:bg-transparent dark:bg-[#444654] gizmo:dark:bg-transparent\" data-testid=\"conversation-turn-37\">\n<div class=\"p-4 gizmo:py-2 justify-center text-base md:gap-6 md:py-6 m-auto\">\n<div class=\"flex flex-1 gap-4 text-base mx-auto md:gap-6 gizmo:gap-3 gizmo:md:px-5 gizmo:lg:px-1 gizmo:xl:px-5 md:max-w-2xl lg:max-w-[38rem] gizmo:md:max-w-3xl gizmo:lg:max-w-[40rem] gizmo:xl:max-w-[48rem] xl:max-w-3xl } group final-completion\">\n<div class=\"relative flex w-[calc(100%-50px)] flex-col gizmo:w-full lg:w-[calc(100%-115px)] agent-turn\">\n<div class=\"flex-col gap-1 md:gap-3\">\n<div class=\"flex flex-grow flex-col max-w-full gap-3 gizmo:gap-0\">\n<div class=\"min-h-[20px] text-message flex flex-col items-start gap-3 whitespace-pre-wrap break-words [.text-message+&amp;]:mt-5 overflow-x-auto\" data-message-author-role=\"assistant\" data-message-id=\"e56396e6-8927-4c61-a622-cafd7a0faf1e\">\n<div class=\"markdown prose w-full break-words dark:prose-invert light\">\n<p>Descubra nossa sele\u00e7\u00e3o variada de materiais de primeira linha, cada um garantindo m\u00e1ximo conforto e resist\u00eancia prolongada:<\/p>\n<ul>\n<li><strong>Tecido Piquet (resistente \u00e0 forma\u00e7\u00e3o de bolinhas) &#8211; Composi\u00e7\u00e3o 50% algod\u00e3o, 50% poli\u00e9ster<\/strong><\/li>\n<li><strong>Tecido PV Refrescante (tamb\u00e9m resistente \u00e0 bolinhas) &#8211; Composi\u00e7\u00e3o 67% poli\u00e9ster, 33% viscose<\/strong><\/li>\n<li><strong>Tecido Dry-Fit de Poli\u00e9ster Puro &#8211; 100% poli\u00e9ster<\/strong><\/li>\n<li><strong>Malha Suave de Algod\u00e3o Puro &#8211; 100% algod\u00e3o<\/strong><\/li>\n<\/ul>\n<p>Receba um presente exclusivo: a bandeira nacional incorporada ao uniforme para exaltar o esp\u00edrito patri\u00f3tico de sua equipe. Explore nosso v\u00eddeo de apresenta\u00e7\u00e3o para compreender os benef\u00edcios de cada tipo de tecido e selecionar a melhor op\u00e7\u00e3o para sua organiza\u00e7\u00e3o.<\/p>\n<p>Caso tenha quest\u00f5es sobre os tecidos, confira nosso v\u00eddeo explicativo <a href=\"https:\/\/youtu.be\/y9Hj79Md5lY\" target=\"_blank\" rel=\"noopener\"><img decoding=\"async\" loading=\"lazy\" class=\"alignnone wp-image-20136\" src=\"https:\/\/alphamodasocial.com.br\/shop\/wp-content\/uploads\/2023\/11\/download.png\" alt=\"\" width=\"55\" height=\"24\" srcset=\"https:\/\/alphamodasocial.com.br\/shop\/wp-content\/uploads\/2023\/11\/download.png 341w, https:\/\/alphamodasocial.com.br\/shop\/wp-content\/uploads\/2023\/11\/download-300x130.png 300w, https:\/\/alphamodasocial.com.br\/shop\/wp-content\/uploads\/2023\/11\/download-320x148.png 320w\" sizes=\"(max-width: 55px) 100vw, 55px\" \/><\/a>.<\/p>\n<p>Solicite seu or\u00e7amento agora e beneficie-se de nossa eficiente log\u00edstica de entrega, com prazos definidos de 25 a 35 dias \u00fateis para o envio, al\u00e9m de um atendimento confi\u00e1vel. Estamos equipados para acomodar pedidos de tamanhos Plus Size e demandas personalizadas, com uma equipe de especialistas dispon\u00edveis via WhatsApp para lhe assessorar.<\/p>\n<p>Pe\u00e7a um or\u00e7amento agora e transforme o uniforme da sua empresa em um marketing poderoso!<\/p>\n<p><a href=\"https:\/\/wa.me\/551531911606?text=Ol\u00e1,%20vim%20do%20site%20Unialpha%20Uniformes\" target=\"_blank\" rel=\"noopener\"><img decoding=\"async\" loading=\"lazy\" class=\"wp-image-31717\" src=\"https:\/\/unialphauniformes.com.br\/wp-content\/uploads\/2023\/09\/download.png\" alt=\"contato unialpha uniformes profissionais\" width=\"128\" height=\"49\" \/><\/a><\/p>\n<p>Comprometemo-nos com a plena satisfa\u00e7\u00e3o dos nossos clientes e com a apresenta\u00e7\u00e3o impec\u00e1vel da sua imagem corporativa. Nossos procedimentos automatizados garantem a alta qualidade e a consist\u00eancia que seu neg\u00f3cio exige. Experimente a superioridade de <strong>uniformes<\/strong> confeccionados com aten\u00e7\u00e3o aos detalhes &#8211; porque a apresenta\u00e7\u00e3o da sua equipe \u00e9 o espelho da sua empresa. Dispon\u00edveis nos tamanhos PP a EXG. Para tamanhos G1 a G6 em Plus Size, ser\u00e1 aplicado um ajuste de 40%.<\/p>\n<p>Se quiser apreciar novos modelos, \u00e9 s\u00f3 clicar <a href=\"https:\/\/unialphauniformes.com.br\/categoria-produto\/uniformes-profissionais\/camisa-gola-polo-personalizada\/\" target=\"_blank\" rel=\"noopener\">aqui\u00a0<\/a><\/p>\n<\/div>\n<\/div>\n<\/div>\n<\/div>\n<\/div>\n<\/div>\n<\/div>\n<\/div>\n<\/div>\n<\/div>\n<\/div>\n<\/div>\n<p><script type=\"application\/ld+json\">\n{\n  \"@context\": \"https:\/\/schema.org\/\",\n  \"@type\": \"Product\",\n  \"name\": \"Polo Profissional com Design Moderno para Uniformes Corporativos - Personalizada com a Sua Marca - Kit 20 Pcs\",\n  \"image\": [\n    \"https:\/\/alphamodasocial.com.br\/path-to-image1.jpg\",\n    \"https:\/\/alphamodasocial.com.br\/path-to-image2.jpg\"\n  ],\n  \"description\": \"Kit com 20 polos profissionais com design moderno, ideais para uniformes corporativos, personalizadas com a sua marca.\",\n  \"sku\": \"SKU11223\",\n  \"mpn\": \"MPN11223\",\n  \"brand\": {\n    \"@type\": \"Brand\",\n    \"name\": \"Alpha Moda Social\"\n  },\n  \"offers\": {\n    \"@type\": \"Offer\",\n    \"url\": \"https:\/\/alphamodasocial.com.br\/shop\/produto\/polo-profissional-com-design-moderno-para-uniformes-corporativos-personalizada-com-a-sua-marca-kit-20-pcs\/\",\n    \"priceCurrency\": \"BRL\",\n    \"price\": \"900.00\",\n    \"priceValidUntil\": \"2024-12-31\",\n    \"itemCondition\": \"https:\/\/schema.org\/NewCondition\",\n    \"availability\": \"https:\/\/schema.org\/InStock\"\n  }\n}\n<\/script><\/p>\n","protected":false},"excerpt":{"rendered":"<p>&nbsp;<\/p>\n<p><strong><img decoding=\"async\" loading=\"lazy\" class=\"wp-image-28455 alignleft\" src=\"https:\/\/unialphauniformes.com.br\/wp-content\/uploads\/2022\/06\/c585d7e96a7eaf3f1ecd1297d4593ce9.jpg\" alt=\"\" width=\"93\" height=\"93\" \/><\/strong><\/p>\n<p><strong>FAZEMOS SEU UNIFORME NA COR QUE VOC\u00ca IMAGINAR<\/strong><\/p>\n<p>&nbsp;<\/p>\n<p><strong>Compre agora e nos envie as informa\u00e7\u00f5es abaixo nesse whatsapp<a href=\"https:\/\/wa.me\/551531911606?text=Ol\u00e1,%20vim%20do%20site%20alpha%20Uniformes\" target=\"_blank\" rel=\"noopener\"><img decoding=\"async\" loading=\"lazy\" class=\"alignnone wp-image-28466\" src=\"https:\/\/unialphauniformes.com.br\/wp-content\/uploads\/2022\/06\/ec17f4c55c8cc534d8b12ea2181a0b73.jpg\" alt=\"\" width=\"17\" height=\"17\" \/><\/a> <\/strong><br \/>\n&#8211; O logo da sua empresa<br \/>\n&#8211; Combina\u00e7\u00e3o de cores que deseja conforme cat\u00e1logos em anexo<br \/>\n&#8211; Quantidades de pe\u00e7as por tamanho e sexo<\/p>\n","protected":false},"featured_media":20140,"template":"","meta":{"_monsterinsights_skip_tracking":false,"_monsterinsights_sitenote_active":false,"_monsterinsights_sitenote_note":"","_monsterinsights_sitenote_category":0},"product_cat":[701,232],"product_tag":[1859,1840,1847,1726,1839,1846,1849,1860,1837,1838,1850,1861,1845,1836,1852,1855,1848,1856,1853,1858,1725,1857,1851,1842,1841,1427,1844,2337,1854,1843],"_links":{"self":[{"href":"https:\/\/alphamodasocial.com.br\/shop\/wp-json\/wp\/v2\/product\/20134"}],"collection":[{"href":"https:\/\/alphamodasocial.com.br\/shop\/wp-json\/wp\/v2\/product"}],"about":[{"href":"https:\/\/alphamodasocial.com.br\/shop\/wp-json\/wp\/v2\/types\/product"}],"wp:featuredmedia":[{"embeddable":true,"href":"https:\/\/alphamodasocial.com.br\/shop\/wp-json\/wp\/v2\/media\/20140"}],"wp:attachment":[{"href":"https:\/\/alphamodasocial.com.br\/shop\/wp-json\/wp\/v2\/media?parent=20134"}],"wp:term":[{"taxonomy":"product_cat","embeddable":true,"href":"https:\/\/alphamodasocial.com.br\/shop\/wp-json\/wp\/v2\/product_cat?post=20134"},{"taxonomy":"product_tag","embeddable":true,"href":"https:\/\/alphamodasocial.com.br\/shop\/wp-json\/wp\/v2\/product_tag?post=20134"}],"curies":[{"name":"wp","href":"https:\/\/api.w.org\/{rel}","templated":true}]}}