{"id":20079,"date":"2023-11-15T12:12:11","date_gmt":"2023-11-15T15:12:11","guid":{"rendered":"https:\/\/alphamodasocial.com.br\/shop\/?post_type=product&#038;p=20079"},"modified":"2025-06-19T11:33:28","modified_gmt":"2025-06-19T14:33:28","slug":"camisetas-polo-modelo-haval-h6-gt-phev-conquiste-as-ruas-com-estilo-edicao-limitada-kit-2-pcs","status":"publish","type":"product","link":"https:\/\/alphamodasocial.com.br\/shop\/produto\/camisetas-polo-modelo-haval-h6-gt-phev-conquiste-as-ruas-com-estilo-edicao-limitada-kit-2-pcs\/","title":{"rendered":"Camisetas Polo Modelo Haval H6 GT PHEV &#8211; Conquiste as ruas com estilo: \u2013 Edi\u00e7\u00e3o Limitada! Kit 2 p\u00e7s"},"content":{"rendered":"<ul>\n<li>&#8220;Vista-se com a engenharia e a excel\u00eancia da Haval com a nova Camisa Polo H6 GT PHEV!&#8221;<\/li>\n<li>&#8220;Projetada para o entusiasta automotivo moderno, esta camisa \u00e9 a combina\u00e7\u00e3o perfeita de conforto e estilo.&#8221;<\/li>\n<li>&#8220;Confeccionada com tecido premium que oferece durabilidade e um ajuste confort\u00e1vel para o dia todo.&#8221;<\/li>\n<li>&#8220;Detalhes exclusivos que refletem o design inovador do Haval H6 GT PHEV, com cores que capturam a ess\u00eancia da sua paix\u00e3o por carros.&#8221;<\/li>\n<\/ul>\n<p><strong>&#8220;Dispon\u00edvel por tempo limitado. Adquira hoje e mostre seu orgulho Haval!&#8221;<\/strong><\/p>\n<p><strong>&#8220;Clique aqui e garanta a sua agora!&#8221;<\/strong><\/p>\n<p>ATEN\u00c7\u00c3O ! as duas pe\u00e7as tem que ser do mesmo tamanho.<\/p>\n<p><strong>Meia malha<\/strong> 100% algod\u00e3o<\/p>\n<p>Tamanhos PP ao EXG<\/p>\n<p>Tamanhos G1 ao G6 plus size tem acr\u00e9scimo de 40%<b><\/b><\/p>\n<h5><strong>TEMPO DE PROCESSAMENTO DE ENTREGA 10 DIAS \u00daTEIS (RECEBIMENTO DO PAGAMENTO, SEPARA\u00c7\u00c3O, CONFER\u00caNCIA, EMBALAGEM E ENVIO) MAIS O PRAZO ESTIPULADO PELOS CORREIOS.<\/strong><br \/>\n<strong>O PRAZO COME\u00c7AR\u00c1 A CONTAR A PARTIR DA APROVA\u00c7\u00c3O DO PEDIDO COM TAMANHOS, COR, MODELO E SIMULA\u00c7\u00c3O J\u00c1 DEFINIDOS.<\/strong><\/h5>\n<p>&nbsp;<\/p>\n<p><strong><img decoding=\"async\" loading=\"lazy\" class=\"wp-image-28455 alignleft\" src=\"https:\/\/unialphauniformes.com.br\/wp-content\/uploads\/2022\/06\/c585d7e96a7eaf3f1ecd1297d4593ce9.jpg\" alt=\"\" width=\"93\" height=\"93\" \/><\/strong><\/p>\n<p><strong>FAZEMOS SEU UNIFORME NA COR QUE VOC\u00ca IMAGINAR<\/strong><\/p>\n<p>&nbsp;<\/p>\n<p><strong>Compre agora e nos envie as informa\u00e7\u00f5es abaixo nesse whatsapp<a href=\"https:\/\/wa.me\/551531911606?text=Ol\u00e1,%20vim%20do%20site%20alpha%20Uniformes\" target=\"_blank\" rel=\"noopener\"><img decoding=\"async\" loading=\"lazy\" class=\"alignnone wp-image-28466\" src=\"https:\/\/unialphauniformes.com.br\/wp-content\/uploads\/2022\/06\/ec17f4c55c8cc534d8b12ea2181a0b73.jpg\" alt=\"\" width=\"17\" height=\"17\" \/><\/a> <\/strong><br \/>\n&#8211; O logo da sua empresa<br \/>\n&#8211; Combina\u00e7\u00e3o de cores que deseja conforme cat\u00e1logos em anexo<br \/>\n&#8211; Quantidades de pe\u00e7as por tamanho e sexo<\/p>\n","protected":false},"excerpt":{"rendered":"<p>&#8220;Adquira a exclusiva Camisa Polo Haval H6 GT PHEV &#8211; o mix perfeito de estilo automotivo e conforto premium. Edi\u00e7\u00e3o limitada. Compre agora e destaque-se!&#8221;<br \/>\n<img decoding=\"async\" loading=\"lazy\" class=\"alignnone wp-image-20076\" src=\"https:\/\/alphamodasocial.com.br\/shop\/wp-content\/uploads\/2023\/11\/63688e4f-ce69-4883-bbad-e17c07390af3-copiar.png\" alt=\"\" width=\"84\" height=\"32\" srcset=\"https:\/\/alphamodasocial.com.br\/shop\/wp-content\/uploads\/2023\/11\/63688e4f-ce69-4883-bbad-e17c07390af3-copiar.png 800w, https:\/\/alphamodasocial.com.br\/shop\/wp-content\/uploads\/2023\/11\/63688e4f-ce69-4883-bbad-e17c07390af3-copiar-300x114.png 300w, https:\/\/alphamodasocial.com.br\/shop\/wp-content\/uploads\/2023\/11\/63688e4f-ce69-4883-bbad-e17c07390af3-copiar-768x292.png 768w, https:\/\/alphamodasocial.com.br\/shop\/wp-content\/uploads\/2023\/11\/63688e4f-ce69-4883-bbad-e17c07390af3-copiar-640x243.png 640w\" sizes=\"(max-width: 84px) 100vw, 84px\" \/><\/p>\n<p>&nbsp;<\/p>\n<p><strong><img decoding=\"async\" loading=\"lazy\" class=\"wp-image-28455 alignleft\" src=\"https:\/\/unialphauniformes.com.br\/wp-content\/uploads\/2022\/06\/c585d7e96a7eaf3f1ecd1297d4593ce9.jpg\" alt=\"\" width=\"93\" height=\"93\" \/><\/strong><\/p>\n<p><strong>FAZEMOS SEU UNIFORME NA COR QUE VOC\u00ca IMAGINAR<\/strong><\/p>\n<p>&nbsp;<\/p>\n<p><strong>Compre agora e nos envie as informa\u00e7\u00f5es abaixo nesse whatsapp<a href=\"https:\/\/wa.me\/551531911606?text=Ol\u00e1,%20vim%20do%20site%20alpha%20Uniformes\" target=\"_blank\" rel=\"noopener\"><img decoding=\"async\" loading=\"lazy\" class=\"alignnone wp-image-28466\" src=\"https:\/\/unialphauniformes.com.br\/wp-content\/uploads\/2022\/06\/ec17f4c55c8cc534d8b12ea2181a0b73.jpg\" alt=\"\" width=\"17\" height=\"17\" \/><\/a> <\/strong><br \/>\n&#8211; O logo da sua empresa<br \/>\n&#8211; Combina\u00e7\u00e3o de cores que deseja conforme cat\u00e1logos em anexo<br \/>\n&#8211; Quantidades de pe\u00e7as por tamanho e sexo<\/p>\n","protected":false},"featured_media":20074,"template":"","meta":{"_monsterinsights_skip_tracking":false,"_monsterinsights_sitenote_active":false,"_monsterinsights_sitenote_note":"","_monsterinsights_sitenote_category":0},"product_cat":[525],"product_tag":[1680,1682,1681,1683,1677,1679,1678],"_links":{"self":[{"href":"https:\/\/alphamodasocial.com.br\/shop\/wp-json\/wp\/v2\/product\/20079"}],"collection":[{"href":"https:\/\/alphamodasocial.com.br\/shop\/wp-json\/wp\/v2\/product"}],"about":[{"href":"https:\/\/alphamodasocial.com.br\/shop\/wp-json\/wp\/v2\/types\/product"}],"wp:featuredmedia":[{"embeddable":true,"href":"https:\/\/alphamodasocial.com.br\/shop\/wp-json\/wp\/v2\/media\/20074"}],"wp:attachment":[{"href":"https:\/\/alphamodasocial.com.br\/shop\/wp-json\/wp\/v2\/media?parent=20079"}],"wp:term":[{"taxonomy":"product_cat","embeddable":true,"href":"https:\/\/alphamodasocial.com.br\/shop\/wp-json\/wp\/v2\/product_cat?post=20079"},{"taxonomy":"product_tag","embeddable":true,"href":"https:\/\/alphamodasocial.com.br\/shop\/wp-json\/wp\/v2\/product_tag?post=20079"}],"curies":[{"name":"wp","href":"https:\/\/api.w.org\/{rel}","templated":true}]}}