{"id":19959,"date":"2022-07-16T19:43:01","date_gmt":"2022-07-16T22:43:01","guid":{"rendered":"https:\/\/alphamodasocial.com.br\/shop\/?post_type=product&#038;p=19959"},"modified":"2025-06-19T13:03:46","modified_gmt":"2025-06-19T16:03:46","slug":"metodo-unico-e-simples-que-eu-uso-para-criar-negocios-de-sucesso-na-internet-100-do-zero","status":"publish","type":"product","link":"https:\/\/alphamodasocial.com.br\/shop\/produto\/metodo-unico-e-simples-que-eu-uso-para-criar-negocios-de-sucesso-na-internet-100-do-zero\/","title":{"rendered":"M\u00e9todo \u00daNICO e SIMPLES que Eu Uso para CRIAR Neg\u00f3cios de Sucesso na Internet 100% do Zero"},"content":{"rendered":"<div class=\"elementor-element elementor-element-1bff29d elementor-widget__width-initial elementor-widget-mobile__width-initial elementor-widget elementor-widget-heading\" data-id=\"1bff29d\" data-element_type=\"widget\" data-widget_type=\"heading.default\">\n<div class=\"elementor-widget-container\">\n<div id=\"le_body_row_3_col_1_el_1\" class=\"element-container cf\" data-style=\"\">\n<div class=\"element\">\n<h2><strong>Quem Sou Eu<\/strong>, e Porqu\u00ea Voc\u00ea Precisa Me Ouvir<\/h2>\n<\/div>\n<\/div>\n<div id=\"le_body_row_3_col_1_el_2\" class=\"element-container cf espaco-baixo-dois\" data-style=\"eyJhZHZhbmNlZENsYXNzIjoiZXNwYWNvLWJhaXhvLWRvaXMiLCJleHRyYXMiOnsiYW5pbWF0aW9uRWZmZWN0IjoiIiwiYW5pbWF0aW9uRGlyZWN0aW9uIjpudWxsLCJhbmltYXRpb25EZWxheSI6IiJ9fQ==\">\n<div class=\"element\">\n<h4>&#8220;Sou Considerado Um Dos Maiores Especialistas Em Cria\u00e7\u00e3o De Neg\u00f3cios Na Internet&#8230; Chegando Aos\u00a0<strong>15 Anos de Experiencia<\/strong>\u00a0com Mais de\u00a0<strong>210 Mil Alunos<\/strong>&#8220;<\/h4>\n<p>Na aula abaixo mostro na\u00a0<strong>Minha Conta o Valor\u00a0R$ 181.992,82<\/strong>\u00a0que recebi online, e como\u00a0<strong>voc\u00ea<\/strong>\u00a0pode\u00a0<strong>copiar o que eu fiz<\/strong>\u00a0mesmo sendo iniciante.<\/p>\n<p class=\"responsive-video-wrap clr\"><iframe loading=\"lazy\" title=\"CLIQUE NO PLAY \u2b07\ufe0f\" width=\"1200\" height=\"675\" src=\"https:\/\/www.youtube.com\/embed\/9qIUIeTG2Zw?feature=oembed\" frameborder=\"0\" allow=\"accelerometer; autoplay; clipboard-write; encrypted-media; gyroscope; picture-in-picture; web-share\" referrerpolicy=\"strict-origin-when-cross-origin\" allowfullscreen><\/iframe><\/p>\n<p><img decoding=\"async\" src=\"https:\/\/formulanegocioonline.digital\/wp-content\/uploads\/2019\/08\/alex-vargas.jpg\" \/>Oi, eu sou Alex Vargas, empreendedor digital com mais de\u00a0<strong>14 anos de experi\u00eancia em cria\u00e7\u00e3o de neg\u00f3cios pela internet<\/strong>.<\/p>\n<p>Depois de ter falhado e ter sido enganado v\u00e1rias vezes, desenvolvi um\u00a0<strong>m\u00e9todo para cria\u00e7\u00e3o de neg\u00f3cios pela internet a partir do zero que \u00e9 praticamente a prova de falhas<\/strong>\u00a0e com ele venho mudando a vida de milhares de pessoas.<\/p>\n<p>&#8230; Hoje sou considerado um dos maiores especialista em marketing digital.<\/p>\n<p>&#8230; Atrav\u00e9s desse m\u00e9todo j\u00e1\u00a0<strong>transformei a vida de mais de 210 mil pessoas<\/strong>\u00a0(a maioria completamente iniciante)&#8230;<\/p>\n<p>&#8230; Meus conte\u00fados online sobre marketing digital e cria\u00e7\u00e3o de neg\u00f3cios online alcan\u00e7am semanalmente mais de\u00a0<strong>4.7 Milh\u00f5es de pessoas<\/strong>&#8230;<\/p>\n<p>&#8230; Atualmente tenho mais de\u00a0<strong>1.2 Milh\u00f5es<\/strong>\u00a0de seguidores nas redes sociais&#8230;<\/p>\n<p>&#8230; Meus v\u00eddeos online j\u00e1 ultrapassaram a marca de\u00a0<strong>30 Milh\u00f5es<\/strong>\u00a0de visualiza\u00e7\u00f5es&#8230;<\/p>\n<p>E nas pr\u00f3ximas\u00a0linhas vou te mostrar\u00a0<b>como voc\u00ea vai pegar esse m\u00e9todo e transformar sua vida<\/b><\/p>\n<div id=\"le_body_row_4\" class=\"row one-column cf ui-sortable section espaco-cima-quatro espaco-baixo-quatro \" data-style=\"eyJlbGVtZW50SWQiOiJsZV9ib2R5X3Jvd180IiwiY3NzQ2xhc3MiOiJlc3BhY28tY2ltYS1xdWF0cm8gZXNwYWNvLWJhaXhvLXF1YXRybyIsImJvcmRlclRvcFdpZHRoIjoiIiwiYm9yZGVyVG9wQ29sb3IiOiIiLCJib3JkZXJCb3R0b21XaWR0aCI6IiIsImJvcmRlckJvdHRvbUNvbG9yIjoiIiwic2VjdGlvblNlcGFyYXRvclR5cGUiOiJub25lIiwic2VjdGlvblNlcGFyYXRvclN0eWxlIjoiIiwiZXh0cmFzIjp7ImFuaW1hdGlvbkVmZmVjdCI6IiIsImFuaW1hdGlvbkRlbGF5IjoiIn0sInJvd1Njcm9sbEZpeGVkUG9zaXRpb24iOiJub25lIiwicm93U2Nyb2xsRml4ZWRNb2JpbGUiOmZhbHNlLCJhZGRvbiI6eyJ2aWRlb19iYWNrZ3JvdW5kX3R5cGUiOiIiLCJ2aWRlb19iYWNrZ3JvdW5kX3lvdXR1YmUiOiIiLCJ2aWRlb19iYWNrZ3JvdW5kX3lvdXR1YmVfd2lkdGgiOiIiLCJ2aWRlb19iYWNrZ3JvdW5kX3lvdXR1YmVfaGVpZ2h0IjoiIiwidmlkZW9fYmFja2dyb3VuZF91cmxfbXA0IjoiIiwidmlkZW9fYmFja2dyb3VuZF91cmxfd2VibSI6IiIsInZpZGVvX2JhY2tncm91bmRfdXJsX29ndiI6IiIsInZpZGVvX2JhY2tncm91bmRfdmVydGljYWxfYWxpZ24iOiIiLCJ2aWRlb19iYWNrZ3JvdW5kX292ZXJsYXlfY29sb3IiOiIiLCJ2aWRlb19iYWNrZ3JvdW5kX292ZXJsYXlfb3BhY2l0eSI6IjAiLCJ2aWRlb19iYWNrZ3JvdW5kX292ZXJsYXlfaW1hZ2UiOiIiLCJ2aWRlb19iYWNrZ3JvdW5kX2ltYWdlX3Bvc2l0aW9uIjoiIiwidmlkZW9fYmFja2dyb3VuZF9hbHRlcm5hdGl2ZV9pbWFnZSI6IiJ9fQ==\">\n<div class=\"fixed-width\">\n<div id=\"le_body_row_4_col_1\" class=\"one-column column cols\">\n<div id=\"le_body_row_4_col_1_el_1\" class=\"element-container cf titulo-grande-dois\" data-style=\"eyJhZHZhbmNlZENsYXNzIjoidGl0dWxvLWdyYW5kZS1kb2lzIiwiZXh0cmFzIjp7ImFuaW1hdGlvbkVmZmVjdCI6IiIsImFuaW1hdGlvbkRpcmVjdGlvbiI6bnVsbCwiYW5pbWF0aW9uRGVsYXkiOiIifX0=\">\n<div class=\"element\">\n<h2>Tudo Aconteceu!<\/h2>\n<\/div>\n<\/div>\n<div id=\"le_body_row_4_col_1_el_2\" class=\"element-container cf\" data-style=\"\">\n<div class=\"element\">\n<h2>Eu Usei a Internet Para\u00a0<strong>Mudar Minha Vida<\/strong>&#8230;<\/h2>\n<\/div>\n<\/div>\n<div id=\"le_body_row_4_col_1_el_3\" class=\"element-container cf espaco-baixo-dois\" data-style=\"eyJhZHZhbmNlZENsYXNzIjoiZXNwYWNvLWJhaXhvLWRvaXMiLCJleHRyYXMiOnsiYW5pbWF0aW9uRWZmZWN0IjoiIiwiYW5pbWF0aW9uRGlyZWN0aW9uIjpudWxsLCJhbmltYXRpb25EZWxheSI6IiJ9fQ==\">\n<div class=\"element\">\n<h4>&#8230;foi dif\u00edcil, eu fico at\u00e9 envergonhado????&#8230;<\/h4>\n<\/div>\n<\/div>\n<div id=\"le_body_row_4_col_1_el_4\" class=\"element-container cf texto\" data-style=\"eyJhZHZhbmNlZENsYXNzIjoidGV4dG8iLCJleHRyYXMiOnsiYW5pbWF0aW9uRWZmZWN0IjoiIiwiYW5pbWF0aW9uRGlyZWN0aW9uIjpudWxsLCJhbmltYXRpb25EZWxheSI6IiJ9fQ==\">\n<div class=\"element\">\n<div class=\"op-text-block\">\n<p><strong>Voc\u00ea n\u00e3o tem ideia do que eu j\u00e1 passei na vida&#8230;<\/strong><\/p>\n<p>Literalmente &#8220;chorei&#8221; pela situa\u00e7\u00e3o que eu vivia&#8230; Sem saber como sair!<\/p>\n<p>Vim de uma fam\u00edlia humilde do interior do RS, eu era a ilustra\u00e7\u00e3o da derrota.<\/p>\n<p>&#8230;\u00a0<strong>agora<\/strong>, justamente por ter passado muito trabalho, eu aprendi a\u00a0<strong>n\u00e3o desistir<\/strong>, a encarar de frente, a correr atr\u00e1s mesmo que meu corpo n\u00e3o aguentasse mais&#8230;<\/p>\n<p>&#8230;e isso aconteceu nas madrugadas em claro no meu quarto.<\/p>\n<p>Foram\u00a0<strong>5 anos de decep\u00e7\u00e3o tentando<\/strong>, era enganado, gastava o que n\u00e3o tinha&#8230; cada vez mais frustrado.<\/p>\n<p>&#8230; At\u00e9 que um dia (provavelmente era minha \u00faltima tentativa) eu &#8220;<strong>Descobri Um M\u00e9todo<\/strong>&#8221; que literalmente me salvou&#8230;\u00a0<strong>salvou a mim, minha fam\u00edlia e todos ao meu redor<\/strong>!<\/p>\n<p>E de l\u00e1 pra c\u00e1 eu passei de &#8220;ningu\u00e9m&#8221; para &#8220;<b>o mais bem sucedido da\u00a0fam\u00edlia<\/b>\u00a0(sem exagero)&#8221;.<\/p>\n<p>Agora vou te falar como&#8230; Aten\u00e7\u00e3o:<\/p>\n<\/div>\n<\/div>\n<\/div>\n<\/div>\n<\/div>\n<\/div>\n<div id=\"le_body_row_5\" class=\"row one-column cf ui-sortable section espaco-cima-quatro espaco-baixo-quatro \" data-style=\"eyJlbGVtZW50SWQiOiJsZV9ib2R5X3Jvd181IiwiY3NzQ2xhc3MiOiJlc3BhY28tY2ltYS1xdWF0cm8gZXNwYWNvLWJhaXhvLXF1YXRybyIsImJhY2tncm91bmRDb2xvclN0YXJ0IjoiI2Y1ZjlmZiIsImJvcmRlclRvcFdpZHRoIjoiIiwiYm9yZGVyVG9wQ29sb3IiOiIiLCJib3JkZXJCb3R0b21XaWR0aCI6IiIsImJvcmRlckJvdHRvbUNvbG9yIjoiIiwic2VjdGlvblNlcGFyYXRvclR5cGUiOiJub25lIiwic2VjdGlvblNlcGFyYXRvclN0eWxlIjoiIiwiZXh0cmFzIjp7ImFuaW1hdGlvbkVmZmVjdCI6IiIsImFuaW1hdGlvbkRlbGF5IjoiIn0sInJvd1Njcm9sbEZpeGVkUG9zaXRpb24iOiJub25lIiwicm93U2Nyb2xsRml4ZWRNb2JpbGUiOmZhbHNlLCJhZGRvbiI6eyJ2aWRlb19iYWNrZ3JvdW5kX3R5cGUiOiIiLCJ2aWRlb19iYWNrZ3JvdW5kX3lvdXR1YmUiOiIiLCJ2aWRlb19iYWNrZ3JvdW5kX3lvdXR1YmVfd2lkdGgiOiIiLCJ2aWRlb19iYWNrZ3JvdW5kX3lvdXR1YmVfaGVpZ2h0IjoiIiwidmlkZW9fYmFja2dyb3VuZF91cmxfbXA0IjoiIiwidmlkZW9fYmFja2dyb3VuZF91cmxfd2VibSI6IiIsInZpZGVvX2JhY2tncm91bmRfdXJsX29ndiI6IiIsInZpZGVvX2JhY2tncm91bmRfdmVydGljYWxfYWxpZ24iOiIiLCJ2aWRlb19iYWNrZ3JvdW5kX292ZXJsYXlfY29sb3IiOiIiLCJ2aWRlb19iYWNrZ3JvdW5kX292ZXJsYXlfb3BhY2l0eSI6IjAiLCJ2aWRlb19iYWNrZ3JvdW5kX292ZXJsYXlfaW1hZ2UiOiIiLCJ2aWRlb19iYWNrZ3JvdW5kX2ltYWdlX3Bvc2l0aW9uIjoiIiwidmlkZW9fYmFja2dyb3VuZF9hbHRlcm5hdGl2ZV9pbWFnZSI6IiJ9fQ==\">\n<div class=\"op-row-video-background-wrap\">\n<div class=\"op-video-background-overlay\">Olha, N\u00e3o Foi F\u00e1cil<\/div>\n<\/div>\n<div class=\"fixed-width\">\n<div id=\"le_body_row_5_col_1\" class=\"one-column column cols\">\n<div id=\"le_body_row_5_col_1_el_2\" class=\"element-container cf espaco-baixo-dois\" data-style=\"eyJhZHZhbmNlZENsYXNzIjoiZXNwYWNvLWJhaXhvLWRvaXMiLCJleHRyYXMiOnsiYW5pbWF0aW9uRWZmZWN0IjoiIiwiYW5pbWF0aW9uRGlyZWN0aW9uIjpudWxsLCJhbmltYXRpb25EZWxheSI6IiJ9fQ==\">\n<div class=\"element\">\n<h2>Porem o Que Eu Descobri \u00e9\u00a0<strong>Novo, Simples, \u00danico, Completo e a Prova de Falhas<\/strong><\/h2>\n<\/div>\n<\/div>\n<div id=\"le_body_row_5_col_1_el_3\" class=\"element-container cf texto\" data-style=\"eyJhZHZhbmNlZENsYXNzIjoidGV4dG8iLCJleHRyYXMiOnsiYW5pbWF0aW9uRWZmZWN0IjoiIiwiYW5pbWF0aW9uRGlyZWN0aW9uIjpudWxsLCJhbmltYXRpb25EZWxheSI6IiJ9fQ==\">\n<div class=\"element\">\n<div class=\"op-text-block\">\n<p>Como eu disse, eu aprendi um M\u00c9TODO que funciona sempre&#8230;<\/p>\n<p>&#8230; que \u00e9 o\u00a0<strong>\u00fanico m\u00e9todo<\/strong>\u00a0respons\u00e1vel pelos meus resultados!<\/p>\n<p>&#8230;<strong>Porem o que j\u00e1 \u00e9 bom, pode ficar &#8220;incr\u00edvel&#8221;<\/strong>&#8230;<\/p>\n<p>E foi isso que eu fiz&#8230; Foi assim:<\/p>\n<p class=\"lista-simples\">1.\u00a0<b>DESCOBRI\u00a0<\/b>um m\u00e9todo&#8230;<br \/>\n2.\u00a0<b>APLIQUEI\u00a0<\/b>no meu neg\u00f3cio&#8230;<br \/>\n3.\u00a0<b>GANHEI\u00a0<\/b>muito dinheiro&#8230;<br \/>\n4.\u00a0<strong>INVESTI<\/strong>\u00a0em novos\u00a0conhecimentos&#8230;<br \/>\n5.\u00a0<strong>ESTUDEI\u00a0<\/strong>muito&#8230;<br \/>\n6.\u00a0<strong>TESTEI\u00a0<\/strong>tudo&#8230;<strong><br \/>\n<\/strong>7.\u00a0<b>JUNTEI\u00a0<\/b>o melhor&#8230;<br \/>\n8. E desenvolvi um\u00a0<strong>M\u00e9todo Novo, \u00danico e Exclusivo<\/strong>.<\/p>\n<p>Que hoje \u00e9 considerado por Especialistas\u00a0a MELHOR FORMA\u00a0de iniciar um Neg\u00f3cio Online come\u00e7ando do zero&#8230;<\/p>\n<p><strong>Esse EXATO M\u00c9TODO \u00e9 usado por mim e por mais de 210 MIL ALUNOS que literalmente est\u00e3o mudando de vida&#8230;<\/strong><\/p>\n<p>O F\u00f3rmula Neg\u00f3cio Online \u00e9 o\u00a0<strong>mais completo(sem nenhum exagero)<\/strong>\u00a0Treinamento para\u00a0<strong>Criar Seu Neg\u00f3cio Online a Partir do Zero<\/strong>&#8230;<\/p>\n<p><strong>\u00a0&#8230;<\/strong>\u00a0\u00c9 atualmente o\u00a0<strong>\u00fanico\u00a0<\/strong>treinamento que abrange todas as etapas de um neg\u00f3cio online&#8230;<\/p>\n<p><strong>\u00a0&#8230;<\/strong>\u00a0Onde eu(pessoalmente) te levo<b>\u00a0passo a passo em cada etapa<\/b>&#8230;<\/p>\n<p><strong>\u00a0&#8230;<\/strong>\u00a0Funciona mesmo se voc\u00ea\u00a0<strong>for iniciante<\/strong>&#8230;<\/p>\n<p><strong>\u00a0&#8230;<\/strong>\u00a0Mesmo\u00a0<strong>SEM investir nada<\/strong>&#8230;<\/p>\n<p><strong>\u00a0&#8230;<\/strong>\u00a0e mesmo sem\u00a0<strong>nenhum conhecimento<\/strong>!<\/p>\n<p>N\u00e3o importa sua idade, conhecimento, escolaridade&#8230; nada disso importa&#8230; tudo o que voc\u00ea precisa est\u00e1 no F\u00f3rmula Neg\u00f3cio Online&#8230;<\/p>\n<p>O\u00a0<strong>potencial extremo e muito acima da m\u00e9dia<\/strong>\u00a0do Treinamento F\u00f3rmula Neg\u00f3cio Online \u00e9 porque eu realmente te levo pela m\u00e3o passo a passo em tudo o que voc\u00ea precisa para criar seu neg\u00f3cio na internet a partir do zero,\u00a0<strong>usando o m\u00e9todo<\/strong>\u00a0mais r\u00e1pido, mais simples e que da mais resultados hoje.<\/p>\n<p>&nbsp;<\/p>\n<p><strong><img decoding=\"async\" loading=\"lazy\" class=\"wp-image-28455 alignleft\" src=\"https:\/\/unialphauniformes.com.br\/wp-content\/uploads\/2022\/06\/c585d7e96a7eaf3f1ecd1297d4593ce9.jpg\" alt=\"\" width=\"93\" height=\"93\" \/><\/strong><\/p>\n<p><strong>FAZEMOS SEU UNIFORME NA COR QUE VOC\u00ca IMAGINAR<\/strong><\/p>\n<p>&nbsp;<\/p>\n<p><strong>Compre agora e nos envie as informa\u00e7\u00f5es abaixo nesse whatsapp<a href=\"https:\/\/wa.me\/551531911606?text=Ol\u00e1,%20vim%20do%20site%20alpha%20Uniformes\" target=\"_blank\" rel=\"noopener\"><img decoding=\"async\" loading=\"lazy\" class=\"alignnone wp-image-28466\" src=\"https:\/\/unialphauniformes.com.br\/wp-content\/uploads\/2022\/06\/ec17f4c55c8cc534d8b12ea2181a0b73.jpg\" alt=\"\" width=\"17\" height=\"17\" \/><\/a> <\/strong><br \/>\n&#8211; O logo da sua empresa<br \/>\n&#8211; Combina\u00e7\u00e3o de cores que deseja conforme cat\u00e1logos em anexo<br \/>\n&#8211; Quantidades de pe\u00e7as por tamanho e sexo<\/p>\n<\/div>\n<\/div>\n<\/div>\n<\/div>\n<\/div>\n<\/div>\n<\/div>\n<\/div>\n<\/div>\n<\/div>\n","protected":false},"excerpt":{"rendered":"<p>Aproveite essa oportunidade de fazer seu site explodir de visitas e se deix\u00e1-lo como uma m\u00e1quina de gera\u00e7\u00e3o de leads e vendas.<\/p>\n<p>&nbsp;<\/p>\n<p><strong><img decoding=\"async\" loading=\"lazy\" class=\"wp-image-28455 alignleft\" src=\"https:\/\/unialphauniformes.com.br\/wp-content\/uploads\/2022\/06\/c585d7e96a7eaf3f1ecd1297d4593ce9.jpg\" alt=\"\" width=\"93\" height=\"93\" \/><\/strong><\/p>\n<p><strong>FAZEMOS SEU UNIFORME NA COR QUE VOC\u00ca IMAGINAR<\/strong><\/p>\n<p>&nbsp;<\/p>\n<p><strong>Compre agora e nos envie as informa\u00e7\u00f5es abaixo nesse whatsapp<a href=\"https:\/\/wa.me\/551531911606?text=Ol\u00e1,%20vim%20do%20site%20alpha%20Uniformes\" target=\"_blank\" rel=\"noopener\"><img decoding=\"async\" loading=\"lazy\" class=\"alignnone wp-image-28466\" src=\"https:\/\/unialphauniformes.com.br\/wp-content\/uploads\/2022\/06\/ec17f4c55c8cc534d8b12ea2181a0b73.jpg\" alt=\"\" width=\"17\" height=\"17\" \/><\/a> <\/strong><br \/>\n&#8211; O logo da sua empresa<br \/>\n&#8211; Combina\u00e7\u00e3o de cores que deseja conforme cat\u00e1logos em anexo<br \/>\n&#8211; Quantidades de pe\u00e7as por tamanho e sexo<\/p>\n","protected":false},"featured_media":19960,"template":"","meta":{"_monsterinsights_skip_tracking":false,"_monsterinsights_sitenote_active":false,"_monsterinsights_sitenote_note":"","_monsterinsights_sitenote_category":0},"product_cat":[525],"product_tag":[1455,1452,1447,1448,1449,1451,1453,1454,1450],"_links":{"self":[{"href":"https:\/\/alphamodasocial.com.br\/shop\/wp-json\/wp\/v2\/product\/19959"}],"collection":[{"href":"https:\/\/alphamodasocial.com.br\/shop\/wp-json\/wp\/v2\/product"}],"about":[{"href":"https:\/\/alphamodasocial.com.br\/shop\/wp-json\/wp\/v2\/types\/product"}],"wp:featuredmedia":[{"embeddable":true,"href":"https:\/\/alphamodasocial.com.br\/shop\/wp-json\/wp\/v2\/media\/19960"}],"wp:attachment":[{"href":"https:\/\/alphamodasocial.com.br\/shop\/wp-json\/wp\/v2\/media?parent=19959"}],"wp:term":[{"taxonomy":"product_cat","embeddable":true,"href":"https:\/\/alphamodasocial.com.br\/shop\/wp-json\/wp\/v2\/product_cat?post=19959"},{"taxonomy":"product_tag","embeddable":true,"href":"https:\/\/alphamodasocial.com.br\/shop\/wp-json\/wp\/v2\/product_tag?post=19959"}],"curies":[{"name":"wp","href":"https:\/\/api.w.org\/{rel}","templated":true}]}}