{"id":19855,"date":"2022-04-02T21:16:23","date_gmt":"2022-04-03T00:16:23","guid":{"rendered":"https:\/\/alphamodasocial.com.br\/shop\/?post_type=product&#038;p=19855"},"modified":"2025-06-19T13:23:30","modified_gmt":"2025-06-19T16:23:30","slug":"trafego-intenso-seu-site-de-0-visitas-ao-infinito-sua-empresa-seu-sucesso","status":"publish","type":"product","link":"https:\/\/alphamodasocial.com.br\/shop\/produto\/trafego-intenso-seu-site-de-0-visitas-ao-infinito-sua-empresa-seu-sucesso\/","title":{"rendered":"Tr\u00e1fego Intenso: Domine as Estrat\u00e9gias para Atrair Multid\u00f5es ao seu Site! de 0 visitas ao infinito&#8230;SUA EMPRESA SEU SUCESSO"},"content":{"rendered":"<div class=\"elementor-element elementor-element-1bff29d elementor-widget__width-initial elementor-widget-mobile__width-initial elementor-widget elementor-widget-heading\" data-id=\"1bff29d\" data-element_type=\"widget\" data-widget_type=\"heading.default\">\n<div class=\"elementor-widget-container\">\n<p>Nesse Curso de Tr\u00e1fego Intenso de visita eu mesmo irei te ensinar direto do meu computador as melhores estrat\u00e9gias e t\u00e9cnicas para aumentar o tr\u00e1fego do seu site de forma eficaz e consistente. Com as aulas passo a passo, voc\u00ea ir\u00e1 aprender como criar campanhas de SEO, e marketing de conte\u00fado, link building, otimiza\u00e7\u00e3o de convers\u00e3o e t\u00e9cnicas que voc\u00ea encontra s\u00f3 aqui, somente aqui.<\/p>\n<p>Ao concluir este curso, voc\u00ea estar\u00e1 preparado para aumentar o tr\u00e1fego do seu site de maneira significativa e sustent\u00e1vel, e tamb\u00e9m ir\u00e1 aprender como transformar esse tr\u00e1fego em leads e vendas reais. Voc\u00ea ir\u00e1 dominar as t\u00e9cnicas de marketing digital mais eficazes e poder\u00e1 aplic\u00e1-las em seu site para obter resultados incr\u00edveis.<\/p>\n<p>Aproveite agora tudo isso no Curso de Tr\u00e1fego Intenso em Site e comece a transformar o seu site em uma m\u00e1quina de gera\u00e7\u00e3o de leads e vendas.<\/p>\n<p>Oportunidade \u00fanica de aprender com o especialista no assunto Anderson Dove e obtenha as habilidades e conhecimentos necess\u00e1rios para alavancar o sucesso do seu neg\u00f3cio online!<\/p>\n<p>SURPRESA, comprando esse curso voc\u00ea ir\u00e1 concorrer a 6 camisetas personalizadas com a sua marca, n\u00e3o \u00e9 legal DEMAIS ??<\/p>\n<p>Ent\u00e3o, compre esse curso, arrebente de vender internet e concorra para ter sua camisetas top da Unialpha Uniformes.<\/p>\n<p>Ap\u00f3s a compra do curso envie um email para dicasdodove@gmail.com<\/p>\n<p>&nbsp;<\/p>\n<p><strong><img decoding=\"async\" loading=\"lazy\" class=\"wp-image-28455 alignleft\" src=\"https:\/\/unialphauniformes.com.br\/wp-content\/uploads\/2022\/06\/c585d7e96a7eaf3f1ecd1297d4593ce9.jpg\" alt=\"\" width=\"93\" height=\"93\" \/><\/strong><\/p>\n<p><strong>FAZEMOS SEU UNIFORME NA COR QUE VOC\u00ca IMAGINAR<\/strong><\/p>\n<p>&nbsp;<\/p>\n<p><strong>Compre agora e nos envie as informa\u00e7\u00f5es abaixo nesse whatsapp<a href=\"https:\/\/wa.me\/551531911606?text=Ol\u00e1,%20vim%20do%20site%20alpha%20Uniformes\" target=\"_blank\" rel=\"noopener\"><img decoding=\"async\" loading=\"lazy\" class=\"alignnone wp-image-28466\" src=\"https:\/\/unialphauniformes.com.br\/wp-content\/uploads\/2022\/06\/ec17f4c55c8cc534d8b12ea2181a0b73.jpg\" alt=\"\" width=\"17\" height=\"17\" \/><\/a> <\/strong><br \/>\n&#8211; O logo da sua empresa<br \/>\n&#8211; Combina\u00e7\u00e3o de cores que deseja conforme cat\u00e1logos em anexo<br \/>\n&#8211; Quantidades de pe\u00e7as por tamanho e sexo<\/p>\n<p class=\"responsive-video-wrap clr\"><iframe loading=\"lazy\" title=\"Transforme seu site em um sucesso com nosso curso de aumento de visitas\" width=\"1200\" height=\"675\" src=\"https:\/\/www.youtube.com\/embed\/MNZb6MQjM1c?feature=oembed\" frameborder=\"0\" allow=\"accelerometer; autoplay; clipboard-write; encrypted-media; gyroscope; picture-in-picture; web-share\" referrerpolicy=\"strict-origin-when-cross-origin\" allowfullscreen><\/iframe><\/p>\n<p><img decoding=\"async\" loading=\"lazy\" class=\"alignnone size-full wp-image-19875\" src=\"https:\/\/alphamodasocial.com.br\/shop\/wp-content\/uploads\/2023\/04\/7-1.jpg\" alt=\"\" width=\"529\" height=\"483\" srcset=\"https:\/\/alphamodasocial.com.br\/shop\/wp-content\/uploads\/2023\/04\/7-1.jpg 529w, https:\/\/alphamodasocial.com.br\/shop\/wp-content\/uploads\/2023\/04\/7-1-300x274.jpg 300w\" sizes=\"(max-width: 529px) 100vw, 529px\" \/>\u00a0<img decoding=\"async\" loading=\"lazy\" class=\"alignnone wp-image-19859\" src=\"https:\/\/alphamodasocial.com.br\/shop\/wp-content\/uploads\/2023\/04\/1.jpg\" alt=\"trafego em sote\" width=\"501\" height=\"401\" srcset=\"https:\/\/alphamodasocial.com.br\/shop\/wp-content\/uploads\/2023\/04\/1.jpg 1280w, https:\/\/alphamodasocial.com.br\/shop\/wp-content\/uploads\/2023\/04\/1-300x240.jpg 300w, https:\/\/alphamodasocial.com.br\/shop\/wp-content\/uploads\/2023\/04\/1-1024x819.jpg 1024w, https:\/\/alphamodasocial.com.br\/shop\/wp-content\/uploads\/2023\/04\/1-768x614.jpg 768w, https:\/\/alphamodasocial.com.br\/shop\/wp-content\/uploads\/2023\/04\/1-640x512.jpg 640w\" sizes=\"(max-width: 501px) 100vw, 501px\" \/> <img decoding=\"async\" loading=\"lazy\" class=\"alignnone wp-image-19860\" src=\"https:\/\/alphamodasocial.com.br\/shop\/wp-content\/uploads\/2023\/04\/7.jpg\" alt=\"como aumentar visitas em site\" width=\"501\" height=\"457\" srcset=\"https:\/\/alphamodasocial.com.br\/shop\/wp-content\/uploads\/2023\/04\/7.jpg 529w, https:\/\/alphamodasocial.com.br\/shop\/wp-content\/uploads\/2023\/04\/7-300x274.jpg 300w\" sizes=\"(max-width: 501px) 100vw, 501px\" \/><\/p>\n<\/div>\n<\/div>\n<div class=\"elementor-element elementor-element-f55a520 elementor-widget__width-initial elementor-widget elementor-widget-heading\" data-id=\"f55a520\" data-element_type=\"widget\" data-widget_type=\"heading.default\">\n<div class=\"elementor-widget-container\">\n<p>&nbsp;<\/p>\n<\/div>\n<\/div>\n","protected":false},"excerpt":{"rendered":"<p>Aproveite essa oportunidade de fazer seu site explodir de visitas e se deix\u00e1-lo como uma m\u00e1quina de gera\u00e7\u00e3o de leads e vendas.<\/p>\n<p>&nbsp;<\/p>\n<p><strong><img decoding=\"async\" loading=\"lazy\" class=\"wp-image-28455 alignleft\" src=\"https:\/\/unialphauniformes.com.br\/wp-content\/uploads\/2022\/06\/c585d7e96a7eaf3f1ecd1297d4593ce9.jpg\" alt=\"\" width=\"93\" height=\"93\" \/><\/strong><\/p>\n<p><strong>FAZEMOS SEU UNIFORME NA COR QUE VOC\u00ca IMAGINAR<\/strong><\/p>\n<p>&nbsp;<\/p>\n<p><strong>Compre agora e nos envie as informa\u00e7\u00f5es abaixo nesse whatsapp<a href=\"https:\/\/wa.me\/551531911606?text=Ol\u00e1,%20vim%20do%20site%20alpha%20Uniformes\" target=\"_blank\" rel=\"noopener\"><img decoding=\"async\" loading=\"lazy\" class=\"alignnone wp-image-28466\" src=\"https:\/\/unialphauniformes.com.br\/wp-content\/uploads\/2022\/06\/ec17f4c55c8cc534d8b12ea2181a0b73.jpg\" alt=\"\" width=\"17\" height=\"17\" \/><\/a> <\/strong><br \/>\n&#8211; O logo da sua empresa<br \/>\n&#8211; Combina\u00e7\u00e3o de cores que deseja conforme cat\u00e1logos em anexo<br \/>\n&#8211; Quantidades de pe\u00e7as por tamanho e sexo<\/p>\n","protected":false},"featured_media":19958,"template":"","meta":{"_monsterinsights_skip_tracking":false,"_monsterinsights_sitenote_active":false,"_monsterinsights_sitenote_note":"","_monsterinsights_sitenote_category":0},"product_cat":[525],"product_tag":[1418,1446,1421,1417,1419,1420],"_links":{"self":[{"href":"https:\/\/alphamodasocial.com.br\/shop\/wp-json\/wp\/v2\/product\/19855"}],"collection":[{"href":"https:\/\/alphamodasocial.com.br\/shop\/wp-json\/wp\/v2\/product"}],"about":[{"href":"https:\/\/alphamodasocial.com.br\/shop\/wp-json\/wp\/v2\/types\/product"}],"wp:featuredmedia":[{"embeddable":true,"href":"https:\/\/alphamodasocial.com.br\/shop\/wp-json\/wp\/v2\/media\/19958"}],"wp:attachment":[{"href":"https:\/\/alphamodasocial.com.br\/shop\/wp-json\/wp\/v2\/media?parent=19855"}],"wp:term":[{"taxonomy":"product_cat","embeddable":true,"href":"https:\/\/alphamodasocial.com.br\/shop\/wp-json\/wp\/v2\/product_cat?post=19855"},{"taxonomy":"product_tag","embeddable":true,"href":"https:\/\/alphamodasocial.com.br\/shop\/wp-json\/wp\/v2\/product_tag?post=19855"}],"curies":[{"name":"wp","href":"https:\/\/api.w.org\/{rel}","templated":true}]}}