{"id":19806,"date":"2023-03-13T11:21:56","date_gmt":"2023-03-13T14:21:56","guid":{"rendered":"https:\/\/alphamodasocial.com.br\/shop\/?post_type=product&#038;p=19806"},"modified":"2025-06-19T11:57:13","modified_gmt":"2025-06-19T14:57:13","slug":"blusa-de-moletom-com-capuz-personalizada-com-a-sua-marca-no-peito-apareca-para-os-seus-clientes-kit-10-pcs","status":"publish","type":"product","link":"https:\/\/alphamodasocial.com.br\/shop\/produto\/blusa-de-moletom-com-capuz-personalizada-com-a-sua-marca-no-peito-apareca-para-os-seus-clientes-kit-10-pcs\/","title":{"rendered":"Blusa de moletom com capuz personalizada com a sua marca no peito apare\u00e7a para os seus clientes \u2013 kit 10p\u00e7s"},"content":{"rendered":"<p><strong>Blusa de moletom com capuz personalizada com a sua marca no peito\u00a0apare\u00e7a para os seus clientes<\/strong><\/p>\n<p>Composi\u00e7\u00e3o: 50% poliester 50% algod\u00e3o<br \/>\nTecido: Moletom Flanelado<br \/>\nVista com z\u00edper<br \/>\nTamanhos PP ao EXG<\/p>\n<p><strong>TEMPO DE PROCESSAMENTO DE ENTREGA 25 a 35 DIAS \u00daTEIS (RECEBIMENTO DO PAGAMENTO, SEPARA\u00c7\u00c3O, CONFER\u00caNCIA, EMBALAGEM E ENVIO) MAIS O PRAZO ESTIPULADO PELOS CORREIOS.<\/strong><br \/>\n<strong>O PRAZO COME\u00c7AR\u00c1 A CONTAR A PARTIR DA APROVA\u00c7\u00c3O DO PEDIDO COM TAMANHOS, COR, MODELO E SIMULA\u00c7\u00c3O J\u00c1 DEFINIDOS.<\/strong><\/p>\n<p>Pe\u00e7a um or\u00e7amento agora e transforme o uniforme da sua empresa em um marketing poderoso!<\/p>\n<p><a href=\"https:\/\/wa.me\/551531911606?text=Ol\u00e1,%20vim%20do%20site%20alpha%20Uniformes\" target=\"_blank\" rel=\"noopener\"><img decoding=\"async\" loading=\"lazy\" class=\"alignnone wp-image-31717\" src=\"https:\/\/unialphauniformes.com.br\/wp-content\/uploads\/2023\/09\/download.png\" alt=\"contato unialpha uniformes profissionais\" width=\"128\" height=\"49\" \/><\/a><\/p>\n<p><img decoding=\"async\" loading=\"lazy\" class=\"alignnone wp-image-22574 lazyloaded\" src=\"https:\/\/unialphauniformes.com.br\/wp-content\/uploads\/2022\/05\/Blusa-de-moletom-comum-400x158.jpg\" sizes=\"(max-width: 545px) 100vw, 545px\" srcset=\"https:\/\/unialphauniformes.com.br\/wp-content\/uploads\/2022\/05\/Blusa-de-moletom-comum-400x158.jpg 400w, https:\/\/unialphauniformes.com.br\/wp-content\/uploads\/2022\/05\/Blusa-de-moletom-comum-1300x515.jpg 1300w, https:\/\/unialphauniformes.com.br\/wp-content\/uploads\/2022\/05\/Blusa-de-moletom-comum-768x304.jpg 768w, https:\/\/unialphauniformes.com.br\/wp-content\/uploads\/2022\/05\/Blusa-de-moletom-comum-860x341.jpg 860w, https:\/\/unialphauniformes.com.br\/wp-content\/uploads\/2022\/05\/Blusa-de-moletom-comum-430x170.jpg 430w, https:\/\/unialphauniformes.com.br\/wp-content\/uploads\/2022\/05\/Blusa-de-moletom-comum-700x277.jpg 700w, https:\/\/unialphauniformes.com.br\/wp-content\/uploads\/2022\/05\/Blusa-de-moletom-comum-150x59.jpg 150w, https:\/\/unialphauniformes.com.br\/wp-content\/uploads\/2022\/05\/Blusa-de-moletom-comum.jpg 1464w\" alt=\"\" width=\"545\" height=\"215\" data-ll-status=\"loaded\" \/><\/p>\n","protected":false},"excerpt":{"rendered":"<p>&nbsp;<\/p>\n<p>&nbsp;<\/p>\n<p><strong><img decoding=\"async\" loading=\"lazy\" class=\"wp-image-28455 alignleft\" src=\"https:\/\/unialphauniformes.com.br\/wp-content\/uploads\/2022\/06\/c585d7e96a7eaf3f1ecd1297d4593ce9.jpg\" alt=\"\" width=\"93\" height=\"93\" \/><\/strong><\/p>\n<p><strong>FAZEMOS SEU UNIFORME NA COR QUE VOC\u00ca IMAGINAR<\/strong><\/p>\n<p>&nbsp;<\/p>\n<p><strong>Compre agora e nos envie as informa\u00e7\u00f5es abaixo nesse whatsapp<a href=\"https:\/\/wa.me\/551531911606?text=Ol\u00e1,%20vim%20do%20site%20alpha%20Uniformes\" target=\"_blank\" rel=\"noopener\"><img decoding=\"async\" loading=\"lazy\" class=\"alignnone wp-image-28466\" src=\"https:\/\/unialphauniformes.com.br\/wp-content\/uploads\/2022\/06\/ec17f4c55c8cc534d8b12ea2181a0b73.jpg\" alt=\"\" width=\"17\" height=\"17\" \/><\/a> <\/strong><br \/>\n&#8211; O logo da sua empresa<br \/>\n&#8211; Combina\u00e7\u00e3o de cores que deseja conforme cat\u00e1logos em anexo<br \/>\n&#8211; Quantidades de pe\u00e7as por tamanho e sexo<\/p>\n<p>&nbsp;<\/p>\n<p>&nbsp;<\/p>\n","protected":false},"featured_media":19807,"template":"","meta":{"_monsterinsights_skip_tracking":false,"_monsterinsights_sitenote_active":false,"_monsterinsights_sitenote_note":"","_monsterinsights_sitenote_category":0},"product_cat":[1406],"product_tag":[],"_links":{"self":[{"href":"https:\/\/alphamodasocial.com.br\/shop\/wp-json\/wp\/v2\/product\/19806"}],"collection":[{"href":"https:\/\/alphamodasocial.com.br\/shop\/wp-json\/wp\/v2\/product"}],"about":[{"href":"https:\/\/alphamodasocial.com.br\/shop\/wp-json\/wp\/v2\/types\/product"}],"wp:featuredmedia":[{"embeddable":true,"href":"https:\/\/alphamodasocial.com.br\/shop\/wp-json\/wp\/v2\/media\/19807"}],"wp:attachment":[{"href":"https:\/\/alphamodasocial.com.br\/shop\/wp-json\/wp\/v2\/media?parent=19806"}],"wp:term":[{"taxonomy":"product_cat","embeddable":true,"href":"https:\/\/alphamodasocial.com.br\/shop\/wp-json\/wp\/v2\/product_cat?post=19806"},{"taxonomy":"product_tag","embeddable":true,"href":"https:\/\/alphamodasocial.com.br\/shop\/wp-json\/wp\/v2\/product_tag?post=19806"}],"curies":[{"name":"wp","href":"https:\/\/api.w.org\/{rel}","templated":true}]}}