{"id":19381,"date":"2022-11-15T12:01:48","date_gmt":"2022-11-15T15:01:48","guid":{"rendered":"https:\/\/alphamodasocial.com.br\/shop\/?post_type=product&#038;p=19381"},"modified":"2025-06-27T11:29:17","modified_gmt":"2025-06-27T14:29:17","slug":"blusa-de-la-sueter-masculino-ou-feminino-para-uniformes-roupas-sociais-para-trabalho","status":"publish","type":"product","link":"https:\/\/alphamodasocial.com.br\/shop\/produto\/blusa-de-la-sueter-masculino-ou-feminino-para-uniformes-roupas-sociais-para-trabalho\/","title":{"rendered":"Blusa de l\u00e3 su\u00e9ter masculino ou feminino para uniformes gola v cardigan &#8211; kit 20 p\u00e7s"},"content":{"rendered":"<p><strong>Se quiser mais que 20 p\u00e7s, compre mais kits<\/strong><\/p>\n<p><strong>Ap\u00f3s a compra envie a sua arte para deixarmos as suas blusas personalizadas com o seu logotipo.<\/strong><\/p>\n<p>Composi\u00e7\u00e3o: 100% acr\u00edlica<br \/>\nMuito confort\u00e1vel e dur\u00e1vel, n\u00e3o desbota, n\u00e3o amassa, n\u00e3o encolhe<br \/>\nTamanhos PP ao EXG<br \/>\nMalha com toque macio na pele<b><\/b><\/p>\n<p><strong>TEMPO DE PROCESSAMENTO DE ENTREGA 25 a 35 DIAS \u00daTEIS (RECEBIMENTO DO PAGAMENTO, SEPARA\u00c7\u00c3O, CONFER\u00caNCIA, EMBALAGEM E ENVIO) MAIS O PRAZO ESTIPULADO PELOS CORREIOS.<\/strong><br \/>\n<strong>O PRAZO COME\u00c7AR\u00c1 A CONTAR A PARTIR DA APROVA\u00c7\u00c3O DO PEDIDO COM TAMANHOS, COR, MODELO E SIMULA\u00c7\u00c3O J\u00c1 DEFINIDOS<\/strong><\/p>\n<p>&nbsp;<\/p>\n<p><strong><img decoding=\"async\" loading=\"lazy\" class=\"wp-image-28455 alignleft\" src=\"https:\/\/unialphauniformes.com.br\/wp-content\/uploads\/2022\/06\/c585d7e96a7eaf3f1ecd1297d4593ce9.jpg\" alt=\"\" width=\"93\" height=\"93\" \/><\/strong><\/p>\n<p><strong>FAZEMOS SEU UNIFORME NA COR QUE VOC\u00ca IMAGINAR<\/strong><\/p>\n<p>&nbsp;<\/p>\n<p><strong>Compre agora e nos envie as informa\u00e7\u00f5es abaixo nesse whatsapp<a href=\"https:\/\/wa.me\/551531911606?text=Ol\u00e1,%20vim%20do%20site%20alpha%20Uniformes\" target=\"_blank\" rel=\"noopener\"><img decoding=\"async\" loading=\"lazy\" class=\"alignnone wp-image-28466\" src=\"https:\/\/unialphauniformes.com.br\/wp-content\/uploads\/2022\/06\/ec17f4c55c8cc534d8b12ea2181a0b73.jpg\" alt=\"\" width=\"17\" height=\"17\" \/><\/a> <\/strong><br \/>\n&#8211; O logo da sua empresa<br \/>\n&#8211; Combina\u00e7\u00e3o de cores que deseja conforme cat\u00e1logos em anexo<br \/>\n&#8211; Quantidades de pe\u00e7as por tamanho e sexo<\/p>\n<p><script type=\"application\/ld+json\">\n{\n  \"@context\": \"https:\/\/schema.org\",\n  \"@type\": \"Product\",\n  \"name\": \"Su\u00e9ter Masculino Feminino - Blusa de L\u00e3 Cardigan Personalizados para Uniformes\",\n  \"image\": [\n    \"https:\/\/unialphauniformes.com.br\/wp-content\/uploads\/2024\/11\/sueter-masculino.jpg\",\n    \"https:\/\/unialphauniformes.com.br\/wp-content\/uploads\/2024\/11\/sueter-feminino.jpg\"\n  ],\n  \"description\": \"Su\u00e9ter masculino e feminino em l\u00e3, ideal para uniformes e roupas sociais de trabalho. Personaliz\u00e1veis para atender \u00e0 identidade visual da empresa.\",\n  \"brand\": {\n    \"@type\": \"Brand\",\n    \"name\": \"UniAlpha Uniformes\"\n  },\n  \"sku\": \"UA-0001\",\n  \"offers\": {\n    \"@type\": \"Offer\",\n    \"url\": \"https:\/\/unialphauniformes.com.br\/produto\/sueter-masculino-feminino-blusa-de-la-cardigan-personalizados-para-uniformes-roupas-sociais-para-trabalho\/\",\n    \"priceCurrency\": \"BRL\",\n    \"price\": \"249.90\",\n    \"itemCondition\": \"https:\/\/schema.org\/NewCondition\",\n    \"availability\": \"https:\/\/schema.org\/InStock\"\n  },\n  \"material\": \"L\u00e3\",\n  \"additionalType\": \"Roupas Sociais para Trabalho\",\n  \"category\": [\n    \"Uniformes\",\n    \"Roupas Sociais\"\n  ]\n}\n<\/script><\/p>\n","protected":false},"excerpt":{"rendered":"<p>&nbsp;<\/p>\n<p>&nbsp;<\/p>\n<p><strong><img decoding=\"async\" loading=\"lazy\" class=\"wp-image-28455 alignleft\" src=\"https:\/\/unialphauniformes.com.br\/wp-content\/uploads\/2022\/06\/c585d7e96a7eaf3f1ecd1297d4593ce9.jpg\" alt=\"\" width=\"93\" height=\"93\" \/><\/strong><\/p>\n<p><strong>FAZEMOS SEU UNIFORME NA COR QUE VOC\u00ca IMAGINAR<\/strong><\/p>\n<p>&nbsp;<\/p>\n<p><strong>Compre agora e nos envie as informa\u00e7\u00f5es abaixo nesse whatsapp<a href=\"https:\/\/wa.me\/551531911606?text=Ol\u00e1,%20vim%20do%20site%20alpha%20Uniformes\" target=\"_blank\" rel=\"noopener\"><img decoding=\"async\" loading=\"lazy\" class=\"alignnone wp-image-28466\" src=\"https:\/\/unialphauniformes.com.br\/wp-content\/uploads\/2022\/06\/ec17f4c55c8cc534d8b12ea2181a0b73.jpg\" alt=\"\" width=\"17\" height=\"17\" \/><\/a> <\/strong><br \/>\n&#8211; O logo da sua empresa<br \/>\n&#8211; Combina\u00e7\u00e3o de cores que deseja conforme cat\u00e1logos em anexo<br \/>\n&#8211; Quantidades de pe\u00e7as por tamanho e sex<\/p>\n<p>&nbsp;<\/p>\n<p>&nbsp;<\/p>\n<p>&nbsp;<\/p>\n","protected":false},"featured_media":19389,"template":"","meta":{"_monsterinsights_skip_tracking":false,"_monsterinsights_sitenote_active":false,"_monsterinsights_sitenote_note":"","_monsterinsights_sitenote_category":0},"product_cat":[709],"product_tag":[1294,1337,1338],"_links":{"self":[{"href":"https:\/\/alphamodasocial.com.br\/shop\/wp-json\/wp\/v2\/product\/19381"}],"collection":[{"href":"https:\/\/alphamodasocial.com.br\/shop\/wp-json\/wp\/v2\/product"}],"about":[{"href":"https:\/\/alphamodasocial.com.br\/shop\/wp-json\/wp\/v2\/types\/product"}],"wp:featuredmedia":[{"embeddable":true,"href":"https:\/\/alphamodasocial.com.br\/shop\/wp-json\/wp\/v2\/media\/19389"}],"wp:attachment":[{"href":"https:\/\/alphamodasocial.com.br\/shop\/wp-json\/wp\/v2\/media?parent=19381"}],"wp:term":[{"taxonomy":"product_cat","embeddable":true,"href":"https:\/\/alphamodasocial.com.br\/shop\/wp-json\/wp\/v2\/product_cat?post=19381"},{"taxonomy":"product_tag","embeddable":true,"href":"https:\/\/alphamodasocial.com.br\/shop\/wp-json\/wp\/v2\/product_tag?post=19381"}],"curies":[{"name":"wp","href":"https:\/\/api.w.org\/{rel}","templated":true}]}}