{"id":19097,"date":"2022-08-09T18:08:27","date_gmt":"2022-08-09T21:08:27","guid":{"rendered":"https:\/\/alphamodasocial.com.br\/shop\/?post_type=product&#038;p=19097"},"modified":"2025-06-20T11:39:39","modified_gmt":"2025-06-20T14:39:39","slug":"colete-manga-curta-para-copeira-limpeza-faxina-recepcao-kit-20-pcs","status":"publish","type":"product","link":"https:\/\/alphamodasocial.com.br\/shop\/produto\/colete-manga-curta-para-copeira-limpeza-faxina-recepcao-kit-20-pcs\/","title":{"rendered":"Colete manga curta para uniformes fardamentos de copeira, limpeza, faxina, recep\u00e7\u00e3o, governan\u00e7a &#8211; kit 20p\u00e7s"},"content":{"rendered":"<p><strong>Colete manga curta para copeira, limpeza, faxina, recep\u00e7\u00e3o &#8211; kits<\/strong><\/p>\n<p>Composi\u00e7\u00e3o: 95% Poli\u00e9ster 5% elastano<br \/>\nBordado no peito com at\u00e9 10 cm<br \/>\nTecido: Confort Uniform com elastano<br \/>\nTecido Resistente, n\u00e3o encolhe, n\u00e3o desbota, n\u00e3o amassa, \u00f3timo caimento.<br \/>\nVista com bot\u00f5es<br \/>\nTamanhos PP ao EXG<\/p>\n<p><strong>TEMPO DE PROCESSAMENTO DE ENTREGA 25 a 35 DIAS \u00daTEIS (RECEBIMENTO DO PAGAMENTO, SEPARA\u00c7\u00c3O, CONFER\u00caNCIA, EMBALAGEM E ENVIO) MAIS O PRAZO ESTIPULADO PELOS CORREIOS.<\/strong><br \/>\n<strong>O PRAZO COME\u00c7AR\u00c1 A CONTAR A PARTIR DA APROVA\u00c7\u00c3O DO PEDIDO COM TAMANHOS, COR, MODELO E SIMULA\u00c7\u00c3O J\u00c1 DEFINIDOS.<\/strong><\/p>\n<p>Pe\u00e7a um or\u00e7amento agora e transforme o uniforme da sua empresa em um marketing poderoso!<\/p>\n<p><a href=\"https:\/\/wa.me\/551531911606?text=Ol\u00e1,%20vim%20do%20site%20Unialpha%20Uniformes\" target=\"_blank\" rel=\"noopener\"><img decoding=\"async\" loading=\"lazy\" class=\"wp-image-31717\" src=\"https:\/\/unialphauniformes.com.br\/wp-content\/uploads\/2023\/09\/download.png\" alt=\"contato unialpha uniformes profissionais\" width=\"128\" height=\"49\" \/><\/a><\/p>\n<p><a href=\"https:\/\/wa.me\/5515988064065?text=Ol%C3%A1,%20tudo%20bem?%0ATenho%20interesse%20nesses%20coletes,%20retorne%20o%20meu%20contato.\">Para maiores quantidades e personalizados com bordado, solicite or\u00e7amento atrav\u00e9s dos nossos contatos, clique aqui.<\/a><\/p>\n<p>&nbsp;<\/p>\n<p>&nbsp;<\/p>\n<p>&nbsp;<\/p>\n<p><img decoding=\"async\" loading=\"lazy\" class=\"alignnone size-full wp-image-19100\" src=\"https:\/\/alphamodasocial.com.br\/shop\/wp-content\/uploads\/2022\/08\/colete-copeira-uniformes-limpeza-social-administrativo.jpg\" alt=\"Colete manga curta para copeira, limpeza, faxina, recep\u00e7\u00e3o\" width=\"349\" height=\"537\" \/><br \/>\n<script type=\"application\/ld+json\">\n{\n  \"@context\": \"https:\/\/schema.org\",\n  \"@type\": \"Product\",\n  \"name\": \"Colete Manga Curta para Copeira, Limpeza, Faxina, Recep\u00e7\u00e3o \u2013 Kit 20 P\u00e7s\",\n  \"image\": [\n    \"https:\/\/alphamodasocial.com.br\/shop\/wp-content\/uploads\/2024\/11\/colete-uniforme-copeira-limpeza.jpg\",\n    \"https:\/\/alphamodasocial.com.br\/shop\/wp-content\/uploads\/2024\/11\/colete-manga-curta-feminino-trabalho.jpg\",\n    \"https:\/\/alphamodasocial.com.br\/shop\/wp-content\/uploads\/2024\/11\/colete-uniforme-recepcao.jpg\"\n  ],\n  \"description\": \"Ideal para equipes de limpeza e recep\u00e7\u00e3o, o colete manga curta oferece conforto e praticidade no ambiente de trabalho. Dispon\u00edvel em kit com 20 pe\u00e7as.\",\n  \"brand\": {\n    \"@type\": \"Brand\",\n    \"name\": \"Alpha Moda Social\"\n  },\n  \"sku\": \"CMS 0543-2-2\",\n  \"offers\": {\n    \"@type\": \"Offer\",\n    \"url\": \"https:\/\/alphamodasocial.com.br\/shop\/produto\/colete-manga-curta-para-copeira-limpeza-faxina-recepcao-kit-20-pcs\/\",\n    \"priceCurrency\": \"BRL\",\n    \"price\": \"1599.00\",\n    \"itemCondition\": \"https:\/\/schema.org\/NewCondition\",\n    \"availability\": \"https:\/\/schema.org\/InStock\"\n  },\n  \"category\": [\n    \"Uniformes Profissionais\",\n    \"Equipamento de Limpeza\",\n    \"Recep\u00e7\u00e3o\"\n  ]\n}\n<\/script><\/p>\n","protected":false},"excerpt":{"rendered":"<p>&nbsp;<\/p>\n<p><strong><img decoding=\"async\" loading=\"lazy\" class=\"wp-image-28455 alignleft\" src=\"https:\/\/unialphauniformes.com.br\/wp-content\/uploads\/2022\/06\/c585d7e96a7eaf3f1ecd1297d4593ce9.jpg\" alt=\"\" width=\"93\" height=\"93\" \/><\/strong><\/p>\n<p><strong>FAZEMOS SEU UNIFORME NA COR QUE VOC\u00ca IMAGINAR<\/strong><\/p>\n<p>&nbsp;<\/p>\n<p><strong>Compre agora e nos envie as informa\u00e7\u00f5es abaixo nesse whatsapp<a href=\"https:\/\/wa.me\/551531911606?text=Ol\u00e1,%20vim%20do%20site%20alpha%20Uniformes\" target=\"_blank\" rel=\"noopener\"><img decoding=\"async\" loading=\"lazy\" class=\"alignnone wp-image-28466\" src=\"https:\/\/unialphauniformes.com.br\/wp-content\/uploads\/2022\/06\/ec17f4c55c8cc534d8b12ea2181a0b73.jpg\" alt=\"\" width=\"17\" height=\"17\" \/><\/a> <\/strong><br \/>\n&#8211; O logo da sua empresa<br \/>\n&#8211; Combina\u00e7\u00e3o de cores que deseja conforme cat\u00e1logos em anexo<br \/>\n&#8211; Quantidades de pe\u00e7as por tamanho e sexo<\/p>\n","protected":false},"featured_media":19106,"template":"","meta":{"_monsterinsights_skip_tracking":false,"_monsterinsights_sitenote_active":false,"_monsterinsights_sitenote_note":"","_monsterinsights_sitenote_category":0},"product_cat":[1259,232],"product_tag":[1262,1264,1266,1263,1265],"_links":{"self":[{"href":"https:\/\/alphamodasocial.com.br\/shop\/wp-json\/wp\/v2\/product\/19097"}],"collection":[{"href":"https:\/\/alphamodasocial.com.br\/shop\/wp-json\/wp\/v2\/product"}],"about":[{"href":"https:\/\/alphamodasocial.com.br\/shop\/wp-json\/wp\/v2\/types\/product"}],"wp:featuredmedia":[{"embeddable":true,"href":"https:\/\/alphamodasocial.com.br\/shop\/wp-json\/wp\/v2\/media\/19106"}],"wp:attachment":[{"href":"https:\/\/alphamodasocial.com.br\/shop\/wp-json\/wp\/v2\/media?parent=19097"}],"wp:term":[{"taxonomy":"product_cat","embeddable":true,"href":"https:\/\/alphamodasocial.com.br\/shop\/wp-json\/wp\/v2\/product_cat?post=19097"},{"taxonomy":"product_tag","embeddable":true,"href":"https:\/\/alphamodasocial.com.br\/shop\/wp-json\/wp\/v2\/product_tag?post=19097"}],"curies":[{"name":"wp","href":"https:\/\/api.w.org\/{rel}","templated":true}]}}