{"id":19050,"date":"2022-07-31T16:53:55","date_gmt":"2022-07-31T19:53:55","guid":{"rendered":"https:\/\/alphamodasocial.com.br\/shop\/?post_type=product&#038;p=19050"},"modified":"2025-06-25T11:35:43","modified_gmt":"2025-06-25T14:35:43","slug":"comprar-uniformes-para-franquias-hoteis-administrativos-empresas-industrias-hospitais-kit-20-pcs","status":"publish","type":"product","link":"https:\/\/alphamodasocial.com.br\/shop\/produto\/comprar-uniformes-para-franquias-hoteis-administrativos-empresas-industrias-hospitais-kit-20-pcs\/","title":{"rendered":"Comprar uniformes para franquias hot\u00e9is administrativos empresas ind\u00fastrias hospitais \u2013 Kits a partir de 20 p\u00e7s"},"content":{"rendered":"<p><strong>Comprar uniformes para franquias hot\u00e9is administrativos empresas ind\u00fastrias hospitais<\/strong><\/p>\n<p>Esse valor est\u00e1 incluso o bordado no peito e se preferir a bandeira do Brasil vai como brinde, se quiser mais bordados, entre em contato conosco pelo <b><a href=\"https:\/\/wa.me\/5515988064065?text=Quero%20saber%20o%20valor%20de%20mais%20bordados%20em%20meus%20uniformes\" target=\"_blank\" rel=\"noopener\">whats<\/a><\/b><\/p>\n<p>Op\u00e7\u00f5es de malhas para fazermos os seus uniformes ou fardamentos profissionais<br \/>\n<strong>Malha piquet<\/strong> (antipilling = anti bolinhas) &#8211; 50% poli\u00e9ster 50% algod\u00e3o<strong><br \/>\nMalha fria PV<\/strong> (antipilling = anti bolinhas) 67% poliester 33% viscose<br \/>\n<strong>Malha Dry fit<\/strong> 100% poliester<br \/>\n<strong>Meia malha<\/strong> 100% algod\u00e3o<\/p>\n<p>Se tiver d\u00favidas sobre a malha assista esse v\u00eddeo<br \/>\n<a href=\"https:\/\/youtu.be\/y9Hj79Md5lY\" target=\"_blank\" rel=\"noopener\"><img decoding=\"async\" loading=\"lazy\" class=\"alignnone wp-image-19491\" src=\"https:\/\/alphamodasocial.com.br\/shop\/wp-content\/uploads\/2022\/11\/youtube-logo-5-2.png\" alt=\"ideias-de-uniformes-que-n\u00e3o-amassam-que-n\u00e3o-encolhem-que-n\u00e3o-desbotam\" width=\"21\" height=\"15\" srcset=\"https:\/\/alphamodasocial.com.br\/shop\/wp-content\/uploads\/2022\/11\/youtube-logo-5-2.png 4096w, https:\/\/alphamodasocial.com.br\/shop\/wp-content\/uploads\/2022\/11\/youtube-logo-5-2-300x210.png 300w, https:\/\/alphamodasocial.com.br\/shop\/wp-content\/uploads\/2022\/11\/youtube-logo-5-2-1024x715.png 1024w, https:\/\/alphamodasocial.com.br\/shop\/wp-content\/uploads\/2022\/11\/youtube-logo-5-2-768x536.png 768w, https:\/\/alphamodasocial.com.br\/shop\/wp-content\/uploads\/2022\/11\/youtube-logo-5-2-1536x1073.png 1536w, https:\/\/alphamodasocial.com.br\/shop\/wp-content\/uploads\/2022\/11\/youtube-logo-5-2-2048x1431.png 2048w, https:\/\/alphamodasocial.com.br\/shop\/wp-content\/uploads\/2022\/11\/youtube-logo-5-2-640x447.png 640w\" sizes=\"(max-width: 21px) 100vw, 21px\" \/> <\/a><a href=\"https:\/\/youtu.be\/y9Hj79Md5lY\" target=\"_blank\" rel=\"noopener\">https:\/\/youtu.be\/y9Hj79Md5lY<\/a><\/p>\n<p>Tamanhos PP ao EXG<\/p>\n<p>Tamanhos G1 ao G6 plus size tem acr\u00e9scimo de 40%<b><\/b><\/p>\n<p><strong>TEMPO DE PROCESSAMENTO DE ENTREGA 25 a 35 DIAS \u00daTEIS (RECEBIMENTO DO PAGAMENTO, SEPARA\u00c7\u00c3O, CONFER\u00caNCIA, EMBALAGEM E ENVIO) MAIS O PRAZO ESTIPULADO PELOS CORREIOS.<\/strong><br \/>\n<strong>O PRAZO COME\u00c7AR\u00c1 A CONTAR A PARTIR DA APROVA\u00c7\u00c3O DO PEDIDO COM TAMANHOS, COR, MODELO E SIMULA\u00c7\u00c3O J\u00c1 DEFINIDOS.<\/strong><\/p>\n<p>&nbsp;<\/p>\n<p><strong><img decoding=\"async\" loading=\"lazy\" class=\"wp-image-28455 alignleft\" src=\"https:\/\/unialphauniformes.com.br\/wp-content\/uploads\/2022\/06\/c585d7e96a7eaf3f1ecd1297d4593ce9.jpg\" alt=\"\" width=\"93\" height=\"93\" \/><\/strong><\/p>\n<p><strong>FAZEMOS SEU UNIFORME NA COR QUE VOC\u00ca IMAGINAR<\/strong><\/p>\n<p>&nbsp;<\/p>\n<p><strong>Compre agora e nos envie as informa\u00e7\u00f5es abaixo nesse whatsapp<a href=\"https:\/\/wa.me\/551531911606?text=Ol\u00e1,%20vim%20do%20site%20alpha%20Uniformes\" target=\"_blank\" rel=\"noopener\"><img decoding=\"async\" loading=\"lazy\" class=\"alignnone wp-image-28466\" src=\"https:\/\/unialphauniformes.com.br\/wp-content\/uploads\/2022\/06\/ec17f4c55c8cc534d8b12ea2181a0b73.jpg\" alt=\"\" width=\"17\" height=\"17\" \/><\/a> <\/strong><br \/>\n&#8211; O logo da sua empresa<br \/>\n&#8211; Combina\u00e7\u00e3o de cores que deseja conforme cat\u00e1logos em anexo<br \/>\n&#8211; Quantidades de pe\u00e7as por tamanho e sexo<\/p>\n<p>Nossos produtos s\u00e3o feitos com processos automatizados que garantem a qualidade e a padroniza\u00e7\u00e3o de cada modelo<\/p>\n<p>Vantagens: modelagem moderna e confort\u00e1vel que oferecem praticidade (f\u00e1cil de lavar e passar), f\u00e1cil transpira\u00e7\u00e3o, \u00f3timo caimento e durabilidade.<br \/>\nSua marca, seu logo personalizado com processos que garantem fidelidade e qualidade.<\/p>\n<p>Muitas empresas usam camisas polo como fardamentos e uniformes profissionais.<\/p>\n<p>Polo \u00e9 composta de tecido confort\u00e1vel e duradouro. Proporcionando maior conforto ao vestir.<\/p>\n<p>Vantagens: corte confort\u00e1vel e moderno, praticidade (f\u00e1cil de lavar e passar), f\u00e1cil transpira\u00e7\u00e3o, \u00f3timo caimento.<br \/>\n<script type=\"application\/ld+json\">\n{\n  \"@context\": \"https:\/\/schema.org\",\n  \"@type\": \"Product\",\n  \"name\": \"Uniformes para Franquias, Hot\u00e9is, Administrativos, Empresas, Ind\u00fastrias, Hospitais - Kit 20 P\u00e7s\",\n  \"image\": [\n    \"https:\/\/alphamodasocial.com.br\/shop\/wp-content\/uploads\/2024\/10\/uniforme-franquia-hotel-administrativo.jpg\",\n    \"https:\/\/alphamodasocial.com.br\/shop\/wp-content\/uploads\/2024\/10\/uniforme-industria-hospital.jpg\"\n  ],\n  \"description\": \"Uniformes de alta qualidade, ideais para diversos setores como franquias, hot\u00e9is, empresas e hospitais. Oferecem conforto, durabilidade e um visual profissional para sua equipe.\",\n  \"brand\": {\n    \"@type\": \"Brand\",\n    \"name\": \"Alpha Moda Social\"\n  },\n  \"sku\": \"AMB 0543-2-1\",\n  \"offers\": {\n    \"@type\": \"Offer\",\n    \"url\": \"https:\/\/alphamodasocial.com.br\/shop\/produto\/comprar-uniformes-para-franquias-hoteis-administrativos-empresas-industrias-hospitais-kit-20-pcs\/\",\n    \"priceCurrency\": \"BRL\",\n    \"price\": \"999.99\",\n    \"itemCondition\": \"https:\/\/schema.org\/NewCondition\",\n    \"availability\": \"https:\/\/schema.org\/InStock\"\n  },\n  \"category\": [\n    \"Uniformes Profissionais\",\n    \"Franquias\",\n    \"Hot\u00e9is\",\n    \"Administrativos\",\n    \"Ind\u00fastrias\",\n    \"Hospitais\"\n  ]\n}\n<\/script><\/p>\n","protected":false},"excerpt":{"rendered":"<p>&nbsp;<\/p>\n<p>&nbsp;<\/p>\n<p><strong><img decoding=\"async\" loading=\"lazy\" class=\"wp-image-28455 alignleft\" src=\"https:\/\/unialphauniformes.com.br\/wp-content\/uploads\/2022\/06\/c585d7e96a7eaf3f1ecd1297d4593ce9.jpg\" alt=\"\" width=\"93\" height=\"93\" \/><\/strong><\/p>\n<p><strong>FAZEMOS SEU UNIFORME NA COR QUE VOC\u00ca IMAGINAR<\/strong><\/p>\n<p>&nbsp;<\/p>\n<p><strong>Compre agora e nos envie as informa\u00e7\u00f5es abaixo nesse whatsapp<a href=\"https:\/\/wa.me\/551531911606?text=Ol\u00e1,%20vim%20do%20site%20alpha%20Uniformes\" target=\"_blank\" rel=\"noopener\"><img decoding=\"async\" loading=\"lazy\" class=\"alignnone wp-image-28466\" src=\"https:\/\/unialphauniformes.com.br\/wp-content\/uploads\/2022\/06\/ec17f4c55c8cc534d8b12ea2181a0b73.jpg\" alt=\"\" width=\"17\" height=\"17\" \/><\/a> <\/strong><br \/>\n&#8211; O logo da sua empresa<br \/>\n&#8211; Combina\u00e7\u00e3o de cores que deseja conforme cat\u00e1logos em anexo<br \/>\n&#8211; Quantidades de pe\u00e7as por tamanho e sexo<\/p>\n<p><strong>4 \u2013 A combina\u00e7\u00e3o de cores que deseja;<\/strong><\/p>\n<p>Pe\u00e7a um or\u00e7amento agora e transforme o uniforme da sua empresa em um marketing poderoso!<\/p>\n<p><a href=\"https:\/\/wa.me\/551531911606?text=Ol\u00e1,%20vim%20do%20site%20Unialpha%20Uniformes\" target=\"_blank\" rel=\"noopener\"><img decoding=\"async\" loading=\"lazy\" class=\"wp-image-31717\" src=\"https:\/\/unialphauniformes.com.br\/wp-content\/uploads\/2023\/09\/download.png\" alt=\"contato unialpha uniformes profissionais\" width=\"128\" height=\"49\" \/><\/a><\/p>\n","protected":false},"featured_media":19052,"template":"","meta":{"_monsterinsights_skip_tracking":false,"_monsterinsights_sitenote_active":false,"_monsterinsights_sitenote_note":"","_monsterinsights_sitenote_category":0},"product_cat":[701,232],"product_tag":[2333,2334,1254],"_links":{"self":[{"href":"https:\/\/alphamodasocial.com.br\/shop\/wp-json\/wp\/v2\/product\/19050"}],"collection":[{"href":"https:\/\/alphamodasocial.com.br\/shop\/wp-json\/wp\/v2\/product"}],"about":[{"href":"https:\/\/alphamodasocial.com.br\/shop\/wp-json\/wp\/v2\/types\/product"}],"wp:featuredmedia":[{"embeddable":true,"href":"https:\/\/alphamodasocial.com.br\/shop\/wp-json\/wp\/v2\/media\/19052"}],"wp:attachment":[{"href":"https:\/\/alphamodasocial.com.br\/shop\/wp-json\/wp\/v2\/media?parent=19050"}],"wp:term":[{"taxonomy":"product_cat","embeddable":true,"href":"https:\/\/alphamodasocial.com.br\/shop\/wp-json\/wp\/v2\/product_cat?post=19050"},{"taxonomy":"product_tag","embeddable":true,"href":"https:\/\/alphamodasocial.com.br\/shop\/wp-json\/wp\/v2\/product_tag?post=19050"}],"curies":[{"name":"wp","href":"https:\/\/api.w.org\/{rel}","templated":true}]}}