{"id":17744,"date":"2021-09-10T15:55:34","date_gmt":"2021-09-10T18:55:34","guid":{"rendered":"https:\/\/alphamodasocial.com.br\/shop\/?post_type=product&#038;p=17744"},"modified":"2025-06-19T13:48:00","modified_gmt":"2025-06-19T16:48:00","slug":"camisa-feminina-preta-com-detalhes-franquia-premyer-kit-20-pcs-2","status":"publish","type":"product","link":"https:\/\/alphamodasocial.com.br\/shop\/produto\/camisa-feminina-preta-com-detalhes-franquia-premyer-kit-20-pcs-2\/","title":{"rendered":"Camisa Feminina preta com detalhes franquia Premyer &#8211; kit 20 p\u00e7s"},"content":{"rendered":"<p><strong>Camisa Feminina preta com detalhes franquia Premyer<\/strong><\/p>\n<p><b><strong>Composi\u00e7\u00e3o:<\/strong><\/b> 27% poliester 28% algod\u00e3o 5% elastano<br \/>\n<b><strong>Tecido:<\/strong><\/b> Tricoline com elastano<br \/>\n<strong>Sexo:<\/strong>\u00a0feminino<\/p>\n<p><b><strong>Vista:<\/strong><\/b>\u00a0com bot\u00f5es<br \/>\n<b><strong>Manga:<\/strong><\/b> Longa<br \/>\n<b><strong>Tamanhos<\/strong><\/b> PP ao EXG<\/p>\n<p><strong>TEMPO DE PROCESSAMENTO DE ENTREGA 25 a 35 DIAS \u00daTEIS (RECEBIMENTO DO PAGAMENTO, SEPARA\u00c7\u00c3O, CONFER\u00caNCIA, EMBALAGEM E ENVIO) MAIS O PRAZO ESTIPULADO PELOS CORREIOS.<\/strong><br \/>\n<strong>O PRAZO COME\u00c7AR\u00c1 A CONTAR A PARTIR DA APROVA\u00c7\u00c3O DO PEDIDO COM TAMANHOS, COR, MODELO E SIMULA\u00c7\u00c3O J\u00c1 DEFINIDOS.<\/strong><\/p>\n<p>Pe\u00e7a um or\u00e7amento agora e transforme o uniforme da sua empresa em um marketing poderoso!<\/p>\n<p><a href=\"https:\/\/wa.me\/551531911606?text=Ol\u00e1,%20vim%20do%20site%20alpha%20Uniformes\" target=\"_blank\" rel=\"noopener\"><img decoding=\"async\" loading=\"lazy\" class=\"alignnone wp-image-31717\" src=\"https:\/\/unialphauniformes.com.br\/wp-content\/uploads\/2023\/09\/download.png\" alt=\"contato unialpha uniformes profissionais\" width=\"128\" height=\"49\" \/><\/a><\/p>\n<p><a href=\"https:\/\/alphamodasocial.com.br\/shop\/contato\/\">Para maiores quantidades, solicite or\u00e7amento atrav\u00e9s dos nossos contatos, clique aqui<\/a><\/p>\n<p>&nbsp;<\/p>\n<p>&nbsp;<\/p>\n<p>&nbsp;<\/p>\n<p><img decoding=\"async\" loading=\"lazy\" class=\"alignnone wp-image-15274\" src=\"https:\/\/alphamodasocial.com.br\/shop\/wp-content\/uploads\/2020\/01\/Camisa-feminina-manga-longa.jpg\" alt=\"\" width=\"465\" height=\"198\" srcset=\"https:\/\/alphamodasocial.com.br\/shop\/wp-content\/uploads\/2020\/01\/Camisa-feminina-manga-longa.jpg 706w, https:\/\/alphamodasocial.com.br\/shop\/wp-content\/uploads\/2020\/01\/Camisa-feminina-manga-longa-640x273.jpg 640w, https:\/\/alphamodasocial.com.br\/shop\/wp-content\/uploads\/2020\/01\/Camisa-feminina-manga-longa-300x128.jpg 300w\" sizes=\"(max-width: 465px) 100vw, 465px\" \/><\/p>\n","protected":false},"excerpt":{"rendered":"<p>&nbsp;<\/p>\n<p>&nbsp;<\/p>\n<p>&nbsp;<\/p>\n<p><strong><img decoding=\"async\" loading=\"lazy\" class=\"wp-image-28455 alignleft\" src=\"https:\/\/unialphauniformes.com.br\/wp-content\/uploads\/2022\/06\/c585d7e96a7eaf3f1ecd1297d4593ce9.jpg\" alt=\"\" width=\"93\" height=\"93\" \/><\/strong><\/p>\n<p><strong>FAZEMOS SEU UNIFORME NA COR QUE VOC\u00ca IMAGINAR<\/strong><\/p>\n<p>&nbsp;<\/p>\n<p><strong>Compre agora e nos envie as informa\u00e7\u00f5es abaixo nesse whatsapp<a href=\"https:\/\/wa.me\/551531911606?text=Ol\u00e1,%20vim%20do%20site%20alpha%20Uniformes\" target=\"_blank\" rel=\"noopener\"><img decoding=\"async\" loading=\"lazy\" class=\"alignnone wp-image-28466\" src=\"https:\/\/unialphauniformes.com.br\/wp-content\/uploads\/2022\/06\/ec17f4c55c8cc534d8b12ea2181a0b73.jpg\" alt=\"\" width=\"17\" height=\"17\" \/><\/a> <\/strong><br \/>\n&#8211; O logo da sua empresa<br \/>\n&#8211; Combina\u00e7\u00e3o de cores que deseja conforme cat\u00e1logos em anexo<br \/>\n&#8211; Quantidades de pe\u00e7as por tamanho e sexo<\/p>\n<p>&nbsp;<\/p>\n","protected":false},"featured_media":17746,"template":"","meta":{"_monsterinsights_skip_tracking":false,"_monsterinsights_sitenote_active":false,"_monsterinsights_sitenote_note":"","_monsterinsights_sitenote_category":0},"product_cat":[1128],"product_tag":[1138],"_links":{"self":[{"href":"https:\/\/alphamodasocial.com.br\/shop\/wp-json\/wp\/v2\/product\/17744"}],"collection":[{"href":"https:\/\/alphamodasocial.com.br\/shop\/wp-json\/wp\/v2\/product"}],"about":[{"href":"https:\/\/alphamodasocial.com.br\/shop\/wp-json\/wp\/v2\/types\/product"}],"wp:featuredmedia":[{"embeddable":true,"href":"https:\/\/alphamodasocial.com.br\/shop\/wp-json\/wp\/v2\/media\/17746"}],"wp:attachment":[{"href":"https:\/\/alphamodasocial.com.br\/shop\/wp-json\/wp\/v2\/media?parent=17744"}],"wp:term":[{"taxonomy":"product_cat","embeddable":true,"href":"https:\/\/alphamodasocial.com.br\/shop\/wp-json\/wp\/v2\/product_cat?post=17744"},{"taxonomy":"product_tag","embeddable":true,"href":"https:\/\/alphamodasocial.com.br\/shop\/wp-json\/wp\/v2\/product_tag?post=17744"}],"curies":[{"name":"wp","href":"https:\/\/api.w.org\/{rel}","templated":true}]}}