{"id":15566,"date":"2020-07-25T21:06:44","date_gmt":"2020-07-26T00:06:44","guid":{"rendered":"https:\/\/alphamodasocial.com.br\/shop\/?post_type=product&#038;p=15566"},"modified":"2025-06-20T17:36:42","modified_gmt":"2025-06-20T20:36:42","slug":"calca-em-brim-rip-stop-kit-com-20-pcs","status":"publish","type":"product","link":"https:\/\/alphamodasocial.com.br\/shop\/produto\/calca-em-brim-rip-stop-kit-com-20-pcs\/","title":{"rendered":"Cal\u00e7a Em Brim Rip Stop PROMO\u00c7\u00c3O REL\u00c2MPAGO &#8211; Kit 20 P\u00e7s"},"content":{"rendered":"<p><strong>Cal\u00e7a Em Brim Rip Stop Kit Com 6 P\u00e7s, apenas na cor preta<\/strong><\/p>\n<p>Composi\u00e7\u00e3o: 70% poli\u00e9ster 30% algod\u00e3o<br \/>\nTecido: Rip Stop<br \/>\nTecido Resistente para toda a vida, n\u00e3o escolhe, n\u00e3o amassa, n\u00e3o desbota e n\u00e3o rasga.<br \/>\nFechamento com Z\u00edper<br \/>\nTamanhos PP o EXG<\/p>\n<p>Tecido com Fios tipo Rip Stop em algod\u00e3o e poli\u00e9ster para maior resist\u00eancia: Rip stop (\u201crip\u201d \u00e9 rasg\u00e3o em ingl\u00eas, e \u201cstop\u201d \u00e9 parar) \u00e9 todo tecido que tem em sua composi\u00e7\u00e3o fios em Poliester mais grossos dispostos de maneira quadriculada, impedindo que ele seja desfiado de vez quando rasgado.<\/p>\n<p><strong>TEMPO DE PROCESSAMENTO DE ENTREGA 25 a 35 DIAS \u00daTEIS (RECEBIMENTO DO PAGAMENTO, SEPARA\u00c7\u00c3O, CONFER\u00caNCIA, EMBALAGEM E ENVIO) MAIS O PRAZO ESTIPULADO PELOS CORREIOS.<\/strong><br \/>\n<strong>O PRAZO COME\u00c7AR\u00c1 A CONTAR A PARTIR DA APROVA\u00c7\u00c3O DO PEDIDO COM TAMANHOS, COR, MODELO E SIMULA\u00c7\u00c3O J\u00c1 DEFINIDOS.<\/strong><\/p>\n<p>Pe\u00e7a um or\u00e7amento agora e transforme o uniforme da sua empresa em um marketing poderoso!<\/p>\n<p><a href=\"https:\/\/wa.me\/551531911606?text=Ol\u00e1,%20vim%20do%20site%20Unialpha%20Uniformes\" target=\"_blank\" rel=\"noopener\"><img decoding=\"async\" loading=\"lazy\" class=\"wp-image-31717\" src=\"https:\/\/unialphauniformes.com.br\/wp-content\/uploads\/2023\/09\/download.png\" alt=\"contato unialpha uniformes profissionais\" width=\"128\" height=\"49\" \/><\/a><\/p>\n<p><a href=\"https:\/\/alphamodasocial.com.br\/shop\/contato\/\">Para maiores quantidades, solicite or\u00e7amento atrav\u00e9s dos nossos contatos, clique aqui<\/a><\/p>\n<p>&nbsp;<\/p>\n","protected":false},"excerpt":{"rendered":"<p>&nbsp;<\/p>\n<p><strong><img decoding=\"async\" loading=\"lazy\" class=\"wp-image-28455 alignleft\" src=\"https:\/\/unialphauniformes.com.br\/wp-content\/uploads\/2022\/06\/c585d7e96a7eaf3f1ecd1297d4593ce9.jpg\" alt=\"\" width=\"93\" height=\"93\" \/><\/strong><\/p>\n<p><strong>FAZEMOS SEU UNIFORME NA COR QUE VOC\u00ca IMAGINAR<\/strong><\/p>\n<p>&nbsp;<\/p>\n<p><strong>Compre agora e nos envie as informa\u00e7\u00f5es abaixo nesse whatsapp<a href=\"https:\/\/wa.me\/551531911606?text=Ol\u00e1,%20vim%20do%20site%20alpha%20Uniformes\" target=\"_blank\" rel=\"noopener\"><img decoding=\"async\" loading=\"lazy\" class=\"alignnone wp-image-28466\" src=\"https:\/\/unialphauniformes.com.br\/wp-content\/uploads\/2022\/06\/ec17f4c55c8cc534d8b12ea2181a0b73.jpg\" alt=\"\" width=\"17\" height=\"17\" \/><\/a> <\/strong><br \/>\n&#8211; O logo da sua empresa<br \/>\n&#8211; Combina\u00e7\u00e3o de cores que deseja conforme cat\u00e1logos em anexo<br \/>\n&#8211; Quantidades de pe\u00e7as por tamanho e sexo<\/p>\n","protected":false},"featured_media":15571,"template":"","meta":{"_monsterinsights_skip_tracking":false,"_monsterinsights_sitenote_active":false,"_monsterinsights_sitenote_note":"","_monsterinsights_sitenote_category":0},"product_cat":[859],"product_tag":[851,858,850,852,856,855,857,853,450,854],"_links":{"self":[{"href":"https:\/\/alphamodasocial.com.br\/shop\/wp-json\/wp\/v2\/product\/15566"}],"collection":[{"href":"https:\/\/alphamodasocial.com.br\/shop\/wp-json\/wp\/v2\/product"}],"about":[{"href":"https:\/\/alphamodasocial.com.br\/shop\/wp-json\/wp\/v2\/types\/product"}],"wp:featuredmedia":[{"embeddable":true,"href":"https:\/\/alphamodasocial.com.br\/shop\/wp-json\/wp\/v2\/media\/15571"}],"wp:attachment":[{"href":"https:\/\/alphamodasocial.com.br\/shop\/wp-json\/wp\/v2\/media?parent=15566"}],"wp:term":[{"taxonomy":"product_cat","embeddable":true,"href":"https:\/\/alphamodasocial.com.br\/shop\/wp-json\/wp\/v2\/product_cat?post=15566"},{"taxonomy":"product_tag","embeddable":true,"href":"https:\/\/alphamodasocial.com.br\/shop\/wp-json\/wp\/v2\/product_tag?post=15566"}],"curies":[{"name":"wp","href":"https:\/\/api.w.org\/{rel}","templated":true}]}}