{"id":14947,"date":"2020-04-17T00:51:12","date_gmt":"2020-04-17T03:51:12","guid":{"rendered":"https:\/\/alphamodasocial.com.br\/shop\/?post_type=product&#038;p=14947"},"modified":"2025-08-11T11:23:29","modified_gmt":"2025-08-11T14:23:29","slug":"pijama-cirurgico-enfermagem-scrub-masculino-poliester-kit-20-pcs","status":"publish","type":"product","link":"https:\/\/alphamodasocial.com.br\/shop\/produto\/pijama-cirurgico-enfermagem-scrub-masculino-poliester-kit-20-pcs\/","title":{"rendered":"Pijama Cir\u00fargico Enfermagem Scrub Masculino \u2013 Poli\u00e9ster PERSONALIZADO kit 20 p\u00e7s"},"content":{"rendered":"<p><strong>Pijama Cir\u00fargico Enfermagem Scrub Masculino \u2013 Poli\u00e9ster PERSONALIZADO kit 20 p\u00e7s<\/strong><\/p>\n<p>Ap\u00f3s a compra nos envie via chat da compra oque quer bordar<br \/>\nModelagem exclusiva Alpha Moda<br \/>\nV\u00e1rias cores a sua escolha, mas aten\u00e7\u00e3o as cores dispon\u00edveis para cada tecido:<br \/>\nOxford \u2013 verde musgo, azul marinho, preto, cinza escuro, branco, vermelho, Rubi e vinho<br \/>\nTactel \u2013 verde musgo, verde bandeira, azul marinho, azul bic, azul cobalto, preto, cinza escuro, cinza claro, branco, vermelho, rubi<br \/>\nGabardine \u2013 verde bandeira, azul marinho, azul bic, preto, cinza escuro, cinza claro, branco, rubi<br \/>\nTecido 100% Poli\u00e9ster, veja os benef\u00edcios<br \/>\n\u2013 Pr\u00e1tico pois n\u00e3o amassa<br \/>\n\u2013 N\u00e3o encolhe<br \/>\n\u2013 N\u00e3o absorve Sujeira<br \/>\n\u2013 Seca r\u00e1pido<br \/>\n\u2013 N\u00e3o desbota<br \/>\nMuita Durabilidade<br \/>\nCamisa privativa masculina com 1 bolso superior e 2 bolsos inferiores<br \/>\nCal\u00e7a privativa com cord\u00e3o e el\u00e1stico<br \/>\nSomos fabricantes, vendemos no atacado tamb\u00e9m, se precisar de maiores quantidades entre contato conosco, podemos fazer bons neg\u00f3cios \u2013 Alpha Moda Social<\/p>\n<p><strong>TEMPO DE PROCESSAMENTO DE ENTREGA 25 a 35 DIAS \u00daTEIS (RECEBIMENTO DO PAGAMENTO, SEPARA\u00c7\u00c3O, CONFER\u00caNCIA, EMBALAGEM E ENVIO) MAIS O PRAZO ESTIPULADO PELOS CORREIOS.<\/strong><br \/>\n<strong>O PRAZO COME\u00c7AR\u00c1 A CONTAR A PARTIR DA APROVA\u00c7\u00c3O DO PEDIDO COM TAMANHOS, COR, MODELO E SIMULA\u00c7\u00c3O J\u00c1 DEFINIDOS.<\/strong><\/p>\n<p>Pe\u00e7a um or\u00e7amento agora e transforme o uniforme da sua empresa em um marketing poderoso!<\/p>\n<p><a href=\"https:\/\/wa.me\/551531911606?text=Ol\u00e1,%20vim%20do%20site%20Unialpha%20Uniformes\" target=\"_blank\" rel=\"noopener\"><img decoding=\"async\" loading=\"lazy\" class=\"wp-image-31717\" src=\"https:\/\/unialphauniformes.com.br\/wp-content\/uploads\/2023\/09\/download.png\" alt=\"contato unialpha uniformes profissionais\" width=\"128\" height=\"49\" \/><\/a><\/p>\n","protected":false},"excerpt":{"rendered":"<p>&nbsp;<\/p>\n<p><strong><img decoding=\"async\" loading=\"lazy\" class=\"wp-image-28455 alignleft\" src=\"https:\/\/unialphauniformes.com.br\/wp-content\/uploads\/2022\/06\/c585d7e96a7eaf3f1ecd1297d4593ce9.jpg\" alt=\"\" width=\"93\" height=\"93\" \/><\/strong><\/p>\n<p><strong>FAZEMOS SEU UNIFORME NA COR QUE VOC\u00ca IMAGINAR<\/strong><\/p>\n<p>&nbsp;<\/p>\n<p><strong>Compre agora e nos envie as informa\u00e7\u00f5es abaixo nesse whatsapp<a href=\"https:\/\/wa.me\/551531911606?text=Ol\u00e1,%20vim%20do%20site%20alpha%20Uniformes\" target=\"_blank\" rel=\"noopener\"><img decoding=\"async\" loading=\"lazy\" class=\"alignnone wp-image-28466\" src=\"https:\/\/unialphauniformes.com.br\/wp-content\/uploads\/2022\/06\/ec17f4c55c8cc534d8b12ea2181a0b73.jpg\" alt=\"\" width=\"17\" height=\"17\" \/><\/a> <\/strong><br \/>\n&#8211; O logo da sua empresa<br \/>\n&#8211; Combina\u00e7\u00e3o de cores que deseja conforme cat\u00e1logos em anexo<br \/>\n&#8211; Quantidades de pe\u00e7as por tamanho e sexo<\/p>\n","protected":false},"featured_media":14953,"template":"","meta":{"_monsterinsights_skip_tracking":false,"_monsterinsights_sitenote_active":false,"_monsterinsights_sitenote_note":"","_monsterinsights_sitenote_category":0},"product_cat":[691],"product_tag":[819,824],"_links":{"self":[{"href":"https:\/\/alphamodasocial.com.br\/shop\/wp-json\/wp\/v2\/product\/14947"}],"collection":[{"href":"https:\/\/alphamodasocial.com.br\/shop\/wp-json\/wp\/v2\/product"}],"about":[{"href":"https:\/\/alphamodasocial.com.br\/shop\/wp-json\/wp\/v2\/types\/product"}],"wp:featuredmedia":[{"embeddable":true,"href":"https:\/\/alphamodasocial.com.br\/shop\/wp-json\/wp\/v2\/media\/14953"}],"wp:attachment":[{"href":"https:\/\/alphamodasocial.com.br\/shop\/wp-json\/wp\/v2\/media?parent=14947"}],"wp:term":[{"taxonomy":"product_cat","embeddable":true,"href":"https:\/\/alphamodasocial.com.br\/shop\/wp-json\/wp\/v2\/product_cat?post=14947"},{"taxonomy":"product_tag","embeddable":true,"href":"https:\/\/alphamodasocial.com.br\/shop\/wp-json\/wp\/v2\/product_tag?post=14947"}],"curies":[{"name":"wp","href":"https:\/\/api.w.org\/{rel}","templated":true}]}}