{"id":14819,"date":"2020-03-30T19:14:49","date_gmt":"2020-03-30T22:14:49","guid":{"rendered":"https:\/\/alphamodasocial.com.br\/shop\/?post_type=product&#038;p=14819"},"modified":"2025-06-21T10:31:06","modified_gmt":"2025-06-21T13:31:06","slug":"jaleco-masculino-gola-padre-manga-longa-com-punho-kit-20-pcs","status":"publish","type":"product","link":"https:\/\/alphamodasocial.com.br\/shop\/produto\/jaleco-masculino-gola-padre-manga-longa-com-punho-kit-20-pcs\/","title":{"rendered":"Jaleco Gola Padre Masculino Manga Longa Com Punho &#8211; kit 20 p\u00e7s"},"content":{"rendered":"<p><strong>Jaleco Masculino Gola Padre Manga Longa Com Punho kit 20 p\u00e7s<\/strong><\/p>\n<p>Composi\u00e7\u00e3o: 100% Poli\u00e9ster ou 100% algod\u00e3o<br \/>\nTecido: Gabardine, Oxford ou Algod\u00e3o<br \/>\nTecido Resistente, toque macio, \u00f3timo caimento.<br \/>\nVista com bot\u00f5es embutidos<br \/>\nManga longa com punho<br \/>\nTamanhos PP ao EG<\/p>\n<p><strong>TEMPO DE PROCESSAMENTO DE ENTREGA 25 a 35 DIAS \u00daTEIS (RECEBIMENTO DO PAGAMENTO, SEPARA\u00c7\u00c3O, CONFER\u00caNCIA, EMBALAGEM E ENVIO) MAIS O PRAZO ESTIPULADO PELOS CORREIOS.<\/strong><br \/>\n<strong>O PRAZO COME\u00c7AR\u00c1 A CONTAR A PARTIR DA APROVA\u00c7\u00c3O DO PEDIDO COM TAMANHOS, COR, MODELO E SIMULA\u00c7\u00c3O J\u00c1 DEFINIDOS.<\/strong><\/p>\n<p>Pe\u00e7a um or\u00e7amento agora e transforme o uniforme da sua empresa em um marketing poderoso!<\/p>\n<p><a href=\"https:\/\/wa.me\/551531911606?text=Ol\u00e1,%20vim%20do%20site%20Unialpha%20Uniformes\" target=\"_blank\" rel=\"noopener\"><img decoding=\"async\" loading=\"lazy\" class=\"wp-image-31717\" src=\"https:\/\/unialphauniformes.com.br\/wp-content\/uploads\/2023\/09\/download.png\" alt=\"contato unialpha uniformes profissionais\" width=\"128\" height=\"49\" \/><\/a><\/p>\n<p><a href=\"https:\/\/alphamodasocial.com.br\/shop\/contato\/\"><strong>Para maiores quantidades e camisetas personalizadas com bordados ou estampas, solicite or\u00e7amento atrav\u00e9s dos nossos contatos, clique aqui.<\/strong><\/a><\/p>\n<p>&nbsp;<\/p>\n<p>O jaleco ou avental masculino tem uma fun\u00e7\u00e3o muito importante de proteger as roupas de baixo e o corpo do seu usu\u00e1rio.<\/p>\n<p>Jaleco com acabamento especial, as fibras do tecido possuem efici\u00eancia comprovada no seu uso di\u00e1rio prote\u00e7\u00e3o para voc\u00ea e para as pessoas que est\u00e3o a sua volta.<\/p>\n<p>V\u00e1rios profissionais podem usar jalecos: \u00a0M\u00e9dicos, farmac\u00eauticos, enfermeiros, fisioterapeutas, psic\u00f3logos, biom\u00e9dicos, bi\u00f3logos, dentistas, radiologistas, farmac\u00eauticos, fonoaudi\u00f3logos, nutricionistas, veterin\u00e1rios e outros profissionais da \u00e1rea da pesquisa e sa\u00fade. Tamb\u00e9m \u00e9 indicado para profissionais da ind\u00fastria que realizam procedimentos de manipula\u00e7\u00e3o de alimentos ou outros processos que devem manter-se imunes de infec\u00e7\u00f5es e contamina\u00e7\u00f5es.<\/p>\n<p>Nem todos os jalecos precisam ser brancos, podem coloridos como azul marinho, cinza, azul claro etc.<\/p>\n<p>O Jaleco ou avental Gola Esporte \u00e9 destinado para as profissionais da \u00e1rea da sa\u00fade,principalmente para dentistas por proteger at\u00e9 o pesco\u00e7o. O abotoamento escondido tem o objetivo de deix\u00e1-los com a sensa\u00e7\u00e3o de que n\u00e3o existem e n\u00e3o corre o risco de enroscarem alguns lugares.<\/p>\n","protected":false},"excerpt":{"rendered":"<p>&nbsp;<\/p>\n<p><strong><img decoding=\"async\" loading=\"lazy\" class=\"wp-image-28455 alignleft\" src=\"https:\/\/unialphauniformes.com.br\/wp-content\/uploads\/2022\/06\/c585d7e96a7eaf3f1ecd1297d4593ce9.jpg\" alt=\"\" width=\"93\" height=\"93\" \/><\/strong><\/p>\n<p><strong>FAZEMOS SEU UNIFORME NA COR QUE VOC\u00ca IMAGINAR<\/strong><\/p>\n<p>&nbsp;<\/p>\n<p><strong>Compre agora e nos envie as informa\u00e7\u00f5es abaixo nesse whatsapp<a href=\"https:\/\/wa.me\/551531911606?text=Ol\u00e1,%20vim%20do%20site%20alpha%20Uniformes\" target=\"_blank\" rel=\"noopener\"><img decoding=\"async\" loading=\"lazy\" class=\"alignnone wp-image-28466\" src=\"https:\/\/unialphauniformes.com.br\/wp-content\/uploads\/2022\/06\/ec17f4c55c8cc534d8b12ea2181a0b73.jpg\" alt=\"\" width=\"17\" height=\"17\" \/><\/a> <\/strong><br \/>\n&#8211; O logo da sua empresa<br \/>\n&#8211; Combina\u00e7\u00e3o de cores que deseja conforme cat\u00e1logos em anexo<br \/>\n&#8211; Quantidades de pe\u00e7as por tamanho e sexo<\/p>\n","protected":false},"featured_media":14823,"template":"","meta":{"_monsterinsights_skip_tracking":false,"_monsterinsights_sitenote_active":false,"_monsterinsights_sitenote_note":"","_monsterinsights_sitenote_category":0},"product_cat":[227],"product_tag":[807],"_links":{"self":[{"href":"https:\/\/alphamodasocial.com.br\/shop\/wp-json\/wp\/v2\/product\/14819"}],"collection":[{"href":"https:\/\/alphamodasocial.com.br\/shop\/wp-json\/wp\/v2\/product"}],"about":[{"href":"https:\/\/alphamodasocial.com.br\/shop\/wp-json\/wp\/v2\/types\/product"}],"wp:featuredmedia":[{"embeddable":true,"href":"https:\/\/alphamodasocial.com.br\/shop\/wp-json\/wp\/v2\/media\/14823"}],"wp:attachment":[{"href":"https:\/\/alphamodasocial.com.br\/shop\/wp-json\/wp\/v2\/media?parent=14819"}],"wp:term":[{"taxonomy":"product_cat","embeddable":true,"href":"https:\/\/alphamodasocial.com.br\/shop\/wp-json\/wp\/v2\/product_cat?post=14819"},{"taxonomy":"product_tag","embeddable":true,"href":"https:\/\/alphamodasocial.com.br\/shop\/wp-json\/wp\/v2\/product_tag?post=14819"}],"curies":[{"name":"wp","href":"https:\/\/api.w.org\/{rel}","templated":true}]}}