{"id":14139,"date":"2019-11-15T12:40:50","date_gmt":"2019-11-15T15:40:50","guid":{"rendered":"https:\/\/alphamodasocial.com.br\/shop\/?post_type=product&#038;p=14139"},"modified":"2025-06-21T10:59:36","modified_gmt":"2025-06-21T13:59:36","slug":"camisetas-personalizadas-uniformes-para-pet-shop-kit-20-pcs","status":"publish","type":"product","link":"https:\/\/alphamodasocial.com.br\/shop\/produto\/camisetas-personalizadas-uniformes-para-pet-shop-kit-20-pcs\/","title":{"rendered":"Kit 20 p\u00e7s Camisetas Personalizadas uniformes para Pet Shop"},"content":{"rendered":"<p><strong>Kit 20 p\u00e7s Camisetas Personalizadas uniformes para Pet Shop<\/strong><\/p>\n<p>Masculina, Feminina e ou Infantil, modelo Exclusivo Personalizada com logo no peito, bandeira do Brasil j\u00e1 inclusa como brinde<\/p>\n<p>Se quiser mais que 10 p\u00e7s, \u00e9 s\u00f3 efetuar a compra de mais kits<\/p>\n<p>Se quiser mais bordados, entre em contato conosco pelo\u00a0<strong>whatsapp<\/strong>\u00a0e solicite valores.<\/p>\n<p>Ap\u00f3s a compra envie a sua arte para deixarmos as suas camisetas personalizadas do jeito que voc\u00ea imaginou<\/p>\n<p>As 10 camisetas personalizadas tem que ser na mesma cor, os tamanhos podem ser diferentes entre masculino, feminino e ou infantil<\/p>\n<p><em>Se desejar alguma cor que n\u00e3o esteja nas op\u00e7\u00f5es, veja as demais nos cat\u00e1logos nas fotos e entre em contato conosco atrav\u00e9s do nosso<\/em><strong><em> whatsapp<\/em><\/strong><\/p>\n<p>Op\u00e7\u00f5es de malhas<br \/>\n<strong>malha fria PV<\/strong>\u00a0\u2013 (antipilling = anti bolinhas) 67% poliester 33% viscose<br \/>\n<strong>malha PA \u2013\u00a0<\/strong>50% poliester 50% algod\u00e3o<br \/>\n<strong>meia malha PA \u2013\u00a0<\/strong>100% algod\u00e3o<br \/>\n<strong>malha dry fit esportiva<\/strong>\u00a0\u2013 100% poli\u00e9ster<br \/>\nGola redonda careca<br \/>\nManga curta<br \/>\nTamanhos PP ao EXG e infantil tamanho 2 ao 14<\/p>\n<h5><b><strong>TEMPO DE PROCESSAMENTO DE ENTREGA 25 a 35 DIAS \u00daTEIS (RECEBIMENTO DO PAGAMENTO, SEPARA\u00c7\u00c3O, CONFER\u00caNCIA, EMBALAGEM E ENVIO) MAIS O PRAZO ESTIPULADO PELOS CORREIOS.<br \/>\nO PRAZO COME\u00c7AR\u00c1 A CONTAR A PARTIR DA APROVA\u00c7\u00c3O DO PEDIDO COM TAMANHOS, COR, MODELO E SIMULA\u00c7\u00c3O J\u00c1 DEFINIDOS.<\/strong><\/b><\/h5>\n<p>Pe\u00e7a um or\u00e7amento agora e transforme o uniforme da sua empresa em um marketing poderoso!<\/p>\n<p><a href=\"https:\/\/wa.me\/551531911606?text=Ol\u00e1,%20vim%20do%20site%20Unialpha%20Uniformes\" target=\"_blank\" rel=\"noopener\"><img decoding=\"async\" loading=\"lazy\" class=\"wp-image-31717\" src=\"https:\/\/unialphauniformes.com.br\/wp-content\/uploads\/2023\/09\/download.png\" alt=\"contato unialpha uniformes profissionais\" width=\"128\" height=\"49\" \/><\/a><\/p>\n<p>Nossas camisetas s\u00e3o compostas de malhas confort\u00e1veis e duradouras que proporcionam maior conforto ao vestir e usar.<\/p>\n<p>\u00c9 essencial para toda empresa usar camisetas personalizadas como fardamentos e uniformes profissionais, pois proporciona credibilidade e cria a identidade da empresa, por isso a escolha de seus uniformes profissionais s\u00e3o de extrema import\u00e2ncia.<\/p>\n","protected":false},"excerpt":{"rendered":"<p>&nbsp;<\/p>\n<p><strong><img decoding=\"async\" loading=\"lazy\" class=\"wp-image-28455 alignleft\" src=\"https:\/\/unialphauniformes.com.br\/wp-content\/uploads\/2022\/06\/c585d7e96a7eaf3f1ecd1297d4593ce9.jpg\" alt=\"\" width=\"93\" height=\"93\" \/><\/strong><\/p>\n<p><strong>FAZEMOS SEU UNIFORME NA COR QUE VOC\u00ca IMAGINAR<\/strong><\/p>\n<p>&nbsp;<\/p>\n<p><strong>Compre agora e nos envie as informa\u00e7\u00f5es abaixo nesse whatsapp<a href=\"https:\/\/wa.me\/551531911606?text=Ol\u00e1,%20vim%20do%20site%20alpha%20Uniformes\" target=\"_blank\" rel=\"noopener\"><img decoding=\"async\" loading=\"lazy\" class=\"alignnone wp-image-28466\" src=\"https:\/\/unialphauniformes.com.br\/wp-content\/uploads\/2022\/06\/ec17f4c55c8cc534d8b12ea2181a0b73.jpg\" alt=\"\" width=\"17\" height=\"17\" \/><\/a> <\/strong><br \/>\n&#8211; O logo da sua empresa<br \/>\n&#8211; Combina\u00e7\u00e3o de cores que deseja conforme cat\u00e1logos em anexo<br \/>\n&#8211; Quantidades de pe\u00e7as por tamanho e sexo<\/p>\n","protected":false},"featured_media":14142,"template":"","meta":{"_monsterinsights_skip_tracking":false,"_monsterinsights_sitenote_active":false,"_monsterinsights_sitenote_note":"","_monsterinsights_sitenote_category":0},"product_cat":[761,232],"product_tag":[793],"_links":{"self":[{"href":"https:\/\/alphamodasocial.com.br\/shop\/wp-json\/wp\/v2\/product\/14139"}],"collection":[{"href":"https:\/\/alphamodasocial.com.br\/shop\/wp-json\/wp\/v2\/product"}],"about":[{"href":"https:\/\/alphamodasocial.com.br\/shop\/wp-json\/wp\/v2\/types\/product"}],"wp:featuredmedia":[{"embeddable":true,"href":"https:\/\/alphamodasocial.com.br\/shop\/wp-json\/wp\/v2\/media\/14142"}],"wp:attachment":[{"href":"https:\/\/alphamodasocial.com.br\/shop\/wp-json\/wp\/v2\/media?parent=14139"}],"wp:term":[{"taxonomy":"product_cat","embeddable":true,"href":"https:\/\/alphamodasocial.com.br\/shop\/wp-json\/wp\/v2\/product_cat?post=14139"},{"taxonomy":"product_tag","embeddable":true,"href":"https:\/\/alphamodasocial.com.br\/shop\/wp-json\/wp\/v2\/product_tag?post=14139"}],"curies":[{"name":"wp","href":"https:\/\/api.w.org\/{rel}","templated":true}]}}