{"id":13785,"date":"2019-08-25T22:14:53","date_gmt":"2019-08-26T01:14:53","guid":{"rendered":"https:\/\/alphamodasocial.com.br\/shop\/?post_type=product&#038;p=13785"},"modified":"2025-06-21T11:24:54","modified_gmt":"2025-06-21T14:24:54","slug":"camisa-masculina-personalizada-para-uniformes-e-fardamentos-kit-c-20-pcs","status":"publish","type":"product","link":"https:\/\/alphamodasocial.com.br\/shop\/produto\/camisa-masculina-personalizada-para-uniformes-e-fardamentos-kit-c-20-pcs\/","title":{"rendered":"Camisa Masculina Personalizada para uniformes e fardamentos &#8211; Kit c\/ 20 p\u00e7s"},"content":{"rendered":"<p><b>Camisa Social Masculina Personalizada para uniformes profissionais e\/ou fardamentos\u00a0<strong>com 1 logo bordado no peito \u2013 kit com 20 p\u00e7s<\/strong><\/b><\/p>\n<p><strong>Ap\u00f3s a compra envie a sua arte para deixarmos as suas camisas personalizadas com o seu logotipo.<\/strong><\/p>\n<p><strong>As 6 p\u00e7s camisas tem que ser na mesma cor<\/strong><\/p>\n<p><b><strong>Composi\u00e7\u00e3o:<\/strong><\/b> 60% poli\u00e9ster 40% algod\u00e3o<br \/>\n<b><strong>Tecido:<\/strong><\/b>\u00a0Tricoline<br \/>\nTecido ideal para dias quentes, n\u00e3o amassa, \u00f3timo caimento.<br \/>\n<b><strong>Vista:<\/strong><\/b>\u00a0com bot\u00f5es<br \/>\n<b><strong>Manga:<\/strong><\/b> Curta<br \/>\n<b><strong>Tamanhos<\/strong><\/b> PP ao EXG<\/p>\n<p><strong><em>Se desejar alguma cor que n\u00e3o esteja nas op\u00e7\u00f5es, veja as demais cores nas fotos e entre em contato conosco atrav\u00e9s do nosso whatsapp 15 98824-5878<\/em><\/strong><\/p>\n<p><b><strong>TEMPO DE PROCESSAMENTO DE ENTREGA 25 a 35 DIAS \u00daTEIS (RECEBIMENTO DO PAGAMENTO, SEPARA\u00c7\u00c3O, CONFER\u00caNCIA, EMBALAGEM E ENVIO) MAIS O PRAZO ESTIPULADO PELOS CORREIOS.<br \/>\nO PRAZO COME\u00c7AR\u00c1 A CONTAR A PARTIR DA APROVA\u00c7\u00c3O DO PEDIDO COM TAMANHOS, COR, MODELO E SIMULA\u00c7\u00c3O J\u00c1 DEFINIDOS.<\/strong><\/b><\/p>\n<p>Pe\u00e7a um or\u00e7amento agora e transforme o uniforme da sua empresa em um marketing poderoso!<\/p>\n<p><a href=\"https:\/\/wa.me\/551531911606?text=Ol\u00e1,%20vim%20do%20site%20Unialpha%20Uniformes\" target=\"_blank\" rel=\"noopener\"><img decoding=\"async\" loading=\"lazy\" class=\"wp-image-31717\" src=\"https:\/\/unialphauniformes.com.br\/wp-content\/uploads\/2023\/09\/download.png\" alt=\"contato unialpha uniformes profissionais\" width=\"128\" height=\"49\" \/><\/a><\/p>\n<p><a href=\"https:\/\/alphamodasocial.com.br\/shop\/contato\/\">Para maiores quantidades, solicite or\u00e7amento atrav\u00e9s dos nossos contatos, clique aqui<\/a><\/p>\n<p>As camisas masculinas passaram de modelos sociais para combinar com muita facilidade com outros looks e nas mais diversas ocasi\u00f5es. A febre da\u00a0camisa solta, a democr\u00e1tica\u00a0camisa social, as divertidas\u00a0cores\u00a0\u00a0fazem a cabe\u00e7a de homens que gostam de dar um toque moderno nas combina\u00e7\u00f5es. Em momentos informais aposte na sobreposi\u00e7\u00e3o de camisas e\u00a0camisetas\u00a0para um visual cheio de estilo!<\/p>\n<p>Essa sugest\u00e3o serve apenas para momentos informais, os momentos formais sugere-se o uso apenas das camisas e por dentro das cal\u00e7as.<\/p>\n<p>Usam-se tamb\u00e9m camisa social masculina para uniformes profissionais ou fardamentos, as cores mais usadas s\u00e3o: camisa social masculina preta, camisa social masculina branca, camisa social masculina cinza , camisa social masculina creme, camisa social masculina azul claro e camisa social masculina azul anyl.<\/p>\n","protected":false},"excerpt":{"rendered":"<p>&nbsp;<\/p>\n<p><strong><img decoding=\"async\" loading=\"lazy\" class=\"wp-image-28455 alignleft\" src=\"https:\/\/unialphauniformes.com.br\/wp-content\/uploads\/2022\/06\/c585d7e96a7eaf3f1ecd1297d4593ce9.jpg\" alt=\"\" width=\"93\" height=\"93\" \/><\/strong><\/p>\n<p><strong>FAZEMOS SEU UNIFORME NA COR QUE VOC\u00ca IMAGINAR<\/strong><\/p>\n<p>&nbsp;<\/p>\n<p><strong>Compre agora e nos envie as informa\u00e7\u00f5es abaixo nesse whatsapp<a href=\"https:\/\/wa.me\/551531911606?text=Ol\u00e1,%20vim%20do%20site%20alpha%20Uniformes\" target=\"_blank\" rel=\"noopener\"><img decoding=\"async\" loading=\"lazy\" class=\"alignnone wp-image-28466\" src=\"https:\/\/unialphauniformes.com.br\/wp-content\/uploads\/2022\/06\/ec17f4c55c8cc534d8b12ea2181a0b73.jpg\" alt=\"\" width=\"17\" height=\"17\" \/><\/a> <\/strong><br \/>\n&#8211; O logo da sua empresa<br \/>\n&#8211; Combina\u00e7\u00e3o de cores que deseja conforme cat\u00e1logos em anexo<br \/>\n&#8211; Quantidades de pe\u00e7as por tamanho e sexo<\/p>\n","protected":false},"featured_media":13788,"template":"","meta":{"_monsterinsights_skip_tracking":false,"_monsterinsights_sitenote_active":false,"_monsterinsights_sitenote_note":"","_monsterinsights_sitenote_category":0},"product_cat":[703,232],"product_tag":[500,739,731,734],"_links":{"self":[{"href":"https:\/\/alphamodasocial.com.br\/shop\/wp-json\/wp\/v2\/product\/13785"}],"collection":[{"href":"https:\/\/alphamodasocial.com.br\/shop\/wp-json\/wp\/v2\/product"}],"about":[{"href":"https:\/\/alphamodasocial.com.br\/shop\/wp-json\/wp\/v2\/types\/product"}],"wp:featuredmedia":[{"embeddable":true,"href":"https:\/\/alphamodasocial.com.br\/shop\/wp-json\/wp\/v2\/media\/13788"}],"wp:attachment":[{"href":"https:\/\/alphamodasocial.com.br\/shop\/wp-json\/wp\/v2\/media?parent=13785"}],"wp:term":[{"taxonomy":"product_cat","embeddable":true,"href":"https:\/\/alphamodasocial.com.br\/shop\/wp-json\/wp\/v2\/product_cat?post=13785"},{"taxonomy":"product_tag","embeddable":true,"href":"https:\/\/alphamodasocial.com.br\/shop\/wp-json\/wp\/v2\/product_tag?post=13785"}],"curies":[{"name":"wp","href":"https:\/\/api.w.org\/{rel}","templated":true}]}}