{"id":11544,"date":"2017-09-07T19:34:17","date_gmt":"2017-09-07T22:34:17","guid":{"rendered":"https:\/\/alphamodasocial.com.br\/shop\/?post_type=product&#038;p=11544"},"modified":"2025-06-21T13:50:45","modified_gmt":"2025-06-21T16:50:45","slug":"camisa-social-feminina-personalizada-kit-20-pcs","status":"publish","type":"product","link":"https:\/\/alphamodasocial.com.br\/shop\/produto\/camisa-social-feminina-personalizada-kit-20-pcs\/","title":{"rendered":"Camisa B\u00e1sica branca, preta e outras cores modelo Social Feminina Personalizada para uniformes &#8211; Kit c\/ 20 p\u00e7s"},"content":{"rendered":"<p><b><strong>Camisa B\u00e1sica branca, preta e outras cores modelo Social Feminina Personalizada para uniformes \u2013 kit com 20 p\u00e7s<\/strong><\/b><\/p>\n<p><strong>Ap\u00f3s a compra envie a sua arte para deixarmos as suas camisas personalizadas com o seu logotipo.<\/strong><\/p>\n<p><strong>As 4 p\u00e7s camisas tem que ser na mesma cor<\/strong><\/p>\n<p>Composi\u00e7\u00e3o: 28% Algod\u00e3o 67% poli\u00e9ster 5% elastano<br \/>\nTecido: Poplin<br \/>\nVista com bot\u00f5es<br \/>\nManga Curta<br \/>\nTamanhos PP ao EXG<br \/>\nPOPLIN \u2013 \u00e9 uma Popeline desenvolvida com fios de algod\u00e3o e microfibra de poli\u00e9ster com elastano. Atrav\u00e9s de um acabamento especial, apresenta visual e toque diferenciados de seus similares. \u00c9 utilizado no segmento feminino de moda e uniformes.<\/p>\n<p><strong>TEMPO DE PROCESSAMENTO DE ENTREGA 25 a 35 DIAS \u00daTEIS (RECEBIMENTO DO PAGAMENTO, SEPARA\u00c7\u00c3O, CONFER\u00caNCIA, EMBALAGEM E ENVIO) MAIS O PRAZO ESTIPULADO PELOS CORREIOS.<\/strong><br \/>\n<strong>O PRAZO COME\u00c7AR\u00c1 A CONTAR A PARTIR DA APROVA\u00c7\u00c3O DO PEDIDO COM TAMANHOS, COR, MODELO E SIMULA\u00c7\u00c3O J\u00c1 DEFINIDOS.<\/strong><\/p>\n<p>Pe\u00e7a um or\u00e7amento agora e transforme o uniforme da sua empresa em um marketing poderoso!<\/p>\n<p><a href=\"https:\/\/wa.me\/551531911606?text=Ol\u00e1,%20vim%20do%20site%20Unialpha%20Uniformes\" target=\"_blank\" rel=\"noopener\"><img decoding=\"async\" loading=\"lazy\" class=\"wp-image-31717\" src=\"https:\/\/unialphauniformes.com.br\/wp-content\/uploads\/2023\/09\/download.png\" alt=\"contato unialpha uniformes profissionais\" width=\"128\" height=\"49\" \/><\/a><\/p>\n<p>Para maiores quantidades e personalizados com bordado, solicite or\u00e7amento atrav\u00e9s dos nossos contatos.<\/p>\n<p>Alguns modelos de camisas n\u00e3o devem jamais ficar de fora guarda-roupa feminino, \u00e9 o caso caso da camisa. A camisa feminina de manga longa, manga curta, manga 3\/4 e regata s\u00e3o muito charmosas, pois, ela pode ser usada tanto de dia para trabalhar, quanto a noite a algum evento que requer mais sofistica\u00e7\u00e3o e eleg\u00e2ncia. Combine com cal\u00e7a social feminina para ir ao trabalho ou at\u00e9 mesmo uma bermuda social feminina para algum evento noturno e descontra\u00eddo. Aproveite!!!<\/p>\n<p>&nbsp;<\/p>\n","protected":false},"excerpt":{"rendered":"<p>&nbsp;<\/p>\n<p><strong><img decoding=\"async\" loading=\"lazy\" class=\"wp-image-28455 alignleft\" src=\"https:\/\/unialphauniformes.com.br\/wp-content\/uploads\/2022\/06\/c585d7e96a7eaf3f1ecd1297d4593ce9.jpg\" alt=\"\" width=\"93\" height=\"93\" \/><\/strong><\/p>\n<p><strong>FAZEMOS SEU UNIFORME NA COR QUE VOC\u00ca IMAGINAR<\/strong><\/p>\n<p>&nbsp;<\/p>\n<p><strong>Compre agora e nos envie as informa\u00e7\u00f5es abaixo nesse whatsapp<a href=\"https:\/\/wa.me\/551531911606?text=Ol\u00e1,%20vim%20do%20site%20alpha%20Uniformes\" target=\"_blank\" rel=\"noopener\"><img decoding=\"async\" loading=\"lazy\" class=\"alignnone wp-image-28466\" src=\"https:\/\/unialphauniformes.com.br\/wp-content\/uploads\/2022\/06\/ec17f4c55c8cc534d8b12ea2181a0b73.jpg\" alt=\"\" width=\"17\" height=\"17\" \/><\/a> <\/strong><br \/>\n&#8211; O logo da sua empresa<br \/>\n&#8211; Combina\u00e7\u00e3o de cores que deseja conforme cat\u00e1logos em anexo<br \/>\n&#8211; Quantidades de pe\u00e7as por tamanho e sexo<\/p>\n","protected":false},"featured_media":11546,"template":"","meta":{"_monsterinsights_skip_tracking":false,"_monsterinsights_sitenote_active":false,"_monsterinsights_sitenote_note":"","_monsterinsights_sitenote_category":0},"product_cat":[703,232],"product_tag":[1289,1290],"_links":{"self":[{"href":"https:\/\/alphamodasocial.com.br\/shop\/wp-json\/wp\/v2\/product\/11544"}],"collection":[{"href":"https:\/\/alphamodasocial.com.br\/shop\/wp-json\/wp\/v2\/product"}],"about":[{"href":"https:\/\/alphamodasocial.com.br\/shop\/wp-json\/wp\/v2\/types\/product"}],"wp:featuredmedia":[{"embeddable":true,"href":"https:\/\/alphamodasocial.com.br\/shop\/wp-json\/wp\/v2\/media\/11546"}],"wp:attachment":[{"href":"https:\/\/alphamodasocial.com.br\/shop\/wp-json\/wp\/v2\/media?parent=11544"}],"wp:term":[{"taxonomy":"product_cat","embeddable":true,"href":"https:\/\/alphamodasocial.com.br\/shop\/wp-json\/wp\/v2\/product_cat?post=11544"},{"taxonomy":"product_tag","embeddable":true,"href":"https:\/\/alphamodasocial.com.br\/shop\/wp-json\/wp\/v2\/product_tag?post=11544"}],"curies":[{"name":"wp","href":"https:\/\/api.w.org\/{rel}","templated":true}]}}