{"id":10573,"date":"2017-09-03T13:13:38","date_gmt":"2017-09-03T16:13:38","guid":{"rendered":"https:\/\/alphamodasocial.com.br\/shop\/?post_type=product&#038;p=10573"},"modified":"2025-06-21T17:10:15","modified_gmt":"2025-06-21T20:10:15","slug":"jaleco-feminino-gola-esporte-tecido-gabardine-kit-20-pcs","status":"publish","type":"product","link":"https:\/\/alphamodasocial.com.br\/shop\/produto\/jaleco-feminino-gola-esporte-tecido-gabardine-kit-20-pcs\/","title":{"rendered":"Jaleco Feminino manga longa Gola Esporte &#8211; Tecido Gabardine &#8211; kit 20 p\u00e7s"},"content":{"rendered":"<p><strong>Jaleco Feminino Gola Esporte &#8211; Tecido Gabardine &#8211; kit 20 p\u00e7s<\/strong><\/p>\n<p>Composi\u00e7\u00e3o: 100% poli\u00e9ster<br \/>\nTecido: Gabardine<br \/>\nTecido Resistente, toque de seda, tecido nobre, n\u00e3o amassa, \u00f3timo caimento.<br \/>\nGola Esporte<br \/>\nVista com bot\u00f5es embutidos<br \/>\nManga Longa<br \/>\nTamanhos PP ao EG<br \/>\n<strong>TEMPO DE PROCESSAMENTO DE ENTREGA 25 a 35 DIAS \u00daTEIS (RECEBIMENTO DO PAGAMENTO, SEPARA\u00c7\u00c3O, CONFER\u00caNCIA, EMBALAGEM E ENVIO) MAIS O PRAZO ESTIPULADO PELOS CORREIOS.<\/strong><br \/>\n<strong>O PRAZO COME\u00c7AR\u00c1 A CONTAR A PARTIR DA APROVA\u00c7\u00c3O DO PEDIDO COM TAMANHOS, COR, MODELO E SIMULA\u00c7\u00c3O J\u00c1 DEFINIDOS.<\/strong><\/p>\n<p>Pe\u00e7a um or\u00e7amento agora e transforme o uniforme da sua empresa em um marketing poderoso!<\/p>\n<p><a href=\"https:\/\/wa.me\/551531911606?text=Ol\u00e1,%20vim%20do%20site%20Unialpha%20Uniformes\" target=\"_blank\" rel=\"noopener\"><img decoding=\"async\" loading=\"lazy\" class=\"wp-image-31717\" src=\"https:\/\/unialphauniformes.com.br\/wp-content\/uploads\/2023\/09\/download.png\" alt=\"contato unialpha uniformes profissionais\" width=\"128\" height=\"49\" \/><\/a><\/p>\n<p><a href=\"https:\/\/alphamodasocial.com.br\/shop\/contato\/\">Para maiores quantidades e personalizados com bordado, solicite or\u00e7amento atrav\u00e9s dos nossos contatos, clique aqui<\/a><\/p>\n<p><img decoding=\"async\" loading=\"lazy\" class=\"alignnone size-full wp-image-18273\" src=\"https:\/\/alphamodasocial.com.br\/shop\/wp-content\/uploads\/2020\/04\/Medidas-Jaleco-Feminino.jpg\" alt=\"\" width=\"580\" height=\"683\" srcset=\"https:\/\/alphamodasocial.com.br\/shop\/wp-content\/uploads\/2020\/04\/Medidas-Jaleco-Feminino.jpg 580w, https:\/\/alphamodasocial.com.br\/shop\/wp-content\/uploads\/2020\/04\/Medidas-Jaleco-Feminino-255x300.jpg 255w\" sizes=\"(max-width: 580px) 100vw, 580px\" \/><\/p>\n<p>O jaleco ou avental feminino tem a fun\u00e7\u00e3o muito importante de proteger as roupas e o pr\u00f3prio corpo do seu usu\u00e1rio.<\/p>\n<p>Para as mulheres esses jalecos ou aventais possuem uma modelagem toda acinturada para elas se sentirem elegantes e charmosas mesmo em dias de trabalho.<\/p>\n<p>Nossos Jalecos possuem acabamento especial, as fibras do tecido possuem efici\u00eancia comprovada no seu uso di\u00e1rio prote\u00e7\u00e3o para voc\u00ea e para as pessoas que est\u00e3o a sua volta.<\/p>\n<p>V\u00e1rios profissionais podem usar jalecos:\u00a0\u00a0M\u00e9dicos, farmac\u00eauticos, enfermeiros, fisioterapeutas, psic\u00f3logos, biom\u00e9dicos, bi\u00f3logos, dentistas, radiologistas, farmac\u00eauticos, fonoaudi\u00f3logos, nutricionistas, veterin\u00e1rios e outros profissionais da \u00e1rea da pesquisa e sa\u00fade. Tamb\u00e9m \u00e9 indicado para profissionais da ind\u00fastria que realizam procedimentos de manipula\u00e7\u00e3o de alimentos ou outros processos que devem manter-se imunes de infec\u00e7\u00f5es e contamina\u00e7\u00f5es.<\/p>\n<p>Nossos Jalecos podem ser confecionados em outras cores al\u00e9m do branco, temos jaleco azul marinho, cinza, preto, verde, entre outros.<\/p>\n<p>Modelo acinturado com manga longa ou curta. Abotoamento escondido dando a apar\u00eancia de n\u00e3o existirem. Confeccionado com tecidos de \u00f3tima qualidade.<\/p>\n","protected":false},"excerpt":{"rendered":"<p>&nbsp;<\/p>\n<p><strong><img decoding=\"async\" loading=\"lazy\" class=\"wp-image-28455 alignleft\" src=\"https:\/\/unialphauniformes.com.br\/wp-content\/uploads\/2022\/06\/c585d7e96a7eaf3f1ecd1297d4593ce9.jpg\" alt=\"\" width=\"93\" height=\"93\" \/><\/strong><\/p>\n<p><strong>FAZEMOS SEU UNIFORME NA COR QUE VOC\u00ca IMAGINAR<\/strong><\/p>\n<p>&nbsp;<\/p>\n<p><strong>Compre agora e nos envie as informa\u00e7\u00f5es abaixo nesse whatsapp<a href=\"https:\/\/wa.me\/551531911606?text=Ol\u00e1,%20vim%20do%20site%20alpha%20Uniformes\" target=\"_blank\" rel=\"noopener\"><img decoding=\"async\" loading=\"lazy\" class=\"alignnone wp-image-28466\" src=\"https:\/\/unialphauniformes.com.br\/wp-content\/uploads\/2022\/06\/ec17f4c55c8cc534d8b12ea2181a0b73.jpg\" alt=\"\" width=\"17\" height=\"17\" \/><\/a> <\/strong><br \/>\n&#8211; O logo da sua empresa<br \/>\n&#8211; Combina\u00e7\u00e3o de cores que deseja conforme cat\u00e1logos em anexo<br \/>\n&#8211; Quantidades de pe\u00e7as por tamanho e sexo<\/p>\n","protected":false},"featured_media":10547,"template":"","meta":{"_monsterinsights_skip_tracking":false,"_monsterinsights_sitenote_active":false,"_monsterinsights_sitenote_note":"","_monsterinsights_sitenote_category":0},"product_cat":[216],"product_tag":[364],"_links":{"self":[{"href":"https:\/\/alphamodasocial.com.br\/shop\/wp-json\/wp\/v2\/product\/10573"}],"collection":[{"href":"https:\/\/alphamodasocial.com.br\/shop\/wp-json\/wp\/v2\/product"}],"about":[{"href":"https:\/\/alphamodasocial.com.br\/shop\/wp-json\/wp\/v2\/types\/product"}],"wp:featuredmedia":[{"embeddable":true,"href":"https:\/\/alphamodasocial.com.br\/shop\/wp-json\/wp\/v2\/media\/10547"}],"wp:attachment":[{"href":"https:\/\/alphamodasocial.com.br\/shop\/wp-json\/wp\/v2\/media?parent=10573"}],"wp:term":[{"taxonomy":"product_cat","embeddable":true,"href":"https:\/\/alphamodasocial.com.br\/shop\/wp-json\/wp\/v2\/product_cat?post=10573"},{"taxonomy":"product_tag","embeddable":true,"href":"https:\/\/alphamodasocial.com.br\/shop\/wp-json\/wp\/v2\/product_tag?post=10573"}],"curies":[{"name":"wp","href":"https:\/\/api.w.org\/{rel}","templated":true}]}}